{"id":754,"date":"2018-11-19T14:43:50","date_gmt":"2018-11-19T13:43:50","guid":{"rendered":"https:\/\/www.ganil-spiral2.eu\/?page_id=754"},"modified":"2024-04-05T09:36:15","modified_gmt":"2024-04-05T07:36:15","slug":"politique-de-confidentialite","status":"publish","type":"page","link":"https:\/\/www.ganil-spiral2.eu\/fr\/politique-de-confidentialite\/","title":{"rendered":"Politique de confidentialit\u00e9"},"content":{"rendered":"<h4>GANIL<\/h4>\n<p>Laboratoire Commun DRF\/CEA &#8211; IN2P3\/CNRS<br \/>\nBd Henri Becquerel, BP 55027, 14076 CAEN Cedex 05 &#8211; France<br \/>\nT\u00e9l\u00e9phone : +33 2 31 45 46 47<br \/>\nT\u00e9l\u00e9copie : +33 2 31 45 46 65<\/p>\n<p>Directeur de la publication : Patricia Roussel-Chomaz<br \/>\nH\u00e9bergeur : GANIL &#8211; direction[at]ganil.fr<\/p>\n<h4>Protection des informations nominatives<\/h4>\n<p>Ce site web, qui comporte des informations nominatives concernant notamment les personnels du GIE GANIL et de ses partenaires, a fait l&rsquo;objet d&rsquo;une d\u00e9claration aupr\u00e8s de la CNIL (avis n\u00b0 750984). Conform\u00e9ment \u00e0 la loi n\u00b0 78-17 du 6 janvier 1978, relative \u00e0 l&rsquo;Informatique, aux fichiers et aux Libert\u00e9s (articles 38, 39, 40), vous disposez d&rsquo;un droit d&rsquo;acc\u00e8s, de rectification et de suppression des donn\u00e9es vous concernant, en ligne sur ce site. Pour exercer ce droit, vous pouvez vous adresser au webmaster.<\/p>\n<p>L&rsquo;utilisateur trouvera des informations sur ses droits et devoirs et sur la protection des donn\u00e9es individuelles sur le site de la Commission Nationale Informatique et Libert\u00e9s (www.cnil.fr)<\/p>\n<h4>Conditions d&rsquo;utilisation<\/h4>\n<p>Clause de non-responsabilit\u00e9<br \/>\nLa responsabilit\u00e9 du GANIL ne peut, en aucune mani\u00e8re, \u00eatre engag\u00e9e quant au contenu des informations figurant sur ce site ou aux cons\u00e9quences pouvant r\u00e9sulter de leur utilisation ou interpr\u00e9tation.<\/p>\n<p>Propri\u00e9t\u00e9 intellectuelle<br \/>\nLe site du GIE GANIL est une oeuvre de cr\u00e9ation, propri\u00e9t\u00e9 exclusive du GIE GANIL, prot\u00e9g\u00e9 par la l\u00e9gislation fran\u00e7aise et internationale sur le droit de la propri\u00e9t\u00e9 intellectuelle. Aucune reproduction ou repr\u00e9sentation ne peut \u00eatre r\u00e9alis\u00e9e en contravention avec les droits du GIE GANIL issus de la l\u00e9gislation susvis\u00e9e.<\/p>\n<p>Liens hypertextes<br \/>\nLa mise en place de liens hypertextes par des tiers vers des pages ou des documents diffus\u00e9s sur le site du GANIL, est autoris\u00e9e sous r\u00e9serve que les liens ne contreviennent pas aux int\u00e9r\u00eats du GANIL, et, qu&rsquo;ils garantissent la possibilit\u00e9 pour l&rsquo;utilisateur d&rsquo;identifier l&rsquo;origine et l&rsquo;auteur du document.<\/p>\n<h4>Cr\u00e9dits<\/h4>\n<p>Les images utilis\u00e9es pour la r\u00e9alisation de ce site web GANIL sont la propri\u00e9t\u00e9 du GANIL. Toute copie, totale ou partielle, ne peut se faire sans l&rsquo;accord du service communication du GANIL.<\/p>\n<p>Cr\u00e9dits photos : J.M. Enguerrand, M. D\u00e9saunay, J.M. Miroux, P. Lecomte, R. Ferdinand, P.Stroppa\/CNRS\/CEA<\/p>\n","protected":false},"excerpt":{"rendered":"<p>GANIL Laboratoire Commun DRF\/CEA &#8211; IN2P3\/CNRS Bd Henri Becquerel, BP 55027, 14076 CAEN Cedex 05 &#8211; France T\u00e9l\u00e9phone : +33 2 31 45 46 47 T\u00e9l\u00e9copie : +33 2 31 45 46 65 Directeur de la publication : Patricia Roussel-Chomaz H\u00e9bergeur : GANIL &#8211; direction[at]ganil.fr Protection des informations nominatives Ce site web, qui comporte des [&hellip;]<\/p>\n","protected":false},"author":1,"featured_media":0,"parent":0,"menu_order":0,"comment_status":"closed","ping_status":"open","template":"","meta":{"_locale":"fr_FR","_original_post":"3"},"tags":[],"_links":{"self":[{"href":"https:\/\/www.ganil-spiral2.eu\/wp-json\/wp\/v2\/pages\/754"}],"collection":[{"href":"https:\/\/www.ganil-spiral2.eu\/wp-json\/wp\/v2\/pages"}],"about":[{"href":"https:\/\/www.ganil-spiral2.eu\/wp-json\/wp\/v2\/types\/page"}],"author":[{"embeddable":true,"href":"https:\/\/www.ganil-spiral2.eu\/wp-json\/wp\/v2\/users\/1"}],"replies":[{"embeddable":true,"href":"https:\/\/www.ganil-spiral2.eu\/wp-json\/wp\/v2\/comments?post=754"}],"version-history":[{"count":4,"href":"https:\/\/www.ganil-spiral2.eu\/wp-json\/wp\/v2\/pages\/754\/revisions"}],"predecessor-version":[{"id":5875,"href":"https:\/\/www.ganil-spiral2.eu\/wp-json\/wp\/v2\/pages\/754\/revisions\/5875"}],"wp:attachment":[{"href":"https:\/\/www.ganil-spiral2.eu\/wp-json\/wp\/v2\/media?parent=754"}],"wp:term":[{"taxonomy":"post_tag","embeddable":true,"href":"https:\/\/www.ganil-spiral2.eu\/wp-json\/wp\/v2\/tags?post=754"}],"curies":[{"name":"wp","href":"https:\/\/api.w.org\/{rel}","templated":true}]}}