{"id":690,"date":"2018-10-26T14:37:58","date_gmt":"2018-10-26T12:37:58","guid":{"rendered":"https:\/\/www.ganil-spiral2.eu\/?page_id=690"},"modified":"2022-01-12T10:05:06","modified_gmt":"2022-01-12T09:05:06","slug":"materiel-pedagogique","status":"publish","type":"page","link":"https:\/\/www.ganil-spiral2.eu\/fr\/enseignants-et-eleves\/materiel-pedagogique\/","title":{"rendered":"Mat\u00e9riel p\u00e9dagogique"},"content":{"rendered":"<p>Le GANIL, le CEA, le CNRS et certains partenaires du GANIL ont cr\u00e9\u00e9 des contenus sp\u00e9cialement d\u00e9di\u00e9s aux scolaires, qui peuvent \u00eatre utilis\u00e9s en classe :<\/p>\n<p>Le site laradioactivite.com propose des contenus vulgaris\u00e9s : <a href=\"http:\/\/www.laradioactivite.com\/\" target=\"_blank\" rel=\"noopener\">http:\/\/www.laradioactivite.com\/<\/a><\/p>\n<p>D\u00e9couvrir l&rsquo;espace Ressources p\u00e9dagogiques du CEA : <a href=\"http:\/\/www.cea.fr\/comprendre\/enseignants\/Pages\/ressources-pedagogiques.aspx\" target=\"_blank\" rel=\"noopener\">http:\/\/www.cea.fr\/comprendre\/enseignants\/Pages\/ressources-pedagogiques.aspx<\/a><\/p>\n<p>M\u00e9diation scientifique et communication : <a href=\"https:\/\/www.in2p3.cnrs.fr\/fr\/mediation-scientifique-et-communication\" target=\"_blank\" rel=\"noopener\">https:\/\/www.in2p3.cnrs.fr\/fr\/mediation-scientifique-et-communication<\/a><\/p>\n<p>D\u00e9couvrir la plateforme Echosciences Normandie propos\u00e9e par Relais d&rsquo;sciences : <a href=\"https:\/\/www.echosciences-normandie.fr\/\" target=\"_blank\" rel=\"noopener\">https:\/\/www.echosciences-normandie.fr\/<\/a><\/p>\n","protected":false},"excerpt":{"rendered":"<p>Le GANIL, le CEA, le CNRS et certains partenaires du GANIL ont cr\u00e9\u00e9 des contenus sp\u00e9cialement d\u00e9di\u00e9s aux scolaires, qui peuvent \u00eatre utilis\u00e9s en classe : Le site laradioactivite.com propose des contenus vulgaris\u00e9s : http:\/\/www.laradioactivite.com\/ D\u00e9couvrir l&rsquo;espace Ressources p\u00e9dagogiques du CEA : http:\/\/www.cea.fr\/comprendre\/enseignants\/Pages\/ressources-pedagogiques.aspx M\u00e9diation scientifique et communication : https:\/\/www.in2p3.cnrs.fr\/fr\/mediation-scientifique-et-communication D\u00e9couvrir la plateforme Echosciences Normandie propos\u00e9e [&hellip;]<\/p>\n","protected":false},"author":1,"featured_media":0,"parent":275,"menu_order":2,"comment_status":"closed","ping_status":"closed","template":"","meta":{"_locale":"fr_FR","_original_post":"690"},"tags":[],"_links":{"self":[{"href":"https:\/\/www.ganil-spiral2.eu\/wp-json\/wp\/v2\/pages\/690"}],"collection":[{"href":"https:\/\/www.ganil-spiral2.eu\/wp-json\/wp\/v2\/pages"}],"about":[{"href":"https:\/\/www.ganil-spiral2.eu\/wp-json\/wp\/v2\/types\/page"}],"author":[{"embeddable":true,"href":"https:\/\/www.ganil-spiral2.eu\/wp-json\/wp\/v2\/users\/1"}],"replies":[{"embeddable":true,"href":"https:\/\/www.ganil-spiral2.eu\/wp-json\/wp\/v2\/comments?post=690"}],"version-history":[{"count":4,"href":"https:\/\/www.ganil-spiral2.eu\/wp-json\/wp\/v2\/pages\/690\/revisions"}],"predecessor-version":[{"id":4121,"href":"https:\/\/www.ganil-spiral2.eu\/wp-json\/wp\/v2\/pages\/690\/revisions\/4121"}],"up":[{"embeddable":true,"href":"https:\/\/www.ganil-spiral2.eu\/wp-json\/wp\/v2\/pages\/275"}],"wp:attachment":[{"href":"https:\/\/www.ganil-spiral2.eu\/wp-json\/wp\/v2\/media?parent=690"}],"wp:term":[{"taxonomy":"post_tag","embeddable":true,"href":"https:\/\/www.ganil-spiral2.eu\/wp-json\/wp\/v2\/tags?post=690"}],"curies":[{"name":"wp","href":"https:\/\/api.w.org\/{rel}","templated":true}]}}