{"id":685,"date":"2018-10-26T14:35:53","date_gmt":"2018-10-26T12:35:53","guid":{"rendered":"https:\/\/www.ganil-spiral2.eu\/?page_id=685"},"modified":"2025-09-03T11:26:40","modified_gmt":"2025-09-03T09:26:40","slug":"visites-du-laboratoires-pour-les-scolaires","status":"publish","type":"page","link":"https:\/\/www.ganil-spiral2.eu\/fr\/enseignants-et-eleves\/visites-du-laboratoires-pour-les-scolaires\/","title":{"rendered":"Visites du laboratoire pour les scolaires"},"content":{"rendered":"<p>Le GANIL accueille des groupes scolaires pour des visites. Le parcours inclut une pr\u00e9sentation g\u00e9n\u00e9rale et une visite des installations. <br \/><br \/>Pour l&rsquo;ann\u00e9e scolaire 2025-2026, les visites auront lieu les lundi et vendredi apr\u00e8s-midi entre mi-d\u00e9cembre 2025 et mi-mars 2026 pour 60 personnes maximum et motiv\u00e9es par un projet p\u00e9dagogique.<\/p>\n<p>Les demandes de visite sont \u00e0 adresser \u00e0 : <a href=\"mailto:visite@ganil.fr\" target=\"_blank\" rel=\"noopener\">visite@ganil.fr<\/a><\/p>\n\n","protected":false},"excerpt":{"rendered":"<p>Le GANIL accueille des groupes scolaires pour des visites. Le parcours inclut une pr\u00e9sentation g\u00e9n\u00e9rale et une visite des installations. Pour l&rsquo;ann\u00e9e scolaire 2025-2026, les visites auront lieu les lundi et vendredi apr\u00e8s-midi entre mi-d\u00e9cembre 2025 et mi-mars 2026 pour 60 personnes maximum et motiv\u00e9es par un projet p\u00e9dagogique. Les demandes de visite sont \u00e0 [&hellip;]<\/p>\n","protected":false},"author":1,"featured_media":0,"parent":275,"menu_order":1,"comment_status":"closed","ping_status":"closed","template":"","meta":{"_locale":"fr_FR","_original_post":"685"},"tags":[],"_links":{"self":[{"href":"https:\/\/www.ganil-spiral2.eu\/wp-json\/wp\/v2\/pages\/685"}],"collection":[{"href":"https:\/\/www.ganil-spiral2.eu\/wp-json\/wp\/v2\/pages"}],"about":[{"href":"https:\/\/www.ganil-spiral2.eu\/wp-json\/wp\/v2\/types\/page"}],"author":[{"embeddable":true,"href":"https:\/\/www.ganil-spiral2.eu\/wp-json\/wp\/v2\/users\/1"}],"replies":[{"embeddable":true,"href":"https:\/\/www.ganil-spiral2.eu\/wp-json\/wp\/v2\/comments?post=685"}],"version-history":[{"count":6,"href":"https:\/\/www.ganil-spiral2.eu\/wp-json\/wp\/v2\/pages\/685\/revisions"}],"predecessor-version":[{"id":6875,"href":"https:\/\/www.ganil-spiral2.eu\/wp-json\/wp\/v2\/pages\/685\/revisions\/6875"}],"up":[{"embeddable":true,"href":"https:\/\/www.ganil-spiral2.eu\/wp-json\/wp\/v2\/pages\/275"}],"wp:attachment":[{"href":"https:\/\/www.ganil-spiral2.eu\/wp-json\/wp\/v2\/media?parent=685"}],"wp:term":[{"taxonomy":"post_tag","embeddable":true,"href":"https:\/\/www.ganil-spiral2.eu\/wp-json\/wp\/v2\/tags?post=685"}],"curies":[{"name":"wp","href":"https:\/\/api.w.org\/{rel}","templated":true}]}}