{"id":666,"date":"2018-10-26T13:30:54","date_gmt":"2018-10-26T11:30:54","guid":{"rendered":"https:\/\/www.ganil-spiral2.eu\/?page_id=666"},"modified":"2019-01-14T17:35:25","modified_gmt":"2019-01-14T16:35:25","slug":"master-erasmus-mundus","status":"publish","type":"page","link":"https:\/\/www.ganil-spiral2.eu\/fr\/emplois\/master-erasmus-mundus\/","title":{"rendered":"Master Erasmus Mundus"},"content":{"rendered":"<p style=\"text-align: justify\">\u00ab\u00a0NucPhys\u00a0\u00bb est master Erasmus+ en deux ans : <em>Erasmus Mundus Joint Master Degree programme in Nuclear Physics<\/em> (120 ECTS).<\/p>\n<p style=\"text-align: justify\">Le programme a \u00e9t\u00e9 lanc\u00e9 en 2017-2018 dans le cadre du projet <em>Erasmus Mundus \/ Erasmus+ Master Course<\/em> de l&rsquo;Union europ\u00e9enne. Il r\u00e9unit un consortium de <strong>8 universit\u00e9s partenaires<\/strong> en Espagne, France et Italie, avec la participation de 20 instituts de recherche et compagnies comme partenaires associ\u00e9s en Espagne, France, Italie, Allemangne et Suisse (CERN).<\/p>\n<p>Le GANIL est un partenaire de ce programme depuis le d\u00e9but.<\/p>\n<p>Pour plus d&rsquo;informations sur le programme ou pour candidater, allez sur le site Internet du master : <a href=\"http:\/\/www.emm-nucphys.eu\/\" target=\"_blank\" rel=\"noopener\">http:\/\/www.emm-nucphys.eu\/<\/a><\/p>\n<p><img loading=\"lazy\" class=\"alignnone wp-image-1148 size-full\" src=\"https:\/\/www.ganil-spiral2.eu\/wp-content\/uploads\/2018\/12\/GANIL-ERASMUS-MUNDUS.png\" alt=\"\" width=\"1097\" height=\"289\" srcset=\"https:\/\/www.ganil-spiral2.eu\/wp-content\/uploads\/2018\/12\/GANIL-ERASMUS-MUNDUS.png 1097w, https:\/\/www.ganil-spiral2.eu\/wp-content\/uploads\/2018\/12\/GANIL-ERASMUS-MUNDUS-300x79.png 300w, https:\/\/www.ganil-spiral2.eu\/wp-content\/uploads\/2018\/12\/GANIL-ERASMUS-MUNDUS-768x202.png 768w, https:\/\/www.ganil-spiral2.eu\/wp-content\/uploads\/2018\/12\/GANIL-ERASMUS-MUNDUS-1024x270.png 1024w\" sizes=\"(max-width: 1097px) 100vw, 1097px\" \/><\/p>\n<p>&nbsp;<\/p>\n","protected":false},"excerpt":{"rendered":"<p>\u00ab\u00a0NucPhys\u00a0\u00bb est master Erasmus+ en deux ans : Erasmus Mundus Joint Master Degree programme in Nuclear Physics (120 ECTS). Le programme a \u00e9t\u00e9 lanc\u00e9 en 2017-2018 dans le cadre du projet Erasmus Mundus \/ Erasmus+ Master Course de l&rsquo;Union europ\u00e9enne. Il r\u00e9unit un consortium de 8 universit\u00e9s partenaires en Espagne, France et Italie, avec la [&hellip;]<\/p>\n","protected":false},"author":1,"featured_media":0,"parent":269,"menu_order":4,"comment_status":"closed","ping_status":"closed","template":"","meta":{"_locale":"fr_FR","_original_post":"666"},"tags":[],"_links":{"self":[{"href":"https:\/\/www.ganil-spiral2.eu\/wp-json\/wp\/v2\/pages\/666"}],"collection":[{"href":"https:\/\/www.ganil-spiral2.eu\/wp-json\/wp\/v2\/pages"}],"about":[{"href":"https:\/\/www.ganil-spiral2.eu\/wp-json\/wp\/v2\/types\/page"}],"author":[{"embeddable":true,"href":"https:\/\/www.ganil-spiral2.eu\/wp-json\/wp\/v2\/users\/1"}],"replies":[{"embeddable":true,"href":"https:\/\/www.ganil-spiral2.eu\/wp-json\/wp\/v2\/comments?post=666"}],"version-history":[{"count":4,"href":"https:\/\/www.ganil-spiral2.eu\/wp-json\/wp\/v2\/pages\/666\/revisions"}],"predecessor-version":[{"id":2211,"href":"https:\/\/www.ganil-spiral2.eu\/wp-json\/wp\/v2\/pages\/666\/revisions\/2211"}],"up":[{"embeddable":true,"href":"https:\/\/www.ganil-spiral2.eu\/wp-json\/wp\/v2\/pages\/269"}],"wp:attachment":[{"href":"https:\/\/www.ganil-spiral2.eu\/wp-json\/wp\/v2\/media?parent=666"}],"wp:term":[{"taxonomy":"post_tag","embeddable":true,"href":"https:\/\/www.ganil-spiral2.eu\/wp-json\/wp\/v2\/tags?post=666"}],"curies":[{"name":"wp","href":"https:\/\/api.w.org\/{rel}","templated":true}]}}