{"id":662,"date":"2018-10-26T13:30:07","date_gmt":"2018-10-26T11:30:07","guid":{"rendered":"https:\/\/www.ganil-spiral2.eu\/?page_id=662"},"modified":"2025-10-24T11:27:41","modified_gmt":"2025-10-24T09:27:41","slug":"doctorat","status":"publish","type":"page","link":"https:\/\/www.ganil-spiral2.eu\/fr\/emplois\/doctorat-et-post-docs\/doctorat\/","title":{"rendered":"Sujets de th\u00e8se 2026"},"content":{"rendered":"<p>\u2022 <strong>\u00c9tude de la fission de l\u2019uranium-235 induite par des neutrons de 0,5 \u00e0 40 MeV \u00e0 NFS-SPIRAL2 avec le spectrom\u00e8tre FALSTAFF et le code FIFRELIN<br \/>\n<\/strong><a href=\"https:\/\/www.ganil-spiral2.eu\/wp-content\/uploads\/2025\/10\/FALSTAFF-2B-thesis2026f.pdf\" target=\"_blank\" rel=\"noopener\">Th\u00e8se en physique nucl\u00e9aire exp\u00e9rimentale<\/a><\/p>\n<p>\u2022 <strong>Target Ion Source System for the Development of the 39Ca+ Beam for the MORA Experiment<br \/>\n<\/strong><a href=\"https:\/\/www.ganil-spiral2.eu\/wp-content\/uploads\/2025\/10\/ACCLAIM-MORA-thesis2026.pdf\" target=\"_blank\" rel=\"noopener\">PhD in\u00a0experimental nuclear physics<\/a><\/p>\n<p>\u2022 <strong>Near-threshold phenomena in nuclear structure and reactions of exotic nuclei<\/strong><br \/>\n<a href=\"https:\/\/www.ganil-spiral2.eu\/wp-content\/uploads\/2025\/10\/GSM-thesis2026.pdf\" target=\"_blank\" rel=\"noopener\">PhD in theoretical nuclear physics<\/a><\/p>\n<p>\u2022 <strong>Explainable state observers and interpretable AI for superconducting accelerators and radioactive isotopes identification<br \/>\n<\/strong><a href=\"https:\/\/www.ganil-spiral2.eu\/wp-content\/uploads\/2025\/10\/AI-SPIRAL-thesis2026.pdf\" target=\"_blank\" rel=\"noreferrer noopener\">PhD in artificial intelligence and accelerator physics<\/a><\/p>\n<p>\u2022 <strong data-rich-text-format-boundary=\"true\">Interpretable Surrogate Modeling of Collective Effects in the FCC-ee High-Energy Booster<\/strong><br data-rich-text-line-break=\"true\" \/><a href=\"https:\/\/www.ganil-spiral2.eu\/wp-content\/uploads\/2025\/10\/AI-FCC-thesis2026.pdf\" target=\"_blank\" rel=\"noreferrer noopener\" data-rich-text-format-boundary=\"true\">PhD in artificial intelligence and accelerator physics<\/a><\/p>\n<p><em>Si vous \u00eates int\u00e9ress\u00e9(e) par une de ces offres, merci d&rsquo;envoyer un e-mail \u00e0 la personne contact avec un CV d\u00e9taill\u00e9 et une lettre de motivation.<\/em><\/p>\n","protected":false},"excerpt":{"rendered":"<p>\u2022 \u00c9tude de la fission de l\u2019uranium-235 induite par des neutrons de 0,5 \u00e0 40 MeV \u00e0 NFS-SPIRAL2 avec le spectrom\u00e8tre FALSTAFF et le code FIFRELIN Th\u00e8se en physique nucl\u00e9aire exp\u00e9rimentale \u2022 Target Ion Source System for the Development of the 39Ca+ Beam for the MORA Experiment PhD in\u00a0experimental nuclear physics \u2022 Near-threshold phenomena in [&hellip;]<\/p>\n","protected":false},"author":1,"featured_media":0,"parent":2551,"menu_order":1,"comment_status":"closed","ping_status":"closed","template":"","meta":{"_locale":"fr_FR","_original_post":"662"},"tags":[],"_links":{"self":[{"href":"https:\/\/www.ganil-spiral2.eu\/wp-json\/wp\/v2\/pages\/662"}],"collection":[{"href":"https:\/\/www.ganil-spiral2.eu\/wp-json\/wp\/v2\/pages"}],"about":[{"href":"https:\/\/www.ganil-spiral2.eu\/wp-json\/wp\/v2\/types\/page"}],"author":[{"embeddable":true,"href":"https:\/\/www.ganil-spiral2.eu\/wp-json\/wp\/v2\/users\/1"}],"replies":[{"embeddable":true,"href":"https:\/\/www.ganil-spiral2.eu\/wp-json\/wp\/v2\/comments?post=662"}],"version-history":[{"count":60,"href":"https:\/\/www.ganil-spiral2.eu\/wp-json\/wp\/v2\/pages\/662\/revisions"}],"predecessor-version":[{"id":7130,"href":"https:\/\/www.ganil-spiral2.eu\/wp-json\/wp\/v2\/pages\/662\/revisions\/7130"}],"up":[{"embeddable":true,"href":"https:\/\/www.ganil-spiral2.eu\/wp-json\/wp\/v2\/pages\/2551"}],"wp:attachment":[{"href":"https:\/\/www.ganil-spiral2.eu\/wp-json\/wp\/v2\/media?parent=662"}],"wp:term":[{"taxonomy":"post_tag","embeddable":true,"href":"https:\/\/www.ganil-spiral2.eu\/wp-json\/wp\/v2\/tags?post=662"}],"curies":[{"name":"wp","href":"https:\/\/api.w.org\/{rel}","templated":true}]}}