{"id":629,"date":"2018-10-26T11:10:40","date_gmt":"2018-10-26T09:10:40","guid":{"rendered":"https:\/\/www.ganil-spiral2.eu\/?page_id=629"},"modified":"2022-11-07T16:13:09","modified_gmt":"2022-11-07T15:13:09","slug":"contact","status":"publish","type":"page","link":"https:\/\/www.ganil-spiral2.eu\/fr\/contact\/","title":{"rendered":"Contact"},"content":{"rendered":"<p>Grand Acc\u00e9l\u00e9rateur National d&rsquo;Ions Lourds<br \/>\nBd Henri Becquerel<br \/>\nBP 55027 &#8211; 14076 CAEN Cedex 05 France<br \/>\nStandard : 33 (0)2.31.45.46.47<br \/>\nT\u00e9l\u00e9copie : 33 (0)2.31.45.46.65<br \/>\n<a href=\"mailto:accueil@ganil.fr\">accueil@ganil.fr<\/a><\/p>\n<p><strong>Si vous avez besoin d&rsquo;aide pour consulter le site merci de nous contacter.<\/strong><\/p>\n<p><iframe style=\"border: 0;\" src=\"https:\/\/www.google.com\/maps\/embed?pb=!1m18!1m12!1m3!1d2606.3879237455562!2d-0.3618609837103519!3d49.21216977932382!2m3!1f0!2f0!3f0!3m2!1i1024!2i768!4f13.1!3m3!1m2!1s0x480a5d4f943a3459%3A0xd836ffac77cf8038!2sGanil!5e0!3m2!1sfr!2sfr!4v1544447757501\" width=\"600\" height=\"450\" frameborder=\"0\" allowfullscreen=\"allowfullscreen\"><\/iframe><\/p>\n<p>L\u2019acc\u00e8s sur le site du GANIL se fait sur avis de rendez-vous. Si, \u00e0 titre professionnel, vous souhaitez rendre visite \u00e0 une personne du GANIL, vous devez au pr\u00e9alable (au minimum deux jours ouvrables avant) pr\u00e9venir votre interlocuteur afin que ce dernier \u00e9tablisse pour vous un avis de rendez-vous. Sans avis de rendez-vous l\u2019acc\u00e8s vous sera refus\u00e9. A votre arriv\u00e9e sur le site, vous devrez vous arr\u00eater sur les parkings pr\u00e9vus \u00e0 cet effet et vous adresser au poste de garde afin d\u2019y prendre un badge visiteur contre remise d\u2019une pi\u00e8ce d\u2019identit\u00e9.<\/p>\n<h3>Comment venir au GANIL ?<\/h3>\n<h4>En voiture<\/h4>\n<p><strong>Depuis Paris, environ 2h30 de trajet en voiture.<br \/>\n<\/strong><\/p>\n<p>Prendre l&rsquo;autoroute A13, suivre ROUEN puis CAEN.<br \/>\nA Caen, continuer sur le \u00ab\u00a0P\u00e9riph\u00e9rique NORD\u00a0\u00bb direction \u00ab\u00a0Caen Centre, Ouistreham, Car-ferry, CHU, CHR\u00a0\u00bb\u2028.<br \/>\nPrendre la sortie 5 \u00ab\u00a0C\u00f4te de Nacre\u00a0\u00bb, direction \u00ab\u00a0Courseulles-Douvres la D\u00e9livrande \u2013 CHU\u00a0\u00bb<\/p>\n<p>P\u00e9age : 24 euros<\/p>\n<p><strong>Depuis Rennes <\/strong><br \/>\nPrendre l&rsquo;A84 direction Caen.<br \/>\nUne fois \u00e0 Caen, suivre \u00ab\u00a0P\u00e9riph\u00e9rique NORD\u00a0\u00bb, direction: \u00ab\u00a0CHU \u2013 Car-ferry\u00a0\u00bb<br \/>\nPrendre la sortir 5: \u00ab\u00a0C\u00f4te de Nacre\u00a0\u00bb, direction: 3 \u00ab\u00a0Caen-Nord &#8211; Douvres la D\u00e9livrande\u00a0\u00bb<\/p>\n<p>Autoroute gratuite.<\/p>\n<p><strong>Depuis Le Havre<\/strong><\/p>\n<p>Traverser Seine via le Pont de Normandie, puis prendre l&rsquo;autoroute A13 direction Caen<br \/>\nUne fois \u00e0 Caen, continuer sur le \u00ab\u00a0P\u00e9riph\u00e9rique Nord\u00a0\u00bb et prendre la sortie 5 \u00ab\u00a0C\u00f4te de Nacre\u00a0\u00bb, direction \u00ab\u00a0Courseulles-Douvres la D\u00e9livrande \u2013 CHU\u00a0\u00bb<\/p>\n<p>P\u00e9age : 10 euros<\/p>\n<h4>En train (depuis Paris)<\/h4>\n<p>Les trains pour Caen partent de la gare Saint Lazare.<br \/>\nA la gare de Caen, prendre le tramway T2, direction: \u00ab\u00a0Campus 2\u00a0\u00bb et descendre \u00e0 l&rsquo;arr\u00eat \u00ab\u00a0C\u00f4te de Nacre\u00a0\u00bb.<\/p>\n<p>Liens utiles<br \/>\nSNCF : <u><a href=\"http:\/\/www.sncf.com\">http:\/\/www.sncf.com<\/a><\/u><br \/>\nRATP : <u><a href=\"http:\/\/www.ratp.fr\">http:\/\/www.ratp.fr<\/a><\/u><br \/>\nService de transports publics de Caen la mer : <u><a href=\"http:\/\/www.twisto.fr\">http:\/\/www.twisto.fr<\/a><\/u><br \/>\n<u><\/u>Compagnie de taxis \u201cTaxi Abeilles\u201d \u00e0 Caen : +33 (0)2 31 52 17 89<\/p>\n<h4>En avion<\/h4>\n<p><strong>Arriv\u00e9e \u00e0 l&rsquo;a\u00e9roport Paris &#8211; Charles de Gaulle<\/strong><\/p>\n<p>Aller jusqu&rsquo;\u00e0 la gare Saint-Lazare en prenant le RER B (jusqu&rsquo;\u00e0 la station Gare du Nord) puis le RER E.<\/p>\n<p>Ensuite suivre les instruction ci-dessus \u00ab\u00a0En train (depuis Paris)\u00a0\u00bb ou \u00ab\u00a0En voiture\u00a0\u00bb.<\/p>\n<p><strong>Arriv\u00e9e \u00e0 l&rsquo;a\u00e9roport Paris &#8211; Orly<br \/>\n<\/strong><\/p>\n<p>Aller jusqu&rsquo;\u00e0 la gare Saint-Lazare en prenant la navette automatique Orlyval puis le RER B (jusqu&rsquo;\u00e0 la station Gare du Nord) puis le RER E.<\/p>\n<p>Ensuite suivre les instruction ci-dessus \u00ab\u00a0En train (depuis Paris)\u00a0\u00bb ou \u00ab\u00a0En voiture\u00a0\u00bb.<\/p>\n<p><strong>Arriv\u00e9e \u00e0 l&rsquo;a\u00e9roport Caen &#8211; Carpiquet <\/strong><br \/>\nConnexions \u00e0 l&rsquo;Europe via Lyon, et avec le reste du monde via Orly<br \/>\nPrendre le taxi depuis l&rsquo;a\u00e9roport ou le bus (environ 1h de bus) : Bus 3 direction \u201cCarpiquet\u201d jusqu&rsquo;\u00e0 l&rsquo;arr\u00eat \u201cEglise Saint-Jean station\u201d puis le Tramway T2 direction \u201cCampus 2\u201d jusqu&rsquo;\u00e0 l&rsquo;arr\u00eat \u201cC\u00f4te de Nacre\u201d.<\/p>\n<h3>Annuaire du GANIL<\/h3>\n<p><iframe id=\"annuaire\" title=\"Annuaire GANIL\" src=\"https:\/\/u.ganil-spiral2.eu\/pro\/directory\/annuaire.php\" width=\"100%\" height=\"auto\"><br \/>\n<\/iframe><\/p>\n","protected":false},"excerpt":{"rendered":"<p>Grand Acc\u00e9l\u00e9rateur National d&rsquo;Ions Lourds Bd Henri Becquerel BP 55027 &#8211; 14076 CAEN Cedex 05 France Standard : 33 (0)2.31.45.46.47 T\u00e9l\u00e9copie : 33 (0)2.31.45.46.65 accueil@ganil.fr Si vous avez besoin d&rsquo;aide pour consulter le site merci de nous contacter. L\u2019acc\u00e8s sur le site du GANIL se fait sur avis de rendez-vous. Si, \u00e0 titre professionnel, vous [&hellip;]<\/p>\n","protected":false},"author":1,"featured_media":0,"parent":0,"menu_order":6,"comment_status":"closed","ping_status":"closed","template":"","meta":{"_locale":"fr_FR","_original_post":"142"},"tags":[],"_links":{"self":[{"href":"https:\/\/www.ganil-spiral2.eu\/wp-json\/wp\/v2\/pages\/629"}],"collection":[{"href":"https:\/\/www.ganil-spiral2.eu\/wp-json\/wp\/v2\/pages"}],"about":[{"href":"https:\/\/www.ganil-spiral2.eu\/wp-json\/wp\/v2\/types\/page"}],"author":[{"embeddable":true,"href":"https:\/\/www.ganil-spiral2.eu\/wp-json\/wp\/v2\/users\/1"}],"replies":[{"embeddable":true,"href":"https:\/\/www.ganil-spiral2.eu\/wp-json\/wp\/v2\/comments?post=629"}],"version-history":[{"count":11,"href":"https:\/\/www.ganil-spiral2.eu\/wp-json\/wp\/v2\/pages\/629\/revisions"}],"predecessor-version":[{"id":4615,"href":"https:\/\/www.ganil-spiral2.eu\/wp-json\/wp\/v2\/pages\/629\/revisions\/4615"}],"wp:attachment":[{"href":"https:\/\/www.ganil-spiral2.eu\/wp-json\/wp\/v2\/media?parent=629"}],"wp:term":[{"taxonomy":"post_tag","embeddable":true,"href":"https:\/\/www.ganil-spiral2.eu\/wp-json\/wp\/v2\/tags?post=629"}],"curies":[{"name":"wp","href":"https:\/\/api.w.org\/{rel}","templated":true}]}}