{"id":6114,"date":"2024-07-15T11:29:48","date_gmt":"2024-07-15T09:29:48","guid":{"rendered":"https:\/\/www.ganil-spiral2.eu\/?page_id=6114"},"modified":"2024-07-15T11:29:48","modified_gmt":"2024-07-15T09:29:48","slug":"presse","status":"publish","type":"page","link":"https:\/\/www.ganil-spiral2.eu\/fr\/press\/presse\/","title":{"rendered":"Presse"},"content":{"rendered":"\n<p>Merci de contacter <a href=\"mailto:communication@ganil.fr\">communication@ganil.fr<\/a><\/p>\n<p>Si vous souhaitez r\u00e9diger un article en lien avec les activit\u00e9s du GANIL, n&rsquo;h\u00e9sitez pas \u00e0\u00a0 nous contacter via cet email. Des interviews t\u00e9l\u00e9phoniques ou r\u00e9unions peuvent \u00eatre organis\u00e9es en fonction du sujet de votre article.<\/p>\n<p>Des photos peuvent \u00eatre mises \u00e0 disposition des journalistes, sous r\u00e9server de mentionner le cr\u00e9dit qui vous sera pr\u00e9cis\u00e9. Un extrait des photos est disponible ci-dessous.<\/p>\n\n\t\t<style type=\"text\/css\">\n\t\t\t#gallery-1 {\n\t\t\t\tmargin: auto;\n\t\t\t}\n\t\t\t#gallery-1 .gallery-item {\n\t\t\t\tfloat: left;\n\t\t\t\tmargin-top: 10px;\n\t\t\t\ttext-align: center;\n\t\t\t\twidth: 50%;\n\t\t\t}\n\t\t\t#gallery-1 img {\n\t\t\t\tborder: 2px solid #cfcfcf;\n\t\t\t}\n\t\t\t#gallery-1 .gallery-caption {\n\t\t\t\tmargin-left: 0;\n\t\t\t}\n\t\t\t\/* see gallery_shortcode() in wp-includes\/media.php *\/\n\t\t<\/style>\n\t\t<div id='gallery-1' class='gallery galleryid-6114 gallery-columns-2 gallery-size-thumbnail'><dl class='gallery-item'>\n\t\t\t<dt class='gallery-icon landscape'>\n\t\t\t\t<a href='https:\/\/www.ganil-spiral2.eu\/wp-content\/uploads\/2019\/06\/STR6778-CEA_Stroppa.jpg'><img width=\"400\" height=\"200\" src=\"https:\/\/www.ganil-spiral2.eu\/wp-content\/uploads\/2019\/06\/STR6778-CEA_Stroppa-400x200.jpg\" class=\"attachment-thumbnail size-thumbnail\" alt=\"\" loading=\"lazy\" aria-describedby=\"gallery-1-2580\" \/><\/a>\n\t\t\t<\/dt>\n\t\t\t\t<dd class='wp-caption-text gallery-caption' id='gallery-1-2580'>\n\t\t\t\tCyclotrons accelarators at GANIL \u00a9P.Stroppa\/CEA\n\t\t\t\t<\/dd><\/dl><dl class='gallery-item'>\n\t\t\t<dt class='gallery-icon landscape'>\n\t\t\t\t<a href='https:\/\/www.ganil-spiral2.eu\/wp-content\/uploads\/2019\/06\/STR6892-CEA_Stroppa.jpg'><img width=\"400\" height=\"200\" src=\"https:\/\/www.ganil-spiral2.eu\/wp-content\/uploads\/2019\/06\/STR6892-CEA_Stroppa-400x200.jpg\" class=\"attachment-thumbnail size-thumbnail\" alt=\"\" loading=\"lazy\" aria-describedby=\"gallery-1-2582\" \/><\/a>\n\t\t\t<\/dt>\n\t\t\t\t<dd class='wp-caption-text gallery-caption' id='gallery-1-2582'>\n\t\t\t\tCyclotrons accelarators at GANIL \u00a9P.Stroppa\/CEA\n\t\t\t\t<\/dd><\/dl><br style=\"clear: both\" \/><dl class='gallery-item'>\n\t\t\t<dt class='gallery-icon landscape'>\n\t\t\t\t<a href='https:\/\/www.ganil-spiral2.eu\/wp-content\/uploads\/2019\/06\/STR6763-2-CEA_Stroppa.jpg'><img width=\"400\" height=\"200\" src=\"https:\/\/www.ganil-spiral2.eu\/wp-content\/uploads\/2019\/06\/STR6763-2-CEA_Stroppa-400x200.jpg\" class=\"attachment-thumbnail size-thumbnail\" alt=\"\" loading=\"lazy\" aria-describedby=\"gallery-1-2579\" \/><\/a>\n\t\t\t<\/dt>\n\t\t\t\t<dd class='wp-caption-text gallery-caption' id='gallery-1-2579'>\n\t\t\t\tCyclotrons accelarators at GANIL \u00a9P.Stroppa\/CEA\n\t\t\t\t<\/dd><\/dl><dl class='gallery-item'>\n\t\t\t<dt class='gallery-icon landscape'>\n\t\t\t\t<a href='https:\/\/www.ganil-spiral2.eu\/wp-content\/uploads\/2019\/06\/STR6749-CEA_Stroppa.jpg'><img width=\"400\" height=\"200\" src=\"https:\/\/www.ganil-spiral2.eu\/wp-content\/uploads\/2019\/06\/STR6749-CEA_Stroppa-400x200.jpg\" class=\"attachment-thumbnail size-thumbnail\" alt=\"\" loading=\"lazy\" aria-describedby=\"gallery-1-2578\" \/><\/a>\n\t\t\t<\/dt>\n\t\t\t\t<dd class='wp-caption-text gallery-caption' id='gallery-1-2578'>\n\t\t\t\tCyclotrons accelarators at GANIL \u00a9P.Stroppa\/CEA\n\t\t\t\t<\/dd><\/dl><br style=\"clear: both\" \/><dl class='gallery-item'>\n\t\t\t<dt class='gallery-icon landscape'>\n\t\t\t\t<a href='https:\/\/www.ganil-spiral2.eu\/wp-content\/uploads\/2019\/03\/STR6827-CEAStroppa-small.jpg'><img width=\"400\" height=\"200\" src=\"https:\/\/www.ganil-spiral2.eu\/wp-content\/uploads\/2019\/03\/STR6827-CEAStroppa-small-400x200.jpg\" class=\"attachment-thumbnail size-thumbnail\" alt=\"L&#039;ensemble acc\u00e9l\u00e9rateur cyclotrons du GANIL\" loading=\"lazy\" aria-describedby=\"gallery-1-2462\" \/><\/a>\n\t\t\t<\/dt>\n\t\t\t\t<dd class='wp-caption-text gallery-caption' id='gallery-1-2462'>\n\t\t\t\tCyclotrons accelarators at GANIL \u00a9P.Stroppa\/CEA\n\t\t\t\t<\/dd><\/dl>\n\t\t\t<br style='clear: both' \/>\n\t\t<\/div>\n\n\n\t\t<style type=\"text\/css\">\n\t\t\t#gallery-2 {\n\t\t\t\tmargin: auto;\n\t\t\t}\n\t\t\t#gallery-2 .gallery-item {\n\t\t\t\tfloat: left;\n\t\t\t\tmargin-top: 10px;\n\t\t\t\ttext-align: center;\n\t\t\t\twidth: 50%;\n\t\t\t}\n\t\t\t#gallery-2 img {\n\t\t\t\tborder: 2px solid #cfcfcf;\n\t\t\t}\n\t\t\t#gallery-2 .gallery-caption {\n\t\t\t\tmargin-left: 0;\n\t\t\t}\n\t\t\t\/* see gallery_shortcode() in wp-includes\/media.php *\/\n\t\t<\/style>\n\t\t<div id='gallery-2' class='gallery galleryid-6114 gallery-columns-2 gallery-size-thumbnail'><dl class='gallery-item'>\n\t\t\t<dt class='gallery-icon landscape'>\n\t\t\t\t<a href='https:\/\/www.ganil-spiral2.eu\/wp-content\/uploads\/2019\/06\/STR5472-CEA_Stroppa.jpg'><img width=\"400\" height=\"200\" src=\"https:\/\/www.ganil-spiral2.eu\/wp-content\/uploads\/2019\/06\/STR5472-CEA_Stroppa-400x200.jpg\" class=\"attachment-thumbnail size-thumbnail\" alt=\"\" loading=\"lazy\" aria-describedby=\"gallery-2-2574\" \/><\/a>\n\t\t\t<\/dt>\n\t\t\t\t<dd class='wp-caption-text gallery-caption' id='gallery-2-2574'>\n\t\t\t\tFAZIA and INDRA detectors used in nuclear physics experiments \u00a9P.Stroppa\/CEA\n\t\t\t\t<\/dd><\/dl><dl class='gallery-item'>\n\t\t\t<dt class='gallery-icon landscape'>\n\t\t\t\t<a href='https:\/\/www.ganil-spiral2.eu\/wp-content\/uploads\/2019\/06\/STR5352-CEA_Stroppa.jpg'><img width=\"400\" height=\"200\" src=\"https:\/\/www.ganil-spiral2.eu\/wp-content\/uploads\/2019\/06\/STR5352-CEA_Stroppa-400x200.jpg\" class=\"attachment-thumbnail size-thumbnail\" alt=\"\" loading=\"lazy\" aria-describedby=\"gallery-2-2573\" \/><\/a>\n\t\t\t<\/dt>\n\t\t\t\t<dd class='wp-caption-text gallery-caption' id='gallery-2-2573'>\n\t\t\t\tFAZIA and INDRA detectors used in nuclear physics experiments \u00a9P.Stroppa\/CEA\n\t\t\t\t<\/dd><\/dl><br style=\"clear: both\" \/><dl class='gallery-item'>\n\t\t\t<dt class='gallery-icon landscape'>\n\t\t\t\t<a href='https:\/\/www.ganil-spiral2.eu\/wp-content\/uploads\/2019\/06\/STR5334-CEA_Stroppa.jpg'><img width=\"400\" height=\"200\" src=\"https:\/\/www.ganil-spiral2.eu\/wp-content\/uploads\/2019\/06\/STR5334-CEA_Stroppa-400x200.jpg\" class=\"attachment-thumbnail size-thumbnail\" alt=\"\" loading=\"lazy\" aria-describedby=\"gallery-2-2572\" \/><\/a>\n\t\t\t<\/dt>\n\t\t\t\t<dd class='wp-caption-text gallery-caption' id='gallery-2-2572'>\n\t\t\t\tFAZIA and INDRA detectors used in nuclear physics experiments \u00a9P.Stroppa\/CEA\n\t\t\t\t<\/dd><\/dl><dl class='gallery-item'>\n\t\t\t<dt class='gallery-icon landscape'>\n\t\t\t\t<a href='https:\/\/www.ganil-spiral2.eu\/wp-content\/uploads\/2019\/05\/STR5371-small.jpg'><img width=\"400\" height=\"200\" src=\"https:\/\/www.ganil-spiral2.eu\/wp-content\/uploads\/2019\/05\/STR5371-small-400x200.jpg\" class=\"attachment-thumbnail size-thumbnail\" alt=\"Les multi-d\u00e9tecteurs INDRA et FAZIA utilis\u00e9s pour des exp\u00e9riences de physique nucl\u00e9aire au GANIL\" loading=\"lazy\" aria-describedby=\"gallery-2-2520\" \/><\/a>\n\t\t\t<\/dt>\n\t\t\t\t<dd class='wp-caption-text gallery-caption' id='gallery-2-2520'>\n\t\t\t\tFAZIA and INDRA detectors used in nuclear physics experiments \u00a9P.Stroppa\/CEA\n\t\t\t\t<\/dd><\/dl><br style=\"clear: both\" \/>\n\t\t<\/div>\n\n\n\t\t<style type=\"text\/css\">\n\t\t\t#gallery-3 {\n\t\t\t\tmargin: auto;\n\t\t\t}\n\t\t\t#gallery-3 .gallery-item {\n\t\t\t\tfloat: left;\n\t\t\t\tmargin-top: 10px;\n\t\t\t\ttext-align: center;\n\t\t\t\twidth: 50%;\n\t\t\t}\n\t\t\t#gallery-3 img {\n\t\t\t\tborder: 2px solid #cfcfcf;\n\t\t\t}\n\t\t\t#gallery-3 .gallery-caption {\n\t\t\t\tmargin-left: 0;\n\t\t\t}\n\t\t\t\/* see gallery_shortcode() in wp-includes\/media.php *\/\n\t\t<\/style>\n\t\t<div id='gallery-3' class='gallery galleryid-6114 gallery-columns-2 gallery-size-thumbnail'><dl class='gallery-item'>\n\t\t\t<dt class='gallery-icon portrait'>\n\t\t\t\t<a href='https:\/\/www.ganil-spiral2.eu\/wp-content\/uploads\/2019\/06\/STR4924-CEA_Stroppa.jpg'><img width=\"222\" height=\"200\" src=\"https:\/\/www.ganil-spiral2.eu\/wp-content\/uploads\/2019\/06\/STR4924-CEA_Stroppa-222x200.jpg\" class=\"attachment-thumbnail size-thumbnail\" alt=\"\" loading=\"lazy\" aria-describedby=\"gallery-3-2568\" \/><\/a>\n\t\t\t<\/dt>\n\t\t\t\t<dd class='wp-caption-text gallery-caption' id='gallery-3-2568'>\n\t\t\t\tACTAR TPC detector used in nuclear physics experiments \u00a9P.Stroppa\/CEA\n\t\t\t\t<\/dd><\/dl><dl class='gallery-item'>\n\t\t\t<dt class='gallery-icon portrait'>\n\t\t\t\t<a href='https:\/\/www.ganil-spiral2.eu\/wp-content\/uploads\/2019\/06\/STR4944-CEA_Stroppa.jpg'><img width=\"222\" height=\"200\" src=\"https:\/\/www.ganil-spiral2.eu\/wp-content\/uploads\/2019\/06\/STR4944-CEA_Stroppa-222x200.jpg\" class=\"attachment-thumbnail size-thumbnail\" alt=\"\" loading=\"lazy\" aria-describedby=\"gallery-3-2569\" \/><\/a>\n\t\t\t<\/dt>\n\t\t\t\t<dd class='wp-caption-text gallery-caption' id='gallery-3-2569'>\n\t\t\t\tACTAR TPC detector used in nuclear physics experiments \u00a9P.Stroppa\/CEA\n\t\t\t\t<\/dd><\/dl><br style=\"clear: both\" \/><dl class='gallery-item'>\n\t\t\t<dt class='gallery-icon landscape'>\n\t\t\t\t<a href='https:\/\/www.ganil-spiral2.eu\/wp-content\/uploads\/2019\/06\/STR4990-CEA_Stroppa.jpg'><img width=\"400\" height=\"200\" src=\"https:\/\/www.ganil-spiral2.eu\/wp-content\/uploads\/2019\/06\/STR4990-CEA_Stroppa-400x200.jpg\" class=\"attachment-thumbnail size-thumbnail\" alt=\"\" loading=\"lazy\" aria-describedby=\"gallery-3-2570\" \/><\/a>\n\t\t\t<\/dt>\n\t\t\t\t<dd class='wp-caption-text gallery-caption' id='gallery-3-2570'>\n\t\t\t\tACTAR TPC detector used in nuclear physics experiments \u00a9P.Stroppa\/CEA\n\t\t\t\t<\/dd><\/dl><dl class='gallery-item'>\n\t\t\t<dt class='gallery-icon landscape'>\n\t\t\t\t<a href='https:\/\/www.ganil-spiral2.eu\/wp-content\/uploads\/2019\/06\/STR4885-CEA_Stroppa.jpg'><img width=\"400\" height=\"200\" src=\"https:\/\/www.ganil-spiral2.eu\/wp-content\/uploads\/2019\/06\/STR4885-CEA_Stroppa-400x200.jpg\" class=\"attachment-thumbnail size-thumbnail\" alt=\"Le d\u00e9tecteur ACTAR TPC utilis\u00e9s pour des exp\u00e9riences de physique nucl\u00e9aire au GANIL\" loading=\"lazy\" aria-describedby=\"gallery-3-2567\" \/><\/a>\n\t\t\t<\/dt>\n\t\t\t\t<dd class='wp-caption-text gallery-caption' id='gallery-3-2567'>\n\t\t\t\tACTAR TPC detector used in nuclear physics experiments \u00a9P.Stroppa\/CEA\n\t\t\t\t<\/dd><\/dl><br style=\"clear: both\" \/>\n\t\t<\/div>\n\n\n\t\t<style type=\"text\/css\">\n\t\t\t#gallery-4 {\n\t\t\t\tmargin: auto;\n\t\t\t}\n\t\t\t#gallery-4 .gallery-item {\n\t\t\t\tfloat: left;\n\t\t\t\tmargin-top: 10px;\n\t\t\t\ttext-align: center;\n\t\t\t\twidth: 50%;\n\t\t\t}\n\t\t\t#gallery-4 img {\n\t\t\t\tborder: 2px solid #cfcfcf;\n\t\t\t}\n\t\t\t#gallery-4 .gallery-caption {\n\t\t\t\tmargin-left: 0;\n\t\t\t}\n\t\t\t\/* see gallery_shortcode() in wp-includes\/media.php *\/\n\t\t<\/style>\n\t\t<div id='gallery-4' class='gallery galleryid-6114 gallery-columns-2 gallery-size-thumbnail'><dl class='gallery-item'>\n\t\t\t<dt class='gallery-icon portrait'>\n\t\t\t\t<a href='https:\/\/www.ganil-spiral2.eu\/wp-content\/uploads\/2019\/06\/STR6458-CEA_Stroppa.jpg'><img width=\"222\" height=\"200\" src=\"https:\/\/www.ganil-spiral2.eu\/wp-content\/uploads\/2019\/06\/STR6458-CEA_Stroppa-222x200.jpg\" class=\"attachment-thumbnail size-thumbnail\" alt=\"\" loading=\"lazy\" aria-describedby=\"gallery-4-2576\" \/><\/a>\n\t\t\t<\/dt>\n\t\t\t\t<dd class='wp-caption-text gallery-caption' id='gallery-4-2576'>\n\t\t\t\tSPIRAL2 supraconducting accelerator at GANIL \u00a9P.Stroppa\/CEA\n\t\t\t\t<\/dd><\/dl><dl class='gallery-item'>\n\t\t\t<dt class='gallery-icon landscape'>\n\t\t\t\t<a href='https:\/\/www.ganil-spiral2.eu\/wp-content\/uploads\/2019\/06\/STR6569-CEA_Stroppa.jpg'><img width=\"400\" height=\"200\" src=\"https:\/\/www.ganil-spiral2.eu\/wp-content\/uploads\/2019\/06\/STR6569-CEA_Stroppa-400x200.jpg\" class=\"attachment-thumbnail size-thumbnail\" alt=\"\" loading=\"lazy\" aria-describedby=\"gallery-4-2577\" \/><\/a>\n\t\t\t<\/dt>\n\t\t\t\t<dd class='wp-caption-text gallery-caption' id='gallery-4-2577'>\n\t\t\t\tSPIRAL2 supraconducting accelerator at GANIL \u00a9P.Stroppa\/CEA\n\t\t\t\t<\/dd><\/dl><br style=\"clear: both\" \/><dl class='gallery-item'>\n\t\t\t<dt class='gallery-icon portrait'>\n\t\t\t\t<a href='https:\/\/www.ganil-spiral2.eu\/wp-content\/uploads\/2019\/06\/STR6396-CEA_Stroppa.jpg'><img width=\"222\" height=\"200\" src=\"https:\/\/www.ganil-spiral2.eu\/wp-content\/uploads\/2019\/06\/STR6396-CEA_Stroppa-222x200.jpg\" class=\"attachment-thumbnail size-thumbnail\" alt=\"L&#039;acc\u00e9l\u00e9rateur supraconducteur SPIRAL2 au GANIL \u00a9P.Stroppa\/CEA\" loading=\"lazy\" aria-describedby=\"gallery-4-2575\" \/><\/a>\n\t\t\t<\/dt>\n\t\t\t\t<dd class='wp-caption-text gallery-caption' id='gallery-4-2575'>\n\t\t\t\tSPIRAL2 supraconducting accelerator at GANIL \u00a9P.Stroppa\/CEA\n\t\t\t\t<\/dd><\/dl>\n\t\t\t<br style='clear: both' \/>\n\t\t<\/div>\n\n\n\t\t<style type=\"text\/css\">\n\t\t\t#gallery-5 {\n\t\t\t\tmargin: auto;\n\t\t\t}\n\t\t\t#gallery-5 .gallery-item {\n\t\t\t\tfloat: left;\n\t\t\t\tmargin-top: 10px;\n\t\t\t\ttext-align: center;\n\t\t\t\twidth: 50%;\n\t\t\t}\n\t\t\t#gallery-5 img {\n\t\t\t\tborder: 2px solid #cfcfcf;\n\t\t\t}\n\t\t\t#gallery-5 .gallery-caption {\n\t\t\t\tmargin-left: 0;\n\t\t\t}\n\t\t\t\/* see gallery_shortcode() in wp-includes\/media.php *\/\n\t\t<\/style>\n\t\t<div id='gallery-5' class='gallery galleryid-6114 gallery-columns-2 gallery-size-thumbnail'><dl class='gallery-item'>\n\t\t\t<dt class='gallery-icon portrait'>\n\t\t\t\t<a href='https:\/\/www.ganil-spiral2.eu\/wp-content\/uploads\/2019\/06\/STR4448-CEA_Stroppa.jpg'><img width=\"222\" height=\"200\" src=\"https:\/\/www.ganil-spiral2.eu\/wp-content\/uploads\/2019\/06\/STR4448-CEA_Stroppa-222x200.jpg\" class=\"attachment-thumbnail size-thumbnail\" alt=\"\" loading=\"lazy\" aria-describedby=\"gallery-5-2562\" \/><\/a>\n\t\t\t<\/dt>\n\t\t\t\t<dd class='wp-caption-text gallery-caption' id='gallery-5-2562'>\n\t\t\t\tNeutrons for Science (NFS) experimental room at SPIRAL2 facility, GANIL \u00a9P.Stroppa\/CEA\n\t\t\t\t<\/dd><\/dl><dl class='gallery-item'>\n\t\t\t<dt class='gallery-icon landscape'>\n\t\t\t\t<a href='https:\/\/www.ganil-spiral2.eu\/wp-content\/uploads\/2019\/06\/STR4302-CEA_Stroppa.jpg'><img width=\"400\" height=\"200\" src=\"https:\/\/www.ganil-spiral2.eu\/wp-content\/uploads\/2019\/06\/STR4302-CEA_Stroppa-400x200.jpg\" class=\"attachment-thumbnail size-thumbnail\" alt=\"\" loading=\"lazy\" aria-describedby=\"gallery-5-2561\" \/><\/a>\n\t\t\t<\/dt>\n\t\t\t\t<dd class='wp-caption-text gallery-caption' id='gallery-5-2561'>\n\t\t\t\tNeutrons for Science (NFS) experimental room at SPIRAL2 facility, GANIL \u00a9P.Stroppa\/CEA\n\t\t\t\t<\/dd><\/dl><br style=\"clear: both\" \/><dl class='gallery-item'>\n\t\t\t<dt class='gallery-icon landscape'>\n\t\t\t\t<a href='https:\/\/www.ganil-spiral2.eu\/wp-content\/uploads\/2019\/06\/STR4534-CEA_Stroppa.jpg'><img width=\"400\" height=\"200\" src=\"https:\/\/www.ganil-spiral2.eu\/wp-content\/uploads\/2019\/06\/STR4534-CEA_Stroppa-400x200.jpg\" class=\"attachment-thumbnail size-thumbnail\" alt=\"Salle d&#039;exp\u00e9riences Neutrons for Science (NFS) sur l&#039;installation SPIRAL2 au GANIL \u00a9P.Stroppa\/CEA\" loading=\"lazy\" aria-describedby=\"gallery-5-2563\" \/><\/a>\n\t\t\t<\/dt>\n\t\t\t\t<dd class='wp-caption-text gallery-caption' id='gallery-5-2563'>\n\t\t\t\tNeutrons for Science (NFS) experimental room at SPIRAL2 facility, GANIL \u00a9P.Stroppa\/CEA\n\t\t\t\t<\/dd><\/dl>\n\t\t\t<br style='clear: both' \/>\n\t\t<\/div>\n\n","protected":false},"excerpt":{"rendered":"<p>Merci de contacter communication@ganil.fr Si vous souhaitez r\u00e9diger un article en lien avec les activit\u00e9s du GANIL, n&rsquo;h\u00e9sitez pas \u00e0\u00a0 nous contacter via cet email. Des interviews t\u00e9l\u00e9phoniques ou r\u00e9unions peuvent \u00eatre organis\u00e9es en fonction du sujet de votre article. Des photos peuvent \u00eatre mises \u00e0 disposition des journalistes, sous r\u00e9server de mentionner le cr\u00e9dit [&hellip;]<\/p>\n","protected":false},"author":15,"featured_media":0,"parent":716,"menu_order":1,"comment_status":"closed","ping_status":"closed","template":"","meta":{"_locale":"fr_FR","_original_post":"https:\/\/www.ganil-spiral2.eu\/?page_id=6114"},"tags":[],"_links":{"self":[{"href":"https:\/\/www.ganil-spiral2.eu\/wp-json\/wp\/v2\/pages\/6114"}],"collection":[{"href":"https:\/\/www.ganil-spiral2.eu\/wp-json\/wp\/v2\/pages"}],"about":[{"href":"https:\/\/www.ganil-spiral2.eu\/wp-json\/wp\/v2\/types\/page"}],"author":[{"embeddable":true,"href":"https:\/\/www.ganil-spiral2.eu\/wp-json\/wp\/v2\/users\/15"}],"replies":[{"embeddable":true,"href":"https:\/\/www.ganil-spiral2.eu\/wp-json\/wp\/v2\/comments?post=6114"}],"version-history":[{"count":1,"href":"https:\/\/www.ganil-spiral2.eu\/wp-json\/wp\/v2\/pages\/6114\/revisions"}],"predecessor-version":[{"id":6115,"href":"https:\/\/www.ganil-spiral2.eu\/wp-json\/wp\/v2\/pages\/6114\/revisions\/6115"}],"up":[{"embeddable":true,"href":"https:\/\/www.ganil-spiral2.eu\/wp-json\/wp\/v2\/pages\/716"}],"wp:attachment":[{"href":"https:\/\/www.ganil-spiral2.eu\/wp-json\/wp\/v2\/media?parent=6114"}],"wp:term":[{"taxonomy":"post_tag","embeddable":true,"href":"https:\/\/www.ganil-spiral2.eu\/wp-json\/wp\/v2\/tags?post=6114"}],"curies":[{"name":"wp","href":"https:\/\/api.w.org\/{rel}","templated":true}]}}