{"id":5800,"date":"2024-03-26T10:48:21","date_gmt":"2024-03-26T09:48:21","guid":{"rendered":"https:\/\/www.ganil-spiral2.eu\/?page_id=5800"},"modified":"2025-02-28T10:13:23","modified_gmt":"2025-02-28T09:13:23","slug":"postes_permanents","status":"publish","type":"page","link":"https:\/\/www.ganil-spiral2.eu\/fr\/emplois\/emplois\/postes_permanents\/","title":{"rendered":"Postes permanents"},"content":{"rendered":"\n<p>Le personnel du GANIL est employ\u00e9 soit par le CEA soit par le CNRS.<\/p>\n<p>Le recrutement pour un poste CNRS se d\u00e9roule sur concours.<\/p>\n<p>Les personnels CEA sont recrut\u00e9s sur la base d\u2019un dossier et d\u2019entretiens.<\/p>\n<p>Consultez les pages du CNRS et du CEA d\u00e9di\u00e9es au recrutement de personnels permanents :<br \/>\u2013 <a href=\"https:\/\/carrieres.cnrs.fr\/concours-externes-des-chercheurs-h-f\/\" target=\"_blank\" rel=\"noopener noreferrer\">offres d\u2019emplois chercheurs (CNRS)<\/a><br \/>\u2013 <a href=\"https:\/\/carrieres.cnrs.fr\/concours-externes-des-ingenieurs-et-techniciens-h-f\/\" target=\"_blank\" rel=\"noopener noreferrer\">offres d\u2019emplois ing\u00e9nieurs et techniciens (CNRS)<\/a><br \/>\u2013 <a href=\"https:\/\/www.emploi.cea.fr\/accueil.aspx?LCID=1036\" target=\"_blank\" rel=\"noopener noreferrer\">offres d\u2019emplois CEA<\/a><\/p>\n<p>\u00a0<\/p>\n","protected":false},"excerpt":{"rendered":"<p>Le personnel du GANIL est employ\u00e9 soit par le CEA soit par le CNRS. Le recrutement pour un poste CNRS se d\u00e9roule sur concours. Les personnels CEA sont recrut\u00e9s sur la base d\u2019un dossier et d\u2019entretiens. Consultez les pages du CNRS et du CEA d\u00e9di\u00e9es au recrutement de personnels permanents :\u2013 offres d\u2019emplois chercheurs (CNRS)\u2013 [&hellip;]<\/p>\n","protected":false},"author":15,"featured_media":0,"parent":658,"menu_order":1,"comment_status":"closed","ping_status":"closed","template":"","meta":{"_locale":"fr_FR","_original_post":"https:\/\/www.ganil-spiral2.eu\/?page_id=5798"},"tags":[],"_links":{"self":[{"href":"https:\/\/www.ganil-spiral2.eu\/wp-json\/wp\/v2\/pages\/5800"}],"collection":[{"href":"https:\/\/www.ganil-spiral2.eu\/wp-json\/wp\/v2\/pages"}],"about":[{"href":"https:\/\/www.ganil-spiral2.eu\/wp-json\/wp\/v2\/types\/page"}],"author":[{"embeddable":true,"href":"https:\/\/www.ganil-spiral2.eu\/wp-json\/wp\/v2\/users\/15"}],"replies":[{"embeddable":true,"href":"https:\/\/www.ganil-spiral2.eu\/wp-json\/wp\/v2\/comments?post=5800"}],"version-history":[{"count":9,"href":"https:\/\/www.ganil-spiral2.eu\/wp-json\/wp\/v2\/pages\/5800\/revisions"}],"predecessor-version":[{"id":6585,"href":"https:\/\/www.ganil-spiral2.eu\/wp-json\/wp\/v2\/pages\/5800\/revisions\/6585"}],"up":[{"embeddable":true,"href":"https:\/\/www.ganil-spiral2.eu\/wp-json\/wp\/v2\/pages\/658"}],"wp:attachment":[{"href":"https:\/\/www.ganil-spiral2.eu\/wp-json\/wp\/v2\/media?parent=5800"}],"wp:term":[{"taxonomy":"post_tag","embeddable":true,"href":"https:\/\/www.ganil-spiral2.eu\/wp-json\/wp\/v2\/tags?post=5800"}],"curies":[{"name":"wp","href":"https:\/\/api.w.org\/{rel}","templated":true}]}}