{"id":578,"date":"2018-10-26T09:56:10","date_gmt":"2018-10-26T07:56:10","guid":{"rendered":"https:\/\/www.ganil-spiral2.eu\/?page_id=578"},"modified":"2018-11-29T11:48:46","modified_gmt":"2018-11-29T10:48:46","slug":"partenaires","status":"publish","type":"page","link":"https:\/\/www.ganil-spiral2.eu\/fr\/le-ganil\/partenaires\/","title":{"rendered":"Partenaires"},"content":{"rendered":"<p>Le soutien des collectivit\u00e9s territoriales<\/p>\n<p><span id=\"parent-fieldname-description\" class=\"\">Les collectivit\u00e9s territoriales m\u00e8nent avec le GANIL une politique de promotion de la recherche scientifique depuis de nombreuses ann\u00e9es afin de d\u00e9velopper l&rsquo;attractivit\u00e9 et la comp\u00e9titivit\u00e9 des territoires normands.<\/span><\/p>\n<p>Le GANIL est notamment soutenu par la\u00a0<a href=\"https:\/\/www.normandie.fr\/\" target=\"_blank\" rel=\"noopener noreferrer\">R\u00e9gion Normandie<\/a>, le\u00a0<a href=\"https:\/\/www.calvados.fr\/accueil.html\" target=\"_blank\" rel=\"noopener noreferrer\">D\u00e9partement du Calvados<\/a>, la\u00a0<a href=\"http:\/\/www.caenlamer.fr\/\" target=\"_blank\" rel=\"noopener noreferrer\">communaut\u00e9 urbaine de Caen la mer<\/a>\u00a0et la\u00a0<a href=\"http:\/\/caen.fr\/\" target=\"_blank\" rel=\"noopener noreferrer\">Ville de Caen<\/a>.<\/p>\n<p>&nbsp;<\/p>\n<p style=\"text-align: center; display:flex; justify-content:space-between;\"><a href=\"https:\/\/www.normandie.fr\/\"><img loading=\"lazy\" class=\"size-full wp-image-953 alignleft\" src=\"https:\/\/www.ganil-spiral2.eu\/wp-content\/uploads\/2018\/11\/logo_r_small.png\" alt=\"\" width=\"250\" height=\"60\" \/><\/a> <a href=\"https:\/\/www.calvados.fr\/accueil.html\" target=\"_blank\" rel=\"noopener\"><img loading=\"lazy\" class=\"size-full wp-image-961 alignleft\" src=\"https:\/\/www.ganil-spiral2.eu\/wp-content\/uploads\/2018\/11\/logo-calvados-departement-rvb-1small.png\" alt=\"\" width=\"119\" height=\"100\" \/><\/a><a href=\"https:\/\/www.caenlamer.fr\/\" target=\"_blank\" rel=\"noopener\"><img loading=\"lazy\" class=\"alignleft wp-image-962 size-full\" src=\"https:\/\/www.ganil-spiral2.eu\/wp-content\/uploads\/2018\/11\/logocucaenlamersmall.png\" alt=\"\" width=\"177\" height=\"100\" \/><\/a><a href=\"http:\/\/caen.fr\/\" target=\"_blank\" rel=\"noopener\"><img loading=\"lazy\" class=\"size-full wp-image-963 alignleft\" src=\"https:\/\/www.ganil-spiral2.eu\/wp-content\/uploads\/2018\/11\/logovillecaenndie2016small.png\" alt=\"\" width=\"178\" height=\"100\" \/><\/a><\/p>\n<p>&nbsp;<\/p>\n<h3>En France<\/h3>\n<p>Plusieurs laboratoires fran\u00e7ais travaillent avec le GANIL depuis sa cr\u00e9ation, notamment :<\/p>\n<ul>\n<li>Centres CEA de Saclay et Bruy\u00e8res-Le-Ch\u00e2te;<\/li>\n<li>Centres CNRS de Bordeaux-Gradignan, Caen, Grenoble, Lyon, Orsay, Paris et Strasbourg;<\/li>\n<li>Universit\u00e9s de Caen, Bordeaux, Grenoble, Paris, Lyon et Strasbourg.<\/li>\n<\/ul>\n<p>L\u2019\u00c9tat fran\u00e7ais soutient directement le GANIL au travers de l&rsquo;<a href=\"http:\/\/www.agence-nationale-recherche.fr\/\" target=\"_blank\" rel=\"noopener noreferrer\">Agence Nationale de la Recherche<\/a>\u00a0qui finance des projets scientifiques au GANIL. L&rsquo;Etat s&rsquo;associe \u00e9galement \u00e0 la R\u00e9gion Normandie et aux tutelles du GANIL pour des financements d&rsquo;\u00e9quipements par le biais des\u00a0<a href=\"https:\/\/fr.wikipedia.org\/wiki\/Contrat_de_plan_%C3%89tat-r%C3%A9gion\" target=\"_blank\" rel=\"noopener noreferrer\">Contrats de Plan Etat-R\u00e9gion<\/a>\u00a0ou Interr\u00e9gional.<\/p>\n<h3>En Europe et dans le Monde<\/h3>\n<p>Le GANIL a des collaborations privil\u00e9gi\u00e9es avec ses voisins europ\u00e9ens qui se sont intensifi\u00e9es avec la construction de l&rsquo;acc\u00e9l\u00e9rateur SPIRAL2 et des d\u00e9tecteurs associ\u00e9s. Les \u00e9quipes du GANIL coop\u00e8rent \u00e9galement avec les autres laboratoires de physique nucl\u00e9aire dans le Monde, essentiellement en Asie et en Am\u00e9rique.<\/p>\n<p>Ces collaborations se concr\u00e9tisent au travers de projets financ\u00e9s par la Commission Europ\u00e9enne, des accords bilat\u00e9raux avec les laboratoires partenaires et la cr\u00e9ation de laboratoires virtuels.<\/p>\n<h4>Projets europ\u00e9ens<\/h4>\n<p>La Commission Europ\u00e9enne est pour le GANIL un partenaire important depuis de nombreuses ann\u00e9es, en finan\u00e7ant des projets scientifiques de premi\u00e8re envergure.<\/p>\n<p>Le GANIL collabore avec la <a href=\"https:\/\/ec.europa.eu\/commission\/index_fr\" target=\"_blank\" rel=\"noopener\">Commission Europ\u00e9enne<\/a> via sa participation et sa coordination de plusieurs projets scientifiques, au sein de collaborations comprenant de nombreux laboratoires de l&rsquo;Union Europ\u00e9enne. GANIL a ainsi un r\u00f4le pilote pour la communaut\u00e9 de la physique avec des ions lourds en Europe.<\/p>\n<p>D\u00e9j\u00e0 en 2006, le forum <a href=\"http:\/\/ec.europa.eu\/research\/infrastructures\/index.cfm\" target=\"_blank\" rel=\"noopener\">ESFRI<\/a>, charg\u00e9 de la strat\u00e9gie en mati\u00e8re d&rsquo;infrastructures de recherche en Europe, a s\u00e9lectionn\u00e9 SPIRAL2 comme projet d&rsquo;excellence.<\/p>\n<h4>Accords bilat\u00e9raux<\/h4>\n<p>Dans le cadre du projet SPIRAL2, depuis 2002, des accords bilat\u00e9raux ont \u00e9t\u00e9 sign\u00e9s entre le GANIL et une vingtaine de laboratoires en Europe et dans le monde.<\/p>\n<p>Ces accords permettent d&rsquo;officialiser le travail commun des scientifiques du GANIL et de ses partenaires aussi bien pour le d\u00e9veloppement technologique de nouveaux acc\u00e9l\u00e9rateurs et d\u00e9tecteurs que pour des \u00e9tudes de physique exp\u00e9rimentale et th\u00e9orique.<\/p>\n<h4>Laboratoires Internationaux Associ\u00e9s<\/h4>\n<p>Un Laboratoire International Associ\u00e9 est un \u00ab\u00a0laboratoire sans murs\u00a0\u00bb du CNRS qui permet \u00e0 une \u00e9quipe de chercheurs fran\u00e7ais et \u00e0 une \u00e9quipe de chercheurs \u00e9trangers de travailler conjointement sur un projet d\u00e9fini. Ce type de collaboration est plus fort qu&rsquo;un accord bilat\u00e9ral.<\/p>\n<p>Depuis 2008, le GANIL participe ou coordonne des Laboratoires Internationaux Associ\u00e9s avec les laboratoires de l&rsquo;INFN (Italie), COPIN (Pologne), NPI (R\u00e9publique Tch\u00e8que), l&rsquo;IFIN-HH (Roumanie), RIKEN (Japon), BARC, TIFR et VECC (Inde).<\/p>\n","protected":false},"excerpt":{"rendered":"<p>Le soutien des collectivit\u00e9s territoriales Les collectivit\u00e9s territoriales m\u00e8nent avec le GANIL une politique de promotion de la recherche scientifique depuis de nombreuses ann\u00e9es afin de d\u00e9velopper l&rsquo;attractivit\u00e9 et la comp\u00e9titivit\u00e9 des territoires normands. Le GANIL est notamment soutenu par la\u00a0R\u00e9gion Normandie, le\u00a0D\u00e9partement du Calvados, la\u00a0communaut\u00e9 urbaine de Caen la mer\u00a0et la\u00a0Ville de Caen. &nbsp; [&hellip;]<\/p>\n","protected":false},"author":1,"featured_media":0,"parent":18,"menu_order":7,"comment_status":"closed","ping_status":"closed","template":"","meta":{"_locale":"fr_FR","_original_post":"578"},"tags":[],"_links":{"self":[{"href":"https:\/\/www.ganil-spiral2.eu\/wp-json\/wp\/v2\/pages\/578"}],"collection":[{"href":"https:\/\/www.ganil-spiral2.eu\/wp-json\/wp\/v2\/pages"}],"about":[{"href":"https:\/\/www.ganil-spiral2.eu\/wp-json\/wp\/v2\/types\/page"}],"author":[{"embeddable":true,"href":"https:\/\/www.ganil-spiral2.eu\/wp-json\/wp\/v2\/users\/1"}],"replies":[{"embeddable":true,"href":"https:\/\/www.ganil-spiral2.eu\/wp-json\/wp\/v2\/comments?post=578"}],"version-history":[{"count":8,"href":"https:\/\/www.ganil-spiral2.eu\/wp-json\/wp\/v2\/pages\/578\/revisions"}],"predecessor-version":[{"id":965,"href":"https:\/\/www.ganil-spiral2.eu\/wp-json\/wp\/v2\/pages\/578\/revisions\/965"}],"up":[{"embeddable":true,"href":"https:\/\/www.ganil-spiral2.eu\/wp-json\/wp\/v2\/pages\/18"}],"wp:attachment":[{"href":"https:\/\/www.ganil-spiral2.eu\/wp-json\/wp\/v2\/media?parent=578"}],"wp:term":[{"taxonomy":"post_tag","embeddable":true,"href":"https:\/\/www.ganil-spiral2.eu\/wp-json\/wp\/v2\/tags?post=578"}],"curies":[{"name":"wp","href":"https:\/\/api.w.org\/{rel}","templated":true}]}}