{"id":574,"date":"2018-10-26T09:55:36","date_gmt":"2018-10-26T07:55:36","guid":{"rendered":"https:\/\/www.ganil-spiral2.eu\/?page_id=574"},"modified":"2018-12-11T13:47:10","modified_gmt":"2018-12-11T12:47:10","slug":"valorisation","status":"publish","type":"page","link":"https:\/\/www.ganil-spiral2.eu\/fr\/le-ganil\/valorisation\/","title":{"rendered":"Valorisation"},"content":{"rendered":"<h3>Le faisceau pour les industriels<\/h3>\n<p>Les caract\u00e9ristiques uniques des faisceaux d\u2019ions du GANIL, coupl\u00e9s aux comp\u00e9tences des groupes techniques qui les accueillent, int\u00e9ressent notamment les industriels de l\u2019a\u00e9rospatial et du m\u00e9dical.<\/p>\n<p>Les faisceaux d\u2019ions sont par exemple utilis\u00e9s pour produire des membranes micro poreuses. A leur passage, les ions laissent des traces dans les membranes, et apr\u00e8s traitement chimique, ces traces se transforment en trous de l\u2019ordre du milli\u00e8me de millim\u00e8tre. Elles sont ensuite utilis\u00e9es comme filtres dans l\u2019industrie pharmaceutique ou agroalimentaire.<br \/>\nDes industriels viennent \u00e9galement au GANIL pour tester des composants \u00e9lectroniques destin\u00e9s \u00e0 aller dans l\u2019espace : des particules charg\u00e9es sont pr\u00e9sentes dans l\u2019espace, et le contact avec une seule de ces particules charg\u00e9es peut perturber le fonctionnement du composant \u00e9lectronique. Il est donc imp\u00e9ratif de tester les composants avant leur envoi dans l\u2019espace, et c\u2019est avec les ions lourds du GANIL que ces effets peuvent \u00eatre mis en \u00e9vidence dans les phases de d\u00e9veloppement des composants.<\/p>\n<p>&nbsp;<\/p>\n<div id=\"attachment_940\" style=\"width: 1034px\" class=\"wp-caption aligncenter\"><img aria-describedby=\"caption-attachment-940\" loading=\"lazy\" class=\"wp-image-940 size-large\" src=\"https:\/\/www.ganil-spiral2.eu\/wp-content\/uploads\/2018\/11\/Porte-chantillon-GANIL-PC230023-1024x768.jpg\" alt=\"\" width=\"1024\" height=\"768\" srcset=\"https:\/\/www.ganil-spiral2.eu\/wp-content\/uploads\/2018\/11\/Porte-chantillon-GANIL-PC230023-1024x768.jpg 1024w, https:\/\/www.ganil-spiral2.eu\/wp-content\/uploads\/2018\/11\/Porte-chantillon-GANIL-PC230023-300x225.jpg 300w, https:\/\/www.ganil-spiral2.eu\/wp-content\/uploads\/2018\/11\/Porte-chantillon-GANIL-PC230023-768x576.jpg 768w, https:\/\/www.ganil-spiral2.eu\/wp-content\/uploads\/2018\/11\/Porte-chantillon-GANIL-PC230023.jpg 2048w\" sizes=\"(max-width: 1024px) 100vw, 1024px\" \/><p id=\"caption-attachment-940\" class=\"wp-caption-text\">Equipement utilis\u00e9 par les industriels pour l&rsquo;irradiation d&rsquo;\u00e9chantillons<\/p><\/div>\n<p>&nbsp;<\/p>\n<p>Les entreprises peuvent ainsi simuler les dommages caus\u00e9s dans l\u2019espace par certains rayonnements.<\/p>\n<div><\/div>\n<div>Pour en savoir plus sur l\u2019utilisation industrielle des faisceaux :\u00a0<a href=\"http:\/\/pro.ganil-spiral2.eu\/industry\/industrial-applications\">http:\/\/pro.ganil-spiral2.eu\/industry\/industrial-applications<\/a><\/div>\n<div><\/div>\n<h3>Partenariats industriels<\/h3>\n<div>Le laboratoire s\u2019appuie sur l\u2019expertise scientifique et technique de ses personnels pour valoriser son savoir-faire aupr\u00e8s des industriels, notamment sous formes de licences d\u2019exploitation de brevets, de transferts de savoir-faire et de contrats de collaboration de recherche.<\/div>\n<div>\n<p>Les licences d\u2019exploitation concernent notamment les sources d\u2019ions d\u00e9velopp\u00e9es au GANIL.<\/p>\n<p>&nbsp;<\/p>\n<\/div>\n<h3>La valorisation en r\u00e9seaux<\/h3>\n<h4>R\u00e9seaux locaux<\/h4>\n<p>Le GANIL est adh\u00e9rent de Nucleopolis, p\u00f4le de comp\u00e9titivit\u00e9 pour la science nucl\u00e9aire et ses applications dans les domaines de l\u2019\u00e9nergie et de la sant\u00e9. D\u00e9couvrez la fiche GANIL de l&rsquo;annuaire Nucleopolis.<\/p>\n<p>Pour en savoir plus sur Nucleopolis : http:\/\/www.nucleopolis.fr<\/p>\n<p><a href=\"http:\/\/www.nucleopolis.fr\"><img loading=\"lazy\" class=\"aligncenter wp-image-943 \" src=\"https:\/\/www.ganil-spiral2.eu\/wp-content\/uploads\/2018\/11\/Logo-nucleopolis.jpg\" alt=\"\" width=\"665\" height=\"184\" srcset=\"https:\/\/www.ganil-spiral2.eu\/wp-content\/uploads\/2018\/11\/Logo-nucleopolis.jpg 774w, https:\/\/www.ganil-spiral2.eu\/wp-content\/uploads\/2018\/11\/Logo-nucleopolis-300x83.jpg 300w, https:\/\/www.ganil-spiral2.eu\/wp-content\/uploads\/2018\/11\/Logo-nucleopolis-768x212.jpg 768w\" sizes=\"(max-width: 665px) 100vw, 665px\" \/><\/a><\/p>\n<p>Le GANIL est adh\u00e9rent de l&rsquo;incubateur normand Normandie Incubation, qui accompagne les porteurs de projets d\u2019entreprises innovantes (<a href=\"http:\/\/www.normandie-incubation.com\">http:\/\/www.normandie-incubation.com<\/a>).<\/p>\n<p>Pour en savoir plus sur la valorisation et les innovations de notre quotidien issues de la recherche publique, rendez-vous sur\u00a0<a href=\"https:\/\/www.mon-quotidien-avec-la-recherche-publique.fr\/\">https:\/\/www.mon-quotidien-avec-la-recherche-publique.fr\/<\/a><\/p>\n<p><a href=\"http:\/\/www.normandie-incubation.com\"><img loading=\"lazy\" class=\"aligncenter wp-image-942 \" src=\"https:\/\/www.ganil-spiral2.eu\/wp-content\/uploads\/2018\/11\/Logo-Normandie-incubation.png\" alt=\"\" width=\"605\" height=\"168\" srcset=\"https:\/\/www.ganil-spiral2.eu\/wp-content\/uploads\/2018\/11\/Logo-Normandie-incubation.png 720w, https:\/\/www.ganil-spiral2.eu\/wp-content\/uploads\/2018\/11\/Logo-Normandie-incubation-300x83.png 300w\" sizes=\"(max-width: 605px) 100vw, 605px\" \/><\/a><\/p>\n<p>&nbsp;<\/p>\n<h4>Projets europ\u00e9ens<\/h4>\n<p>En tant que laboratoire d\u2019accueil international, le GANIL est impliqu\u00e9 dans diff\u00e9rents projets europ\u00e9ens, visant notamment \u00e0 favoriser les \u00e9changes et les collaborations entre la recherche et l\u2019industrie.<\/p>\n<p>En savoir plus sur le volet du projet europ\u00e9en ENSAR2 consacr\u00e9 \u00e0 la valorisation : <a href=\"https:\/\/www.ensar2-nupia.eu\">https:\/\/www.ensar2-nupia.eu<\/a><\/p>\n<p>En savoir plus sur le projet europ\u00e9en IDEAAL : <a href=\"https:\/\/ideaal.ganil-spiral2.eu\">https:\/\/ideaal.ganil-spiral2.eu<\/a><\/p>\n<p><a href=\"https:\/\/www.ensar2-nupia.eu\"><img loading=\"lazy\" class=\"aligncenter wp-image-944 size-full\" src=\"https:\/\/www.ganil-spiral2.eu\/wp-content\/uploads\/2018\/11\/Logo-nupia.png\" alt=\"\" width=\"201\" height=\"100\" \/><\/a><\/p>\n","protected":false},"excerpt":{"rendered":"<p>Le faisceau pour les industriels Les caract\u00e9ristiques uniques des faisceaux d\u2019ions du GANIL, coupl\u00e9s aux comp\u00e9tences des groupes techniques qui les accueillent, int\u00e9ressent notamment les industriels de l\u2019a\u00e9rospatial et du m\u00e9dical. Les faisceaux d\u2019ions sont par exemple utilis\u00e9s pour produire des membranes micro poreuses. A leur passage, les ions laissent des traces dans les membranes, [&hellip;]<\/p>\n","protected":false},"author":1,"featured_media":0,"parent":18,"menu_order":6,"comment_status":"closed","ping_status":"closed","template":"","meta":{"_locale":"fr_FR","_original_post":"574"},"tags":[],"_links":{"self":[{"href":"https:\/\/www.ganil-spiral2.eu\/wp-json\/wp\/v2\/pages\/574"}],"collection":[{"href":"https:\/\/www.ganil-spiral2.eu\/wp-json\/wp\/v2\/pages"}],"about":[{"href":"https:\/\/www.ganil-spiral2.eu\/wp-json\/wp\/v2\/types\/page"}],"author":[{"embeddable":true,"href":"https:\/\/www.ganil-spiral2.eu\/wp-json\/wp\/v2\/users\/1"}],"replies":[{"embeddable":true,"href":"https:\/\/www.ganil-spiral2.eu\/wp-json\/wp\/v2\/comments?post=574"}],"version-history":[{"count":6,"href":"https:\/\/www.ganil-spiral2.eu\/wp-json\/wp\/v2\/pages\/574\/revisions"}],"predecessor-version":[{"id":1969,"href":"https:\/\/www.ganil-spiral2.eu\/wp-json\/wp\/v2\/pages\/574\/revisions\/1969"}],"up":[{"embeddable":true,"href":"https:\/\/www.ganil-spiral2.eu\/wp-json\/wp\/v2\/pages\/18"}],"wp:attachment":[{"href":"https:\/\/www.ganil-spiral2.eu\/wp-json\/wp\/v2\/media?parent=574"}],"wp:term":[{"taxonomy":"post_tag","embeddable":true,"href":"https:\/\/www.ganil-spiral2.eu\/wp-json\/wp\/v2\/tags?post=574"}],"curies":[{"name":"wp","href":"https:\/\/api.w.org\/{rel}","templated":true}]}}