{"id":570,"date":"2018-10-26T09:54:36","date_gmt":"2018-10-26T07:54:36","guid":{"rendered":"https:\/\/www.ganil-spiral2.eu\/?page_id=570"},"modified":"2023-02-07T10:26:25","modified_gmt":"2023-02-07T09:26:25","slug":"les-metiers-de-la-recherche","status":"publish","type":"page","link":"https:\/\/www.ganil-spiral2.eu\/fr\/le-ganil\/grand-public\/les-metiers-de-la-recherche\/","title":{"rendered":"Les m\u00e9tiers de la recherche"},"content":{"rendered":"<p>D\u00e9couvrez dans les vid\u00e9os qui suivent en quoi consiste le m\u00e9tier de physicien au GANIL et comment y est r\u00e9alis\u00e9e chaque ann\u00e9e une dizaine d&rsquo;exp\u00e9riences de physique nucl\u00e9aire.<\/p>\n<p>La r\u00e9alisation de ces exp\u00e9riences n\u00e9cessite la coordination d&rsquo;un grand nombre d&rsquo;actions men\u00e9es par des personnels aux comp\u00e9tences scientifiques et techniques diverses\u00a0:\u00a0depuis les sourciers, responsables de la production de faisceaux d&rsquo;ions, jusqu&rsquo;aux op\u00e9rateurs en charge du transport et de l&rsquo;acc\u00e9l\u00e9ration de ces ions constituants de v\u00e9ritables faisceaux, en passant par les experts en vide, les g\u00e9om\u00e8tres ainsi que les coordinateurs techniques dont la mission est d&rsquo;assurer la pr\u00e9paration de l&rsquo;exp\u00e9rience et son bon d\u00e9roulement.<\/p>\n<p><a href=\"http:\/\/www.dailymotion.com\/playlist\/x3v0um\" target=\"_blank\" rel=\"noopener noreferrer\">Voir toutes les vid\u00e9os m\u00e9tiers du GANIL sur la chaine Dailymotion en cliquant ici.<\/a><\/p>\n<p style=\"text-align: center;\"><iframe src=\"https:\/\/www.dailymotion.com\/embed\/video\/x55ocol\" width=\"480\" height=\"270\" frameborder=\"0\" allowfullscreen=\"allowfullscreen\"><span data-mce-type=\"bookmark\" style=\"display: inline-block; width: 0px; overflow: hidden; line-height: 0;\" class=\"mce_SELRES_start\">\ufeff<\/span><span data-mce-type=\"bookmark\" style=\"display: inline-block; width: 0px; overflow: hidden; line-height: 0;\" class=\"mce_SELRES_start\">\ufeff<\/span><\/iframe><\/p>\n","protected":false},"excerpt":{"rendered":"<p>D\u00e9couvrez dans les vid\u00e9os qui suivent en quoi consiste le m\u00e9tier de physicien au GANIL et comment y est r\u00e9alis\u00e9e chaque ann\u00e9e une dizaine d&rsquo;exp\u00e9riences de physique nucl\u00e9aire. La r\u00e9alisation de ces exp\u00e9riences n\u00e9cessite la coordination d&rsquo;un grand nombre d&rsquo;actions men\u00e9es par des personnels aux comp\u00e9tences scientifiques et techniques diverses\u00a0:\u00a0depuis les sourciers, responsables de la [&hellip;]<\/p>\n","protected":false},"author":1,"featured_media":0,"parent":4752,"menu_order":5,"comment_status":"closed","ping_status":"closed","template":"","meta":{"_locale":"fr_FR","_original_post":"570"},"tags":[],"_links":{"self":[{"href":"https:\/\/www.ganil-spiral2.eu\/wp-json\/wp\/v2\/pages\/570"}],"collection":[{"href":"https:\/\/www.ganil-spiral2.eu\/wp-json\/wp\/v2\/pages"}],"about":[{"href":"https:\/\/www.ganil-spiral2.eu\/wp-json\/wp\/v2\/types\/page"}],"author":[{"embeddable":true,"href":"https:\/\/www.ganil-spiral2.eu\/wp-json\/wp\/v2\/users\/1"}],"replies":[{"embeddable":true,"href":"https:\/\/www.ganil-spiral2.eu\/wp-json\/wp\/v2\/comments?post=570"}],"version-history":[{"count":9,"href":"https:\/\/www.ganil-spiral2.eu\/wp-json\/wp\/v2\/pages\/570\/revisions"}],"predecessor-version":[{"id":4754,"href":"https:\/\/www.ganil-spiral2.eu\/wp-json\/wp\/v2\/pages\/570\/revisions\/4754"}],"up":[{"embeddable":true,"href":"https:\/\/www.ganil-spiral2.eu\/wp-json\/wp\/v2\/pages\/4752"}],"wp:attachment":[{"href":"https:\/\/www.ganil-spiral2.eu\/wp-json\/wp\/v2\/media?parent=570"}],"wp:term":[{"taxonomy":"post_tag","embeddable":true,"href":"https:\/\/www.ganil-spiral2.eu\/wp-json\/wp\/v2\/tags?post=570"}],"curies":[{"name":"wp","href":"https:\/\/api.w.org\/{rel}","templated":true}]}}