{"id":558,"date":"2018-10-26T09:52:25","date_gmt":"2018-10-26T07:52:25","guid":{"rendered":"https:\/\/www.ganil-spiral2.eu\/?page_id=558"},"modified":"2018-11-29T10:19:05","modified_gmt":"2018-11-29T09:19:05","slug":"lacceleration-des-ions","status":"publish","type":"page","link":"https:\/\/www.ganil-spiral2.eu\/fr\/le-ganil\/la-recherche\/le-fonctionnement-du-ganil\/lacceleration-des-ions\/","title":{"rendered":"L&rsquo;acc\u00e9l\u00e9ration des ions"},"content":{"rendered":"<h3>Deuxi\u00e8me \u00e9tape : donner de la vitesse aux ions<\/h3>\n<p>L&rsquo;ensemble acc\u00e9l\u00e9rateur circulaire du GANIL comprend cinq cyclotrons et acc\u00e9l\u00e8re des faisceaux d&rsquo;ions allant du carbone-12 \u00e0 l&rsquo;uranium-238. Les ions de carbone-12 peuvent atteindre 120 000 km par seconde, soit plus du tiers de la vitesse de la lumi\u00e8re.<\/p>\n<p>Les aimants des cyclotrons du GANIL maintiennent les ions sur\u00a0une trajectoire circulaire. A mesure que les particules sont acc\u00e9l\u00e9r\u00e9es, elles d\u00e9crivent des cercles de plus en plus grands, jusqu&rsquo;\u00e0 atteindre leur vitesse maximale et \u00eatre conduite jusqu&rsquo;au cyclotron suivant ou aux salles d&rsquo;exp\u00e9riences.<\/p>\n<p>D\u00e9couvrez les \u00e9tapes suivantes :<br \/>\n<a href=\"https:\/\/www.ganil-spiral2.eu\/fr\/le-ganil\/la-recherche\/le-fonctionnement-du-ganil\/le-transport-des-faisceaux-dions\/\">Le\u00a0transport des faisceaux d&rsquo;ions<\/a><br \/>\n<a href=\"https:\/\/www.ganil-spiral2.eu\/fr\/le-ganil\/la-recherche\/le-fonctionnement-du-ganil\/lobservation-des-reactions\/\">L&rsquo;observation des r\u00e9actions<\/a><\/p>\n","protected":false},"excerpt":{"rendered":"<p>Deuxi\u00e8me \u00e9tape : donner de la vitesse aux ions L&rsquo;ensemble acc\u00e9l\u00e9rateur circulaire du GANIL comprend cinq cyclotrons et acc\u00e9l\u00e8re des faisceaux d&rsquo;ions allant du carbone-12 \u00e0 l&rsquo;uranium-238. Les ions de carbone-12 peuvent atteindre 120 000 km par seconde, soit plus du tiers de la vitesse de la lumi\u00e8re. Les aimants des cyclotrons du GANIL maintiennent [&hellip;]<\/p>\n","protected":false},"author":1,"featured_media":0,"parent":550,"menu_order":2,"comment_status":"closed","ping_status":"closed","template":"","meta":{"_locale":"fr_FR","_original_post":"558"},"tags":[],"_links":{"self":[{"href":"https:\/\/www.ganil-spiral2.eu\/wp-json\/wp\/v2\/pages\/558"}],"collection":[{"href":"https:\/\/www.ganil-spiral2.eu\/wp-json\/wp\/v2\/pages"}],"about":[{"href":"https:\/\/www.ganil-spiral2.eu\/wp-json\/wp\/v2\/types\/page"}],"author":[{"embeddable":true,"href":"https:\/\/www.ganil-spiral2.eu\/wp-json\/wp\/v2\/users\/1"}],"replies":[{"embeddable":true,"href":"https:\/\/www.ganil-spiral2.eu\/wp-json\/wp\/v2\/comments?post=558"}],"version-history":[{"count":3,"href":"https:\/\/www.ganil-spiral2.eu\/wp-json\/wp\/v2\/pages\/558\/revisions"}],"predecessor-version":[{"id":926,"href":"https:\/\/www.ganil-spiral2.eu\/wp-json\/wp\/v2\/pages\/558\/revisions\/926"}],"up":[{"embeddable":true,"href":"https:\/\/www.ganil-spiral2.eu\/wp-json\/wp\/v2\/pages\/550"}],"wp:attachment":[{"href":"https:\/\/www.ganil-spiral2.eu\/wp-json\/wp\/v2\/media?parent=558"}],"wp:term":[{"taxonomy":"post_tag","embeddable":true,"href":"https:\/\/www.ganil-spiral2.eu\/wp-json\/wp\/v2\/tags?post=558"}],"curies":[{"name":"wp","href":"https:\/\/api.w.org\/{rel}","templated":true}]}}