{"id":554,"date":"2018-10-26T09:51:48","date_gmt":"2018-10-26T07:51:48","guid":{"rendered":"https:\/\/www.ganil-spiral2.eu\/?page_id=554"},"modified":"2018-11-29T10:08:56","modified_gmt":"2018-11-29T09:08:56","slug":"la-production-des-ions","status":"publish","type":"page","link":"https:\/\/www.ganil-spiral2.eu\/fr\/le-ganil\/la-recherche\/le-fonctionnement-du-ganil\/la-production-des-ions\/","title":{"rendered":"La production des ions"},"content":{"rendered":"<h3>Au commencement : la production des ions<\/h3>\n<p>Les \u00e9quipes de chercheurs qui font des exp\u00e9riences au GANIL choisissent le type d&rsquo;atome qu&rsquo;ils veulent acc\u00e9l\u00e9rer en fonction des besoins des exp\u00e9riences : il peut s&rsquo;agir d\u2019\u00e9l\u00e9ments chimiques aussi diff\u00e9rents que de l\u2019hydrog\u00e8ne dont le noyau se r\u00e9duit\u00a0 \u00e0 un seul proton ou de l\u2019uranium qui en compte 92.<\/p>\n<p>Des sources d\u2019ions permettent d\u2019arracher un nombre variable d\u2019\u00e9lectrons au atomes. Cette \u00e9tape est indispensable \u00e0 l&rsquo;acc\u00e9l\u00e9ration des ions par\u00a0des champs \u00e9lectriques et \u00e0 leur guidage par des champs magn\u00e9tiques : dans les deux cas l\u2019intensit\u00e9 des forces exerc\u00e9es sur les ions est proportionnelle \u00e0 leur charge \u00e9lectrique. Au GANIL, les faisceaux ainsi produits peuvent atteindre des intensit\u00e9s allant jusqu\u2019\u00e0 mille milliards de particules par seconde. La nouvelle installation SPIRAL2 permettra d\u00e8s 2019 de multiplier par un facteur 10 \u00e0 100 ces flux de particules.<\/p>\n<p>&nbsp;<\/p>\n<div id=\"attachment_920\" style=\"width: 975px\" class=\"wp-caption aligncenter\"><img aria-describedby=\"caption-attachment-920\" loading=\"lazy\" class=\"size-full wp-image-920\" src=\"https:\/\/www.ganil-spiral2.eu\/wp-content\/uploads\/2018\/11\/ciblesource-BV.jpg\" alt=\"\" width=\"965\" height=\"964\" srcset=\"https:\/\/www.ganil-spiral2.eu\/wp-content\/uploads\/2018\/11\/ciblesource-BV.jpg 965w, https:\/\/www.ganil-spiral2.eu\/wp-content\/uploads\/2018\/11\/ciblesource-BV-300x300.jpg 300w, https:\/\/www.ganil-spiral2.eu\/wp-content\/uploads\/2018\/11\/ciblesource-BV-768x767.jpg 768w\" sizes=\"(max-width: 965px) 100vw, 965px\" \/><p id=\"caption-attachment-920\" class=\"wp-caption-text\">Source d&rsquo;ions de l&rsquo;installation SPIRAL1 du GANIL<\/p><\/div>\n<p>&nbsp;<\/p>\n<p>D\u00e9couvrez les \u00e9tapes suivantes :<br \/>\n<a href=\"https:\/\/www.ganil-spiral2.eu\/fr\/le-ganil\/la-recherche\/le-fonctionnement-du-ganil\/lacceleration-des-ions\/\">L&rsquo;acc\u00e9l\u00e9ration des ions<\/a><br \/>\n<a href=\"https:\/\/www.ganil-spiral2.eu\/fr\/le-ganil\/la-recherche\/le-fonctionnement-du-ganil\/le-transport-des-faisceaux-dions\/\">Le\u00a0transport des faisceaux d&rsquo;ions<\/a><br \/>\n<a href=\"https:\/\/www.ganil-spiral2.eu\/fr\/le-ganil\/la-recherche\/le-fonctionnement-du-ganil\/lobservation-des-reactions\/\">L&rsquo;observation des r\u00e9actions<\/a><\/p>\n","protected":false},"excerpt":{"rendered":"<p>Au commencement : la production des ions Les \u00e9quipes de chercheurs qui font des exp\u00e9riences au GANIL choisissent le type d&rsquo;atome qu&rsquo;ils veulent acc\u00e9l\u00e9rer en fonction des besoins des exp\u00e9riences : il peut s&rsquo;agir d\u2019\u00e9l\u00e9ments chimiques aussi diff\u00e9rents que de l\u2019hydrog\u00e8ne dont le noyau se r\u00e9duit\u00a0 \u00e0 un seul proton ou de l\u2019uranium qui en [&hellip;]<\/p>\n","protected":false},"author":1,"featured_media":0,"parent":550,"menu_order":1,"comment_status":"closed","ping_status":"closed","template":"","meta":{"_locale":"fr_FR","_original_post":"554"},"tags":[],"_links":{"self":[{"href":"https:\/\/www.ganil-spiral2.eu\/wp-json\/wp\/v2\/pages\/554"}],"collection":[{"href":"https:\/\/www.ganil-spiral2.eu\/wp-json\/wp\/v2\/pages"}],"about":[{"href":"https:\/\/www.ganil-spiral2.eu\/wp-json\/wp\/v2\/types\/page"}],"author":[{"embeddable":true,"href":"https:\/\/www.ganil-spiral2.eu\/wp-json\/wp\/v2\/users\/1"}],"replies":[{"embeddable":true,"href":"https:\/\/www.ganil-spiral2.eu\/wp-json\/wp\/v2\/comments?post=554"}],"version-history":[{"count":4,"href":"https:\/\/www.ganil-spiral2.eu\/wp-json\/wp\/v2\/pages\/554\/revisions"}],"predecessor-version":[{"id":919,"href":"https:\/\/www.ganil-spiral2.eu\/wp-json\/wp\/v2\/pages\/554\/revisions\/919"}],"up":[{"embeddable":true,"href":"https:\/\/www.ganil-spiral2.eu\/wp-json\/wp\/v2\/pages\/550"}],"wp:attachment":[{"href":"https:\/\/www.ganil-spiral2.eu\/wp-json\/wp\/v2\/media?parent=554"}],"wp:term":[{"taxonomy":"post_tag","embeddable":true,"href":"https:\/\/www.ganil-spiral2.eu\/wp-json\/wp\/v2\/tags?post=554"}],"curies":[{"name":"wp","href":"https:\/\/api.w.org\/{rel}","templated":true}]}}