{"id":546,"date":"2018-10-26T09:50:17","date_gmt":"2018-10-26T07:50:17","guid":{"rendered":"https:\/\/www.ganil-spiral2.eu\/?page_id=546"},"modified":"2025-12-19T12:44:11","modified_gmt":"2025-12-19T11:44:11","slug":"la-recherche-interdisciplinaire","status":"publish","type":"page","link":"https:\/\/www.ganil-spiral2.eu\/fr\/le-ganil\/la-recherche\/la-recherche-interdisciplinaire\/","title":{"rendered":"La recherche interdisciplinaire"},"content":{"rendered":"<p>La qualit\u00e9 des faisceaux d\u2019ions\u00a0du laboratoire en font un outil remarquable pour diff\u00e9rents\u00a0domaines de la recherche\u00a0fondamentale et appliqu\u00e9e : la physique du solide et ses applications, la chimie sous rayonnement et ses applications, l\u2019astrophysique, la physique atomique et la radiobiologie. Environ 30% du temps de fonctionnement de l\u2019installation est ainsi d\u00e9di\u00e9 \u00e0 ces recherches.<\/p>\n<p>Le campus Jules Horowitz, sur lequel\u00a0le GANIL est implant\u00e9, accueille\u00a0notamment une partie des \u00e9quipes du\u00a0<a href=\"http:\/\/cimap.ensicaen.fr\/\">CIMAP<\/a>\u00a0(Centre de recherche sur les\u00a0Ions, les MAt\u00e9riaux et la Photonique).<\/p>\n","protected":false},"excerpt":{"rendered":"<p>La qualit\u00e9 des faisceaux d\u2019ions\u00a0du laboratoire en font un outil remarquable pour diff\u00e9rents\u00a0domaines de la recherche\u00a0fondamentale et appliqu\u00e9e : la physique du solide et ses applications, la chimie sous rayonnement et ses applications, l\u2019astrophysique, la physique atomique et la radiobiologie. Environ 30% du temps de fonctionnement de l\u2019installation est ainsi d\u00e9di\u00e9 \u00e0 ces recherches. Le [&hellip;]<\/p>\n","protected":false},"author":1,"featured_media":0,"parent":534,"menu_order":3,"comment_status":"closed","ping_status":"closed","template":"","meta":{"_locale":"fr_FR","_original_post":"546"},"tags":[],"_links":{"self":[{"href":"https:\/\/www.ganil-spiral2.eu\/wp-json\/wp\/v2\/pages\/546"}],"collection":[{"href":"https:\/\/www.ganil-spiral2.eu\/wp-json\/wp\/v2\/pages"}],"about":[{"href":"https:\/\/www.ganil-spiral2.eu\/wp-json\/wp\/v2\/types\/page"}],"author":[{"embeddable":true,"href":"https:\/\/www.ganil-spiral2.eu\/wp-json\/wp\/v2\/users\/1"}],"replies":[{"embeddable":true,"href":"https:\/\/www.ganil-spiral2.eu\/wp-json\/wp\/v2\/comments?post=546"}],"version-history":[{"count":3,"href":"https:\/\/www.ganil-spiral2.eu\/wp-json\/wp\/v2\/pages\/546\/revisions"}],"predecessor-version":[{"id":7327,"href":"https:\/\/www.ganil-spiral2.eu\/wp-json\/wp\/v2\/pages\/546\/revisions\/7327"}],"up":[{"embeddable":true,"href":"https:\/\/www.ganil-spiral2.eu\/wp-json\/wp\/v2\/pages\/534"}],"wp:attachment":[{"href":"https:\/\/www.ganil-spiral2.eu\/wp-json\/wp\/v2\/media?parent=546"}],"wp:term":[{"taxonomy":"post_tag","embeddable":true,"href":"https:\/\/www.ganil-spiral2.eu\/wp-json\/wp\/v2\/tags?post=546"}],"curies":[{"name":"wp","href":"https:\/\/api.w.org\/{rel}","templated":true}]}}