{"id":538,"date":"2018-10-26T09:36:33","date_gmt":"2018-10-26T07:36:33","guid":{"rendered":"https:\/\/www.ganil-spiral2.eu\/?page_id=538"},"modified":"2018-12-11T13:44:05","modified_gmt":"2018-12-11T12:44:05","slug":"fait-marquants-scientifiques","status":"publish","type":"page","link":"https:\/\/www.ganil-spiral2.eu\/fr\/le-ganil\/la-recherche\/fait-marquants-scientifiques\/","title":{"rendered":"Fait marquants scientifiques"},"content":{"rendered":"<p>Le GANIL a produit depuis 1983 une moisson de r\u00e9sultats scientifiques et il a \u00e9t\u00e9 le si\u00e8ge de quelques d\u00e9couvertes marquantes. En voici quelques exemples, repr\u00e9sentatifs\u00a0des principales th\u00e9matiques couvertes par l&rsquo;\u00e9quipe de physiciens du GANIL\u00a0:<\/p>\n<h3>Le silicium-34 : un \u00ab noyau bulle \u00bb atypique !<\/h3>\n<p>Une \u00e9quipe men\u00e9e par des physiciens du GANIL a prouv\u00e9 en 2016 le caract\u00e8re tr\u00e8s singulier de cet isotope radioactif du silicium.\u00a0Alors que dans leur tr\u00e8s grande majorit\u00e9 les noyaux atomiques se caract\u00e9risent par une densit\u00e9 homog\u00e8ne, le silicium-34 s\u2019apparente \u00e0 un \u00ab\u00a0noyau bulle\u00a0\u00bb, avec une densit\u00e9 de protons anormalement faible en son centre. Cette anomalie en fait un candidat id\u00e9al pour sonder l\u2019une des composantes de la force nucl\u00e9aire forte, essentielle \u00e0 la structuration en couches des nucl\u00e9ons dans le noyau.<\/p>\n<p>&nbsp;<\/p>\n<p><img loading=\"lazy\" class=\"aligncenter wp-image-916 \" src=\"https:\/\/www.ganil-spiral2.eu\/wp-content\/uploads\/2018\/11\/34Si.png\" alt=\"\" width=\"382\" height=\"593\" srcset=\"https:\/\/www.ganil-spiral2.eu\/wp-content\/uploads\/2018\/11\/34Si.png 583w, https:\/\/www.ganil-spiral2.eu\/wp-content\/uploads\/2018\/11\/34Si-193x300.png 193w\" sizes=\"(max-width: 382px) 100vw, 382px\" \/><\/p>\n<p><em>Profils de la densit\u00e9 en protons calcul\u00e9s pour le silicium-34 (en haut) et pour le souffre-36 (en bas). Le premier pr\u00e9sente une diminution de la densit\u00e9 de pr\u00e8s de 40 % au centre, comme si une bulle s&rsquo;y \u00e9tait form\u00e9e, alors que pour le second et tous les autres noyaux connus, la densit\u00e9 est maximale au centre du noyau.<\/em><\/p>\n<p>&nbsp;<\/p>\n<h3>La forme du noyau comme reflet de l\u2019interaction entre ses composants<\/h3>\n<p>Une exp\u00e9rience men\u00e9e au GANIL en 2016 \u00e0 l\u2019aide du multi-d\u00e9tecteur AGATA et du spectrom\u00e8tre VAMOS a mis en \u00e9vidence la forme sph\u00e9rique du krypton-96, remarquable en comparaison de la forme tr\u00e8s allong\u00e9e du rubidium-97, qui compte seulement un proton de plus. Ce changement de forme radical et soudain donne aux physiciens de pr\u00e9cieux indices sur l\u2019organisation et la force de liaison entre les neutrons et protons qui constituent le noyau.<\/p>\n<p>&nbsp;<\/p>\n<p><img loading=\"lazy\" class=\"aligncenter wp-image-914 \" src=\"https:\/\/www.ganil-spiral2.eu\/wp-content\/uploads\/2018\/11\/GANIL-fait-marquant-Kr-96-952x1024.jpeg\" alt=\"\" width=\"576\" height=\"619\" srcset=\"https:\/\/www.ganil-spiral2.eu\/wp-content\/uploads\/2018\/11\/GANIL-fait-marquant-Kr-96-952x1024.jpeg 952w, https:\/\/www.ganil-spiral2.eu\/wp-content\/uploads\/2018\/11\/GANIL-fait-marquant-Kr-96-279x300.jpeg 279w, https:\/\/www.ganil-spiral2.eu\/wp-content\/uploads\/2018\/11\/GANIL-fait-marquant-Kr-96-768x826.jpeg 768w, https:\/\/www.ganil-spiral2.eu\/wp-content\/uploads\/2018\/11\/GANIL-fait-marquant-Kr-96.jpeg 1191w\" sizes=\"(max-width: 576px) 100vw, 576px\" \/><\/p>\n<p>&nbsp;<\/p>\n<p><em>Spectres caract\u00e9ristiques d\u2019\u00e9mission de photons pour l\u2019atome d\u2019Azote (N), la mol\u00e9cule de di-azote (N2) et les noyaux de\u00a0<sup>102<\/sup>Mo,\u00a0<sup>100<\/sup>Zr,\u00a0<sup>98<\/sup>Sr,\u00a0<sup>96<\/sup>Kr. Contrairement \u00e0 l\u2019atome d\u2019azote, le spectre de la mol\u00e9cule de di-azote (N2) dans le domaine des micro-ondes pr\u00e9sente une r\u00e9gularit\u00e9 caract\u00e9ristique d\u2019un mode de rotation de la mol\u00e9cule. Les spectres d\u2019\u00e9mission gamma mesur\u00e9s au GANIL par le multi-d\u00e9tecteur AGATA pour les noyaux de \u00a0<sup>102<\/sup>Mo,\u00a0<sup>100<\/sup>Zr et\u00a0<sup>98<\/sup>Sr pr\u00e9sentent une r\u00e9gularit\u00e9 similaire qui refl\u00e8te une grande d\u00e9formation de ces noyaux. An contraire, l\u2019absence de r\u00e9gularit\u00e9 dans le spectre de\u00a0<sup>96<\/sup>Kr mesur\u00e9e dans cette exp\u00e9rience met \u00e9vidence une transition soudaine de la structure du noyau atomique dans cette r\u00e9gion et sugg\u00e8re que le\u00a0<sup>96<\/sup>Kr a une forme sph\u00e9rique.<\/em><\/p>\n<p>&nbsp;<\/p>\n<h3>Fluorescence X de l\u2019\u00e9l\u00e9ment super-lourd Z=120<\/h3>\n<p>Le rayonnement X de fluorescence entre les deux couches \u00e9lectroniques les plus profondes de l\u2019\u00e9l\u00e9ment de Z = 120 (rayonnement X<sub>K<\/sub>\u00a0d\u2019\u00e9nergie caract\u00e9ristique de l\u2019\u00e9l\u00e9ment) a \u00e9t\u00e9 observ\u00e9 au GANIL en 2012 en co\u00efncidence avec des fragments de fission issus de r\u00e9actions de fusion entre des ions d\u2019uranium-238 et des\u00a0 atomes d\u2019une cible de nickel-64. Ce r\u00e9sultat confirme que le noyau de Z=120, d\u00e9j\u00e0 identifi\u00e9 au GANIL en 2008 gr\u00e2ce \u00e0 une approche exp\u00e9rimentale totalement diff\u00e9rente, r\u00e9siste \u00e0 la fission suffisamment longtemps pour que ses couches \u00e9lectroniques les plus internes soient \u00e0 l\u2019\u00e9quilibre, formant ainsi un atome ionis\u00e9. La possibilit\u00e9 d\u2019appliquer cette technique de fluorescence X jusqu\u2019\u00e0 des noyaux de Z = 128 (un domaine de noyaux inaccessible par les autres approches exp\u00e9rimentales g\u00e9n\u00e9ralement utilis\u00e9es) ouvre la voie \u00e0 la caract\u00e9risation des \u00e9ventuels \u00eelots de stabilit\u00e9 des \u00e9l\u00e9ments super-lourds.<\/p>\n<p>&nbsp;<\/p>\n<h3>L&rsquo;Hydrog\u00e8ne-7, le noyau le plus exotique jamais observ\u00e9<\/h3>\n<p>Pour la premi\u00e8re fois en 2007, une \u00e9quipe de recherche europ\u00e9enne a observ\u00e9 au GANIL des atomes d&rsquo;hydrog\u00e8ne-7. Ce noyau est remarquable par son d\u00e9s\u00e9quilibre extr\u00eame entre nombre de protons (1 seul) et de neutrons (6).Sachant que l&rsquo;\u00e9quilibre entre le nombre de neutrons et de protons a un r\u00f4le essentiel dans la coh\u00e9sion du noyau et son existence m\u00eame, cette d\u00e9couverte est un pas essentiel dans la compr\u00e9hension des forces nucl\u00e9aires en jeu. Avec six fois plus de neutrons que de protons, l&rsquo;Hydrog\u00e8ne-7 reste le noyau le plus exotique jamais observ\u00e9 \u00e0 ce jour !<\/p>\n<p>&nbsp;<\/p>\n<h3>La\u00a0radioactivit\u00e9 2 protons<\/h3>\n<p>Lors d&rsquo;une exp\u00e9rience men\u00e9e au GANIL en 2006, les chercheurs ont d\u00e9couvert une caract\u00e9ristique remarquable\u00a0du noyau exotique de fer-45\u00a0: compos\u00e9 de 26 protons et 19\u00a0neutrons, son fort d\u00e9ficit en neutrons le rend tr\u00e8s instable. Pour se rapprocher de la stabilit\u00e9, ce noyau va donc se d\u00e9barrasser de 2 protons, le transformant ainsi en chrome-43. Ce mode de radioactivit\u00e9 est tr\u00e8s rare : on ne conna\u00eet aujourd&rsquo;hui que 3 noyaux d\u00e9croissant de cette mani\u00e8re.\u00a0En effet, sur les 3 100 noyaux radioactifs connus \u00e0 ce jour, la grande majorit\u00e9 adopte un mode de d\u00e9croissance plus classique : alpha, b\u00eata, b\u00eata, ou encore la fission. La singularit\u00e9 de la radioactivit\u00e9\u00a0 2 protons permet notamment d&rsquo;\u00e9tudier un ph\u00e9nom\u00e8ne purement quantique : le franchissement par les protons de la barri\u00e8re coulombienne et centrifuge qui emp\u00eache normalement les protons de s&rsquo;\u00e9chapper du noyau.<\/p>\n<p>&nbsp;<\/p>\n<div id=\"attachment_915\" style=\"width: 321px\" class=\"wp-caption aligncenter\"><img aria-describedby=\"caption-attachment-915\" loading=\"lazy\" class=\"size-full wp-image-915\" src=\"https:\/\/www.ganil-spiral2.eu\/wp-content\/uploads\/2018\/11\/2p.png\" alt=\"\" width=\"311\" height=\"233\" srcset=\"https:\/\/www.ganil-spiral2.eu\/wp-content\/uploads\/2018\/11\/2p.png 311w, https:\/\/www.ganil-spiral2.eu\/wp-content\/uploads\/2018\/11\/2p-300x225.png 300w\" sizes=\"(max-width: 311px) 100vw, 311px\" \/><p id=\"caption-attachment-915\" class=\"wp-caption-text\">Vue d&rsquo;artiste de l&rsquo;\u00e9mission simultan\u00e9e de deux protons\u00a0par un noyau d&rsquo;atome<\/p><\/div>\n","protected":false},"excerpt":{"rendered":"<p>Le GANIL a produit depuis 1983 une moisson de r\u00e9sultats scientifiques et il a \u00e9t\u00e9 le si\u00e8ge de quelques d\u00e9couvertes marquantes. En voici quelques exemples, repr\u00e9sentatifs\u00a0des principales th\u00e9matiques couvertes par l&rsquo;\u00e9quipe de physiciens du GANIL\u00a0: Le silicium-34 : un \u00ab noyau bulle \u00bb atypique ! Une \u00e9quipe men\u00e9e par des physiciens du GANIL a prouv\u00e9 [&hellip;]<\/p>\n","protected":false},"author":1,"featured_media":0,"parent":534,"menu_order":1,"comment_status":"closed","ping_status":"closed","template":"","meta":{"_locale":"fr_FR","_original_post":"538"},"tags":[],"_links":{"self":[{"href":"https:\/\/www.ganil-spiral2.eu\/wp-json\/wp\/v2\/pages\/538"}],"collection":[{"href":"https:\/\/www.ganil-spiral2.eu\/wp-json\/wp\/v2\/pages"}],"about":[{"href":"https:\/\/www.ganil-spiral2.eu\/wp-json\/wp\/v2\/types\/page"}],"author":[{"embeddable":true,"href":"https:\/\/www.ganil-spiral2.eu\/wp-json\/wp\/v2\/users\/1"}],"replies":[{"embeddable":true,"href":"https:\/\/www.ganil-spiral2.eu\/wp-json\/wp\/v2\/comments?post=538"}],"version-history":[{"count":10,"href":"https:\/\/www.ganil-spiral2.eu\/wp-json\/wp\/v2\/pages\/538\/revisions"}],"predecessor-version":[{"id":1967,"href":"https:\/\/www.ganil-spiral2.eu\/wp-json\/wp\/v2\/pages\/538\/revisions\/1967"}],"up":[{"embeddable":true,"href":"https:\/\/www.ganil-spiral2.eu\/wp-json\/wp\/v2\/pages\/534"}],"wp:attachment":[{"href":"https:\/\/www.ganil-spiral2.eu\/wp-json\/wp\/v2\/media?parent=538"}],"wp:term":[{"taxonomy":"post_tag","embeddable":true,"href":"https:\/\/www.ganil-spiral2.eu\/wp-json\/wp\/v2\/tags?post=538"}],"curies":[{"name":"wp","href":"https:\/\/api.w.org\/{rel}","templated":true}]}}