{"id":5330,"date":"2023-09-13T15:21:00","date_gmt":"2023-09-13T13:21:00","guid":{"rendered":"https:\/\/www.ganil-spiral2.eu\/?page_id=5330"},"modified":"2025-04-28T09:36:46","modified_gmt":"2025-04-28T07:36:46","slug":"transparence-nuclaire","status":"publish","type":"page","link":"https:\/\/www.ganil-spiral2.eu\/fr\/le-ganil\/le-ganil-dans-son-environnement\/transparence-nuclaire\/","title":{"rendered":"Transparence nucl\u00e9aire"},"content":{"rendered":"\n<figure class=\"wp-block-table\"><table><tbody><tr><td>Les principales installations du Ganil (y compris Spiral2) rel\u00e8vent du r\u00e9gime des Installations Nucl\u00e9aires de Base (INB) et sont, \u00e0 ce titre, contr\u00f4l\u00e9 par l\u2019Autorit\u00e9 de S\u00fbret\u00e9 Nucl\u00e9aire (ASN). L\u2019ensemble des mesures, des proc\u00e9dures et des \u00e9quipements li\u00e9s \u00e0 la s\u00fbret\u00e9 nucl\u00e9aire et \u00e0 la radioprotection fait l\u2019objet d\u2019\u00e9tudes et de contr\u00f4les valid\u00e9s par l\u2019ASN pour toutes les phases de vie de l\u2019installation depuis la conception, avant la mise en service de l&rsquo;installation et pendant son exploitation jusqu\u2019\u00e0 son d\u00e9mant\u00e8lement. &nbsp; Le&nbsp;<a href=\"https:\/\/www.ganil-spiral2.eu\/wp-content\/uploads\/2024\/08\/Rapport_annuel_public_2023.pdf\">Bilan annuel de s\u00fbret\u00e9<\/a>&nbsp;de l\u2019INB 113 est un document publi\u00e9 tous les ans par le GANIL conform\u00e9ment \u00e0 l\u2019ordonnance 2012-6 du 05.02.2012 du code de l\u2019environnement (relative \u00e0 la transparence et la s\u00e9curit\u00e9 en mati\u00e8re nucl\u00e9aire). Il est destin\u00e9 au public, aux responsables locaux ainsi qu\u2019aux instances de concertation locales et nationales. Une Commission locale d\u2019information pilot\u00e9e par le D\u00e9partement&nbsp;du Calvados, avec la participation des repr\u00e9sentants des communes environnantes, est en place depuis le 29 d\u00e9cembre 2008. Elle assure une mission g\u00e9n\u00e9rale de suivi, d\u2019information et de concertation aupr\u00e8s du public concernant les activit\u00e9s du Ganil. Visitez le site de la CLI du GANIL :&nbsp;<a href=\"https:\/\/www.calvados.fr\/accueil\/le-departement\/routes-environnement--territoire\/securite-publique\/cli-du-ganil-et-de-spiral-2.html\">https:\/\/www.calvados.fr\/accueil\/le-departement\/routes-environnement&#8211;territoire\/securite-publique\/cli-du-ganil-et-de-spiral-2.html<\/a> Au GANIL, une \u00e9quipe de plus de 20 personnes est&nbsp;en charge de la pr\u00e9vention des risques sur le site. Il est compos\u00e9 de personnes comp\u00e9tentes&nbsp;dans diff\u00e9rents domaines : &nbsp;s\u00fbret\u00e9 nucl\u00e9aire, s\u00e9curit\u00e9 conventionnelle, radioprotection et protection de l\u2019environnement.<\/td><td><\/td><\/tr><\/tbody><\/table><\/figure>\n\n\n\n<div class=\"wp-block-image size-thumbnail wp-image-899\"><figure class=\"aligncenter\"><img loading=\"lazy\" width=\"354\" height=\"200\" src=\"https:\/\/www.ganil-spiral2.eu\/wp-content\/uploads\/2018\/11\/Batiment-INB-GANIL-354x200.jpg\" alt=\"\" class=\"wp-image-899\"\/><figcaption>Une partie des b\u00e2timents dans l&rsquo;INB du GANIL<\/figcaption><\/figure><\/div>\n\n\n\n<p>Les donn\u00e9es de la surveillance de l&rsquo;environnement autour du site du GANIL sont disponibles sur le site du R\u00e9seau National de Mesures de radioactivit\u00e9 de l\u2019environnement : <a href=\"https:\/\/www.mesure-radioactivite.fr\/#\/\">https:\/\/www.mesure-radioactivite.fr\/#\/<\/a><\/p>\n\n\n\n<p>Le GANIL publie d\u00e9sormais ses bilans mensuels de ses rejets radioactifs. A partir du 1er janvier 2023, les bilans des registres mensuels des rejets radioactifs de l&rsquo;INB n\u00b0113 sont disponibles ci-dessous:<\/p>\n\n\n\n<div class=\"wp-block-file\"><a href=\"https:\/\/www.ganil-spiral2.eu\/wp-content\/uploads\/2025\/04\/GANIL-16072-Registre_public_janvier_2025.pdf\">GANIL-16072-Registre_public_janvier_2025<\/a><a href=\"https:\/\/www.ganil-spiral2.eu\/wp-content\/uploads\/2025\/04\/GANIL-16072-Registre_public_janvier_2025.pdf\" class=\"wp-block-file__button\" download>T\u00e9l\u00e9charger<\/a><\/div>\n\n\n\n<div class=\"wp-block-file\"><a href=\"https:\/\/www.ganil-spiral2.eu\/wp-content\/uploads\/2025\/04\/GANIL-16071-Registre_public_decembre_2024.pdf\">GANIL-16071-Registre_public_decembre_2024<\/a><a href=\"https:\/\/www.ganil-spiral2.eu\/wp-content\/uploads\/2025\/04\/GANIL-16071-Registre_public_decembre_2024.pdf\" class=\"wp-block-file__button\" download>T\u00e9l\u00e9charger<\/a><\/div>\n\n\n\n<div class=\"wp-block-file\"><a href=\"https:\/\/www.ganil-spiral2.eu\/wp-content\/uploads\/2025\/04\/GANIL-16070-Registre_public_novembre_2024.pdf\">GANIL-16070-Registre_public_novembre_2024<\/a><a href=\"https:\/\/www.ganil-spiral2.eu\/wp-content\/uploads\/2025\/04\/GANIL-16070-Registre_public_novembre_2024.pdf\" class=\"wp-block-file__button\" download>T\u00e9l\u00e9charger<\/a><\/div>\n\n\n\n<div class=\"wp-block-file\"><a href=\"https:\/\/www.ganil-spiral2.eu\/wp-content\/uploads\/2025\/04\/GANIL-16069-Registre_public_octobre_2024.pdf\">GANIL-16069-Registre_public_octobre_2024<\/a><a href=\"https:\/\/www.ganil-spiral2.eu\/wp-content\/uploads\/2025\/04\/GANIL-16069-Registre_public_octobre_2024.pdf\" class=\"wp-block-file__button\" download>T\u00e9l\u00e9charger<\/a><\/div>\n\n\n\n<div class=\"wp-block-file\"><a href=\"https:\/\/www.ganil-spiral2.eu\/wp-content\/uploads\/2025\/04\/GANIL-16068-Registre_public_septembre_2024.pdf\">GANIL-16068-Registre_public_septembre_2024<\/a><a href=\"https:\/\/www.ganil-spiral2.eu\/wp-content\/uploads\/2025\/04\/GANIL-16068-Registre_public_septembre_2024.pdf\" class=\"wp-block-file__button\" download>T\u00e9l\u00e9charger<\/a><\/div>\n\n\n\n<div class=\"wp-block-file\"><a href=\"https:\/\/www.ganil-spiral2.eu\/wp-content\/uploads\/2025\/04\/GANIL-16067-Registre_public_aout_2024.pdf\">GANIL-16067-Registre_public_aout_2024<\/a><a href=\"https:\/\/www.ganil-spiral2.eu\/wp-content\/uploads\/2025\/04\/GANIL-16067-Registre_public_aout_2024.pdf\" class=\"wp-block-file__button\" download>T\u00e9l\u00e9charger<\/a><\/div>\n\n\n\n<div class=\"wp-block-file\"><a href=\"https:\/\/www.ganil-spiral2.eu\/wp-content\/uploads\/2025\/04\/GANIL-14177-Registre-public-juillet-2024.pdf\">GANIL-14177-Registre-public-juillet-2024<\/a><a href=\"https:\/\/www.ganil-spiral2.eu\/wp-content\/uploads\/2025\/04\/GANIL-14177-Registre-public-juillet-2024.pdf\" class=\"wp-block-file__button\" download>T\u00e9l\u00e9charger<\/a><\/div>\n\n\n\n<div class=\"wp-block-file\"><a href=\"https:\/\/www.ganil-spiral2.eu\/wp-content\/uploads\/2024\/11\/GANIL-14178-Registre-public-juin-2024.pdf\">GANIL-14178-Registre-public-juin-2024<\/a><a href=\"https:\/\/www.ganil-spiral2.eu\/wp-content\/uploads\/2024\/11\/GANIL-14178-Registre-public-juin-2024.pdf\" class=\"wp-block-file__button\" download>T\u00e9l\u00e9charger<\/a><\/div>\n\n\n\n<div class=\"wp-block-file\"><a href=\"https:\/\/www.ganil-spiral2.eu\/wp-content\/uploads\/2024\/11\/GANIL-13805-Registre-public-mai-2024.pdf\">GANIL-13805-Registre-public-mai-2024<\/a><a href=\"https:\/\/www.ganil-spiral2.eu\/wp-content\/uploads\/2024\/11\/GANIL-13805-Registre-public-mai-2024.pdf\" class=\"wp-block-file__button\" download>T\u00e9l\u00e9charger<\/a><\/div>\n\n\n\n<div class=\"wp-block-file\"><a href=\"https:\/\/www.ganil-spiral2.eu\/wp-content\/uploads\/2024\/11\/GANIL-14608-Registre-public-avril-2024.pdf\">GANIL-14608-Registre-public-avril-2024<\/a><a href=\"https:\/\/www.ganil-spiral2.eu\/wp-content\/uploads\/2024\/11\/GANIL-14608-Registre-public-avril-2024.pdf\" class=\"wp-block-file__button\" download>T\u00e9l\u00e9charger<\/a><\/div>\n\n\n\n<div class=\"wp-block-file\"><a href=\"https:\/\/www.ganil-spiral2.eu\/wp-content\/uploads\/2024\/08\/GANIL-14607-Registre-public-mars-2024.pdf\">GANIL-14607-Registre-public-mars-2024<\/a><a href=\"https:\/\/www.ganil-spiral2.eu\/wp-content\/uploads\/2024\/08\/GANIL-14607-Registre-public-mars-2024.pdf\" class=\"wp-block-file__button\" download>T\u00e9l\u00e9charger<\/a><\/div>\n\n\n\n<div class=\"wp-block-file\"><a href=\"https:\/\/www.ganil-spiral2.eu\/wp-content\/uploads\/2024\/08\/GANIL-14606-Registre-public-fevrier-2024.pdf\">GANIL-14606-Registre-public-fevrier-2024<\/a><a href=\"https:\/\/www.ganil-spiral2.eu\/wp-content\/uploads\/2024\/08\/GANIL-14606-Registre-public-fevrier-2024.pdf\" class=\"wp-block-file__button\" download>T\u00e9l\u00e9charger<\/a><\/div>\n\n\n\n<div class=\"wp-block-file\"><a href=\"https:\/\/www.ganil-spiral2.eu\/wp-content\/uploads\/2024\/08\/GANIL-14605-Registre-public-janvier-2024.pdf\">GANIL-14605-Registre-public-janvier-2024<\/a><a href=\"https:\/\/www.ganil-spiral2.eu\/wp-content\/uploads\/2024\/08\/GANIL-14605-Registre-public-janvier-2024.pdf\" class=\"wp-block-file__button\" download>T\u00e9l\u00e9charger<\/a><\/div>\n\n\n\n<div class=\"wp-block-file\"><a href=\"https:\/\/www.ganil-spiral2.eu\/wp-content\/uploads\/2024\/05\/GANIL-12872-Registre-public-decembre-2023-1.pdf\">GANIL-12872-Registre-public-decembre-2023-1<\/a><a href=\"https:\/\/www.ganil-spiral2.eu\/wp-content\/uploads\/2024\/05\/GANIL-12872-Registre-public-decembre-2023-1.pdf\" class=\"wp-block-file__button\" download>T\u00e9l\u00e9charger<\/a><\/div>\n\n\n\n<div class=\"wp-block-file\"><a href=\"https:\/\/www.ganil-spiral2.eu\/wp-content\/uploads\/2024\/05\/GANIL-12871-Registre-public-novembre-2023-1.pdf\">GANIL-12871-Registre-public-novembre-2023-1<\/a><a href=\"https:\/\/www.ganil-spiral2.eu\/wp-content\/uploads\/2024\/05\/GANIL-12871-Registre-public-novembre-2023-1.pdf\" class=\"wp-block-file__button\" download>T\u00e9l\u00e9charger<\/a><\/div>\n\n\n\n<div class=\"wp-block-file\"><a href=\"https:\/\/www.ganil-spiral2.eu\/wp-content\/uploads\/2024\/05\/GANIL-12870-Registre-public-octobre2023-2.pdf\">GANIL-12870-Registre-public-octobre2023-2<\/a><a href=\"https:\/\/www.ganil-spiral2.eu\/wp-content\/uploads\/2024\/05\/GANIL-12870-Registre-public-octobre2023-2.pdf\" class=\"wp-block-file__button\" download>T\u00e9l\u00e9charger<\/a><\/div>\n\n\n\n<div class=\"wp-block-file\"><a href=\"https:\/\/www.ganil-spiral2.eu\/wp-content\/uploads\/2024\/05\/GANIL-12869-Registre-public-septembre-2023-1.pdf\">GANIL-12869-Registre-public-septembre-2023-1<\/a><a href=\"https:\/\/www.ganil-spiral2.eu\/wp-content\/uploads\/2024\/05\/GANIL-12869-Registre-public-septembre-2023-1.pdf\" class=\"wp-block-file__button\" download>T\u00e9l\u00e9charger<\/a><\/div>\n\n\n\n<div class=\"wp-block-file\"><a href=\"https:\/\/www.ganil-spiral2.eu\/wp-content\/uploads\/2024\/05\/GANIL-12868-Registre-public-aout-2023-1.pdf\">GANIL-12868-Registre-public-aout-2023-1<\/a><a href=\"https:\/\/www.ganil-spiral2.eu\/wp-content\/uploads\/2024\/05\/GANIL-12868-Registre-public-aout-2023-1.pdf\" class=\"wp-block-file__button\" download>T\u00e9l\u00e9charger<\/a><\/div>\n\n\n\n<div class=\"wp-block-file\"><a href=\"https:\/\/www.ganil-spiral2.eu\/wp-content\/uploads\/2023\/09\/GANIL-11616-Registre-public-juillet-2023-1.pdf\">GANIL-11616-Registre-public-juillet-2023-1<\/a><a href=\"https:\/\/www.ganil-spiral2.eu\/wp-content\/uploads\/2023\/09\/GANIL-11616-Registre-public-juillet-2023-1.pdf\" class=\"wp-block-file__button\" download>T\u00e9l\u00e9charger<\/a><\/div>\n\n\n\n<div class=\"wp-block-file\"><a href=\"https:\/\/www.ganil-spiral2.eu\/wp-content\/uploads\/2023\/09\/GANIL-11615-Registre-public-juin-2023-1.pdf\">GANIL-11615-Registre-public-juin-2023-1<\/a><a href=\"https:\/\/www.ganil-spiral2.eu\/wp-content\/uploads\/2023\/09\/GANIL-11615-Registre-public-juin-2023-1.pdf\" class=\"wp-block-file__button\" download>T\u00e9l\u00e9charger<\/a><\/div>\n\n\n\n<div class=\"wp-block-file\"><a href=\"https:\/\/www.ganil-spiral2.eu\/wp-content\/uploads\/2023\/09\/GANIL-11614-Registre-public-mai-2023-1.pdf\">GANIL-11614-Registre-public-mai-2023-1<\/a><a href=\"https:\/\/www.ganil-spiral2.eu\/wp-content\/uploads\/2023\/09\/GANIL-11614-Registre-public-mai-2023-1.pdf\" class=\"wp-block-file__button\" download>T\u00e9l\u00e9charger<\/a><\/div>\n\n\n\n<div class=\"wp-block-file\"><a href=\"https:\/\/www.ganil-spiral2.eu\/wp-content\/uploads\/2023\/09\/GANIL-11610-Registre-public-avril-2023-1.pdf\">GANIL-11610-Registre-public-avril-2023-1<\/a><a href=\"https:\/\/www.ganil-spiral2.eu\/wp-content\/uploads\/2023\/09\/GANIL-11610-Registre-public-avril-2023-1.pdf\" class=\"wp-block-file__button\" download>T\u00e9l\u00e9charger<\/a><\/div>\n\n\n\n<div class=\"wp-block-file\"><a href=\"https:\/\/www.ganil-spiral2.eu\/wp-content\/uploads\/2023\/09\/GANIL-11601-Registre-public-mars-2023-1.pdf\">GANIL-11601-Registre-public-mars-2023-1<\/a><a href=\"https:\/\/www.ganil-spiral2.eu\/wp-content\/uploads\/2023\/09\/GANIL-11601-Registre-public-mars-2023-1.pdf\" class=\"wp-block-file__button\" download>T\u00e9l\u00e9charger<\/a><\/div>\n\n\n\n<div class=\"wp-block-file\"><a href=\"https:\/\/www.ganil-spiral2.eu\/wp-content\/uploads\/2023\/09\/GANIL-11599-Registre-public-fevrier-2023-1.pdf\">GANIL-11599-Registre-public-fevrier-2023-1<\/a><a href=\"https:\/\/www.ganil-spiral2.eu\/wp-content\/uploads\/2023\/09\/GANIL-11599-Registre-public-fevrier-2023-1.pdf\" class=\"wp-block-file__button\" download>T\u00e9l\u00e9charger<\/a><\/div>\n\n\n\n<div class=\"wp-block-file\"><a href=\"https:\/\/www.ganil-spiral2.eu\/wp-content\/uploads\/2023\/09\/GANIL-10594_Registre-public-janvier-2023-1.pdf\">GANIL-10594_Registre-public-janvier-2023-1<\/a><a href=\"https:\/\/www.ganil-spiral2.eu\/wp-content\/uploads\/2023\/09\/GANIL-10594_Registre-public-janvier-2023-1.pdf\" class=\"wp-block-file__button\" download>T\u00e9l\u00e9charger<\/a><\/div>\n","protected":false},"excerpt":{"rendered":"<p>Les principales installations du Ganil (y compris Spiral2) rel\u00e8vent du r\u00e9gime des Installations Nucl\u00e9aires de Base (INB) et sont, \u00e0 ce titre, contr\u00f4l\u00e9 par l\u2019Autorit\u00e9 de S\u00fbret\u00e9 Nucl\u00e9aire (ASN). L\u2019ensemble des mesures, des proc\u00e9dures et des \u00e9quipements li\u00e9s \u00e0 la s\u00fbret\u00e9 nucl\u00e9aire et \u00e0 la radioprotection fait l\u2019objet d\u2019\u00e9tudes et de contr\u00f4les valid\u00e9s par l\u2019ASN [&hellip;]<\/p>\n","protected":false},"author":22,"featured_media":0,"parent":530,"menu_order":0,"comment_status":"closed","ping_status":"closed","template":"","meta":{"_locale":"fr_FR","_original_post":"https:\/\/www.ganil-spiral2.eu\/?page_id=5330"},"tags":[],"_links":{"self":[{"href":"https:\/\/www.ganil-spiral2.eu\/wp-json\/wp\/v2\/pages\/5330"}],"collection":[{"href":"https:\/\/www.ganil-spiral2.eu\/wp-json\/wp\/v2\/pages"}],"about":[{"href":"https:\/\/www.ganil-spiral2.eu\/wp-json\/wp\/v2\/types\/page"}],"author":[{"embeddable":true,"href":"https:\/\/www.ganil-spiral2.eu\/wp-json\/wp\/v2\/users\/22"}],"replies":[{"embeddable":true,"href":"https:\/\/www.ganil-spiral2.eu\/wp-json\/wp\/v2\/comments?post=5330"}],"version-history":[{"count":12,"href":"https:\/\/www.ganil-spiral2.eu\/wp-json\/wp\/v2\/pages\/5330\/revisions"}],"predecessor-version":[{"id":6658,"href":"https:\/\/www.ganil-spiral2.eu\/wp-json\/wp\/v2\/pages\/5330\/revisions\/6658"}],"up":[{"embeddable":true,"href":"https:\/\/www.ganil-spiral2.eu\/wp-json\/wp\/v2\/pages\/530"}],"wp:attachment":[{"href":"https:\/\/www.ganil-spiral2.eu\/wp-json\/wp\/v2\/media?parent=5330"}],"wp:term":[{"taxonomy":"post_tag","embeddable":true,"href":"https:\/\/www.ganil-spiral2.eu\/wp-json\/wp\/v2\/tags?post=5330"}],"curies":[{"name":"wp","href":"https:\/\/api.w.org\/{rel}","templated":true}]}}