{"id":5274,"date":"2023-08-10T09:52:53","date_gmt":"2023-08-10T07:52:53","guid":{"rendered":"https:\/\/www.ganil-spiral2.eu\/?page_id=5274"},"modified":"2023-08-10T09:54:06","modified_gmt":"2023-08-10T07:54:06","slug":"dispositifs-de-signalement","status":"publish","type":"page","link":"https:\/\/www.ganil-spiral2.eu\/fr\/le-ganil\/le-ganil-dans-son-environnement\/dispositifs-de-signalement\/","title":{"rendered":"Dispositifs de signalement"},"content":{"rendered":"\n<p><\/p>\n<h2 class=\"wp-block-heading has-vivid-cyan-blue-color has-text-color\">Champ d&rsquo;application<\/h2>\n<p> <\/p>\n<h3 class=\"wp-block-heading\">Signalement de quoi :<\/h3>\n<p> <\/p>\n<ul>\n<li>Un crime ou un d\u00e9lit (par exemple : fraude fiscale, corruption, blanchiment, escroquerie, harc\u00e8lement moral, harc\u00e8lement sexuel, discrimination\u2026)<\/li>\n \n<li>Une menace ou un pr\u00e9judice pour l\u2019int\u00e9r\u00eat g\u00e9n\u00e9ral (comportements potentiellement dangereux pour la population, par exemple)<\/li>\n \n<li>Des irr\u00e9gularit\u00e9s rencontr\u00e9es dans l&rsquo;installation nucl\u00e9aire ou lors d\u2019activit\u00e9s pr\u00e9sentant un risque relatif aux rayonnements ionisants comme le transport de substances radioactives<\/li>\n \n<li>Une violation ou une tentative de dissimulation d\u2019une violation :\n<ul>\n<li>De la loi ou du r\u00e8glement (d\u00e9cret, arr\u00eat\u00e9, circulaire d\u00e9cision, \u2026),<\/li>\n \n<li>D\u2019un engagement international r\u00e9guli\u00e8rement ratifi\u00e9 ou approuv\u00e9 par la France ;<\/li>\n \n<li>D\u2019un acte unilat\u00e9ral d\u2019une organisation internationale pris sur le fondement d\u2019un tel engagement ;<\/li>\n \n<li>Du droit de l\u2019Union europ\u00e9enne, de la loi ou du r\u00e8glement (par exemple : non- respect des r\u00e8gles d\u2019hygi\u00e8ne et de s\u00e9curit\u00e9).<\/li>\n<\/ul>\n<\/li>\n<\/ul>\n<p> <\/p>\n<ul>\n<li>\u00a0<\/li>\n<\/ul>\n<p> <\/p>\n<h3 class=\"wp-block-heading\">Pour qui :<\/h3>\n<p> <\/p>\n<ul>\n<li>Personnel du CEA (quel que soit son statut CDI, CDD, stagiaire, doctorant, post-doctorant, \u2026) ou par un collaborateur ext\u00e9rieur et occasionnel.<\/li>\n \n<li>Tout agent exer\u00e7ant ses fonctions dans une structure du CNRS, ainsi que tout collaborateur ext\u00e9rieur (prestataire) ou collaborateur occasionnel du CNRS<\/li>\n<\/ul>\n<p> <\/p>\n<ul>\n<li>\u00a0<\/li>\n<\/ul>\n<p> <\/p>\n<h2 class=\"wp-block-heading has-vivid-cyan-blue-color has-text-color\">D\u00e9finition d&rsquo;un lanceur d&rsquo;alertes<\/h2>\n<p> <\/p>\n<p>Un lanceur d\u2019alerte est, selon la loi fran\u00e7aise :<\/p>\n<p> <\/p>\n<ul>\n<li>Une personne physique \u2013 ce ne peut donc pas \u00eatre une personne morale, entreprise, association ou syndicat ;\n<ul>\n<li>De bonne foi \u2013 le lanceur d\u2019alertes ne doit pas agir de fa\u00e7on malveillante ou par vengeance, en colportant des informations qu\u2019il sait mensong\u00e8res ou erron\u00e9es ;<\/li>\n \n<li>Ne recevant pas de contrepartie financi\u00e8re directe pour son alerte, c\u2019est-\u00e0-dire que le fait de d\u00e9poser une alerte n\u2019est pas r\u00e9mun\u00e9r\u00e9.<\/li>\n<\/ul>\n<\/li>\n<\/ul>\n<p> <\/p>\n<p>Le lanceur d&rsquo;alertes b\u00e9n\u00e9ficie d&rsquo;une protection et de droits sp\u00e9cifiques : &lt;<a href=\"https:\/\/www.service-public.fr\/particuliers\/vosdroits\/F32031\">https:\/\/www.service-public.fr\/particuliers\/vosdroits\/F32031<\/a>&gt;<\/p>\n<p> <\/p>\n<h2 class=\"wp-block-heading has-vivid-cyan-blue-color has-text-color\">Dispositifs de signalement<\/h2>\n<p> <\/p>\n<p>Plusieurs dispositifs existent :<\/p>\n<p> <\/p>\n<ul>\n<li>Le dispositif CNRS : signalement par voie \u00e9lectronique \u00e0 l&rsquo;adresse mail <a href=\"mailto:lancement.alerte@cnrs.fr\">lancement.alerte@cnrs.fr<\/a><\/li>\n \n<li>Le dispositif CEA permettant l&rsquo;utilisation de plusieurs moyens :\n<ul>\n<li>par mail \u00e0 l&rsquo;adresse signalement@cea.fr en prenant soin de le chiffrer avec ZMail si possible et d&rsquo;indiquer dans l&rsquo;objet la mention \u00ab Personnel et confidentiel \u00bb<\/li>\n \n<li>soit en main propre au R\u00e9f\u00e9rent du dispositif de signalement<\/li>\n \n<li>soit par t\u00e9l\u00e9phone au R\u00e9f\u00e9rent du dispositif de signalement au 01.69.08.45.91<\/li>\n \n<li>par voie postale, en prenant soin de pr\u00e9ciser sur l&rsquo;enveloppe \u00ab\u00a0<strong>\u00c0 N&rsquo;OUVRIR QUE PAR LE DESTINATAIRE<\/strong> \u00ab\u00a0, au :<\/li>\n<\/ul>\n<\/li>\n<\/ul>\n<p> <\/p>\n<p class=\"has-text-align-center\">R\u00e9f\u00e9rent du dispositif de signalement<br \/>B\u00e2timent 206 Point courrier n\u00b061<br \/>CEA Saclay<br \/>91191 Gif\/Yvette Cedex<br \/>en pr\u00e9cisant<\/p>\n<p> <\/p>\n<ul>\n<li>Le dispositif de l&rsquo;Autorit\u00e9 de s\u00fbret\u00e9 Nucl\u00e9aire uniquement pour le signalement des irr\u00e9gularit\u00e9s rencontr\u00e9es dans l&rsquo;installation nucl\u00e9aire ou lors d\u2019activit\u00e9s pr\u00e9sentant un risque relatif aux rayonnements ionisants comme le transport de substances radioactives : par <a href=\"https:\/\/www.asn.fr\/espace-professionnels\/signalement-a-l-asn\/formulaire-electronique-de-signalement\">formulaire \u00e9lectronique de signalement<\/a>\n<ul>\n<li>Dans ce cas, le signalement peut \u00eatre effectu\u00e9 de mani\u00e8re anonyme<\/li>\n<\/ul>\n<\/li>\n<\/ul>\n<p> <\/p>\n<h2 class=\"wp-block-heading has-vivid-cyan-blue-color has-text-color\">Pour en savoir plus<\/h2>\n<p> <\/p>\n<ul>\n<li><a href=\"https:\/\/defenseurdesdroits.fr\/fr\/guides\/guide-du-lanceur-dalerte\">Guide du lanceur d\u2019alerte<\/a> publi\u00e9 par le D\u00e9fenseur des droits<\/li>\n \n<li><a href=\"https:\/\/www.service-public.fr\/particuliers\/vosdroits\/F32031\">Lanceurs d&rsquo;alerte en entreprise<\/a>, sur le site du service public<\/li>\n \n<li><a href=\"https:\/\/www.legifrance.gouv.fr\/affichTexte.do?cidTexte=JORFTEXT000033558528&amp;categorieLien=id\">Chapitre II \u00ab\u00a0De la protection des lanceurs d&rsquo;alerte (Articles 6 \u00e0 16)\u00a0\u00bb de la loi n\u00b0 2016-1691 du 9 d\u00e9cembre 2016<\/a> relative \u00e0 la transparence, \u00e0 la lutte contre la corruption et \u00e0 la modernisation de la vie \u00e9conomique (dite Loi Sapin 2) dans sa version issue de la loi n\u00b0 2022-401 du 21 mars 2022 visant \u00e0 am\u00e9liorer la protection des lanceurs d&rsquo;alerte<\/li>\n \n<li><a href=\"https:\/\/www.legifrance.gouv.fr\/loda\/id\/JORFTEXT000023781167\/2022-09-01\/\">Loi organique n\u00b0 2011-333 du 29 mars 2011<\/a> relative au D\u00e9fenseur des droits (cf. articles 4, 11, 35-1 et le II de l\u2019article 36) dans sa version issue de la loi organique n\u00b0 2022-400 du 21 mars 2022 visant \u00e0 renforcer le r\u00f4le du D\u00e9fenseur des droits en mati\u00e8re de signalement d&rsquo;alerte<\/li>\n \n<li><a href=\"https:\/\/www.legifrance.gouv.fr\/jorf\/id\/JORFTEXT000046357368\">D\u00e9cret n\u00b0 2022-1284<\/a> du 3 octobre 2022 relatif aux proc\u00e9dures de recueil et de traitement des signalements \u00e9mis par les lanceurs d&rsquo;alerte et fixant la liste des autorit\u00e9s externes institu\u00e9es par la loi n\u00b0 2022-401 du 21 mars 2022 visant \u00e0 am\u00e9liorer la protection des lanceurs d&rsquo;alerte<\/li>\n \n<li><a href=\"https:\/\/www.legifrance.gouv.fr\/codes\/article_lc\/LEGIARTI000045391764\/2022-09-01\">Article 122-9<\/a> du code p\u00e9nal.<\/li>\n \n<li>Internet CEA\u00a0: <a href=\"https:\/\/www.cea.fr\/Pages\/engagements\/dispositif-signalement-sapinII.aspx\">https:\/\/www.cea.fr\/Pages\/engagements\/dispositif-signalement-sapinII.aspx<\/a><\/li>\n \n<li>Internet CNRS\u00a0: <a href=\"https:\/\/www.cnrs.fr\/fr\/ethique-deontologie-integrite-scientifique-et-lancement-dalerte\">https:\/\/www.cnrs.fr\/fr\/ethique-deontologie-integrite-scientifique-et-lancement-dalerte<\/a><\/li>\n <\/ul>\n<p><!-- \/wp:list --><\/p>\n<!-- \/wp:tadv\/classic-paragraph -->","protected":false},"excerpt":{"rendered":"","protected":false},"author":20,"featured_media":0,"parent":530,"menu_order":0,"comment_status":"closed","ping_status":"closed","template":"","meta":{"_locale":"fr_FR","_original_post":"https:\/\/www.ganil-spiral2.eu\/?page_id=5274"},"tags":[],"_links":{"self":[{"href":"https:\/\/www.ganil-spiral2.eu\/wp-json\/wp\/v2\/pages\/5274"}],"collection":[{"href":"https:\/\/www.ganil-spiral2.eu\/wp-json\/wp\/v2\/pages"}],"about":[{"href":"https:\/\/www.ganil-spiral2.eu\/wp-json\/wp\/v2\/types\/page"}],"author":[{"embeddable":true,"href":"https:\/\/www.ganil-spiral2.eu\/wp-json\/wp\/v2\/users\/20"}],"replies":[{"embeddable":true,"href":"https:\/\/www.ganil-spiral2.eu\/wp-json\/wp\/v2\/comments?post=5274"}],"version-history":[{"count":3,"href":"https:\/\/www.ganil-spiral2.eu\/wp-json\/wp\/v2\/pages\/5274\/revisions"}],"predecessor-version":[{"id":6475,"href":"https:\/\/www.ganil-spiral2.eu\/wp-json\/wp\/v2\/pages\/5274\/revisions\/6475"}],"up":[{"embeddable":true,"href":"https:\/\/www.ganil-spiral2.eu\/wp-json\/wp\/v2\/pages\/530"}],"wp:attachment":[{"href":"https:\/\/www.ganil-spiral2.eu\/wp-json\/wp\/v2\/media?parent=5274"}],"wp:term":[{"taxonomy":"post_tag","embeddable":true,"href":"https:\/\/www.ganil-spiral2.eu\/wp-json\/wp\/v2\/tags?post=5274"}],"curies":[{"name":"wp","href":"https:\/\/api.w.org\/{rel}","templated":true}]}}