{"id":480,"date":"2018-09-25T14:38:19","date_gmt":"2018-09-25T12:38:19","guid":{"rendered":"https:\/\/www.ganil-spiral2.eu\/?page_id=480"},"modified":"2026-01-12T11:37:07","modified_gmt":"2026-01-12T10:37:07","slug":"organigramme","status":"publish","type":"page","link":"https:\/\/www.ganil-spiral2.eu\/fr\/le-ganil\/organisation\/organigramme\/","title":{"rendered":"Organigramme"},"content":{"rendered":"\n<figure class=\"wp-block-image size-large\"><img loading=\"lazy\" width=\"1024\" height=\"723\" src=\"https:\/\/www.ganil-spiral2.eu\/wp-content\/uploads\/2026\/01\/organigramme-2026-1024x723.png\" alt=\"\" class=\"wp-image-7353\" srcset=\"https:\/\/www.ganil-spiral2.eu\/wp-content\/uploads\/2026\/01\/organigramme-2026-1024x723.png 1024w, https:\/\/www.ganil-spiral2.eu\/wp-content\/uploads\/2026\/01\/organigramme-2026-300x212.png 300w, https:\/\/www.ganil-spiral2.eu\/wp-content\/uploads\/2026\/01\/organigramme-2026-768x542.png 768w, https:\/\/www.ganil-spiral2.eu\/wp-content\/uploads\/2026\/01\/organigramme-2026.png 1168w\" sizes=\"(max-width: 1024px) 100vw, 1024px\" \/><\/figure>\n\n\n<p><\/p>\n<p><strong>Les 280 agents du GANIL travaillent au sein des diff\u00e9rentes divisions en charge du fonctionnement et du d\u00e9veloppement scientifique et technique du laboratoire.<\/strong><\/p>\n<p><\/p>\n<h4>La division Physique<\/h4>\n<p>La division Physique du GANIL conduit les activit\u00e9s de recherche et les d\u00e9veloppements en instrumentation associ\u00e9s du laboratoire. Elle se compose d\u2019environ 60 personnes r\u00e9parties en deux groupes :<br>Le groupe \u00ab Activit\u00e9s de Recherche \u00bb est compos\u00e9 des chercheurs en physique nucl\u00e9aire, (th\u00e9oriciens et exp\u00e9rimentateurs), qui m\u00e8nent leurs programmes de recherche et aident les \u00e9quipes de recherche venues du monde entier pour leurs exp\u00e9riences aupr\u00e8s des installations du GANIL. Les travaux r\u00e9alis\u00e9s par les physiciens du GANIL portent sur 5 th\u00e8mes majeurs : la structure nucl\u00e9aire, la dynamique nucl\u00e9aire, l\u2019astrophysique nucl\u00e9aire, les interactions fondamentales et les applications. L\u2019articulation \u00e9troite entre les diff\u00e9rents th\u00e8mes de recherche conduit les membres du groupe \u00e0 mener de front diff\u00e9rents travaux th\u00e9oriques et \u00e0 r\u00e9aliser des exp\u00e9riences, dans le cadre de collaborations internationales, dont la compl\u00e9mentarit\u00e9 permet de faire progresser notre compr\u00e9hension de l\u2019organisation de la mati\u00e8re \u00e0 l\u2019\u00e9chelle de l\u2019infiniment petit comme de l\u2019infiniment grand. Les physiciens sont aussi engag\u00e9s dans de nombreux d\u00e9veloppement visant \u00e0 am\u00e9liorer les performances des dispositifs exp\u00e9rimentaux tels que les spectrom\u00e8tres et d\u00e9tecteurs.<\/p>\n<p>Le groupe \u00ab DELTA \u00bb (DEtection, Lasers et Techniques d\u2019Acquisition) rassemble des ing\u00e9nieurs et techniciens experts en d\u00e9veloppement et exploitation de syst\u00e8mes de d\u00e9tection et d\u2019acquisition. Les expertises au niveau d\u00e9tection portent en particulier sur le d\u00e9veloppement et l\u2019exploitation de d\u00e9tecteurs gazeux ou solides utilis\u00e9s pour la trajectographie, la mesure d\u2019\u00e9nergie des particules ou sur des d\u00e9tecteurs de nouvelle g\u00e9n\u00e9ration appel\u00e9s \u00ab cibles actives \u00bb. Ils d\u00e9veloppent de nouvelles comp\u00e9tences sur les syst\u00e8mes de d\u00e9tection utilisant les lasers pour r\u00e9aliser des exp\u00e9riences de spectroscopie de haute r\u00e9solution. Les expertises au niveau acquisition portent sur le d\u00e9veloppement et l\u2019exploitation de syst\u00e8mes capables de collecter les signaux issus de multi-d\u00e9tecteurs et sur le traitement en temps r\u00e9el de ces informations.<\/p>\n<p><\/p>\n<div id=\"attachment_891\" style=\"width: 797px\" class=\"wp-caption aligncenter\"><img aria-describedby=\"caption-attachment-891\" loading=\"lazy\" class=\"wp-image-891 size-full\" src=\"https:\/\/www.ganil-spiral2.eu\/wp-content\/uploads\/2018\/11\/STR7839.jpg\" alt=\"\" width=\"787\" height=\"524\" srcset=\"https:\/\/www.ganil-spiral2.eu\/wp-content\/uploads\/2018\/11\/STR7839.jpg 787w, https:\/\/www.ganil-spiral2.eu\/wp-content\/uploads\/2018\/11\/STR7839-300x200.jpg 300w, https:\/\/www.ganil-spiral2.eu\/wp-content\/uploads\/2018\/11\/STR7839-768x511.jpg 768w\" sizes=\"(max-width: 787px) 100vw, 787px\" \/><p id=\"caption-attachment-891\" class=\"wp-caption-text\">Le spectrom\u00e8tre AGATA est utilis\u00e9 au GANIL pour des exp\u00e9riences<br>de physique nucl\u00e9aire<\/p><\/div>\n<h4><strong>La division Op\u00e9ration et D\u00e9veloppements<\/strong><\/h4>\n<p>La mission principale de la division Op\u00e9ration et D\u00e9veloppements consiste \u00e0 exploiter, maintenir et d\u00e9velopper les acc\u00e9l\u00e9rateurs du laboratoire (cyclotrons et LINAC) et les salles d\u2019exp\u00e9riences avec les syst\u00e8mes de d\u00e9tection. Elle est constitu\u00e9e de huit groupes techniques.<\/p>\n<p>Les agents de cette division interviennent tout au long du parcours des faisceaux d\u2019ions, depuis les sources d\u2019ions jusqu\u2019aux cibles de mati\u00e8re utilis\u00e9es. Ils ont en charge la production des ions, leur transport, acc\u00e9l\u00e9ration et s\u00e9paration et leur caract\u00e9risation tout au long de leur parcours.<\/p>\n<p>Une \u00e9quipe se relaye 24h\/24 et 7 jours sur 7 pendant le fonctionnement des acc\u00e9l\u00e9rateurs afin de fournir du faisceau en continu aux exp\u00e9riences.<\/p>\n<p><a href=\"https:\/\/www.ganil-spiral2.eu\/fr\/le-ganil\/la-recherche\/le-fonctionnement-du-ganil\/la-production-des-ions\/\" target=\"_blank\" rel=\"noopener noreferrer\">D\u00e9couvrez le parcours de l\u2019ion au GANIL, depuis les sources jusqu\u2019aux salles d\u2019exp\u00e9riences.<\/a><\/p>\n<p>Indispensables pour le d\u00e9veloppement des \u00e9quipements li\u00e9s au fonctionnement des acc\u00e9l\u00e9rateurs en exploitation et en projet, la division rassemble des experts, ing\u00e9nieurs et techniciens en physique des acc\u00e9l\u00e9rateurs, sources d\u2019ions, commande-contr\u00f4le, hautes fr\u00e9quences, diagnostics, alimentations de puissances, vide, cryog\u00e9nie, \u00e9lectronique, m\u00e9canique, automatismes, g\u00e9om\u00e8tres et autres disciplines techniques. Ils apportent des solutions techniques indispensables pour le d\u00e9veloppement et le bon fonctionnement des \u00e9quipements.<\/p>\n<p>La division est \u00e9galement en charge des \u00e9tudes m\u00e9caniques, de la conception, de la fabrication, et du montage et l\u2019alignement des lignes de transports et d\u2019une partie des instruments utilis\u00e9s pour les exp\u00e9riences de physique.<\/p>\n<p>Cette division a un groupe d\u00e9di\u00e9 \u00e0 l\u2019ordonnancement et \u00e0 la gestion des installations, qui assure la coordination technique des acc\u00e9l\u00e9rateurs, des salles d\u2019exp\u00e9riences et l\u2019accueil technique des exp\u00e9riences en lien avec les autres groupes du GANIL. Il contribue \u00e0 l\u2019\u00e9laboration du planning faisceau et s\u2019assure de la disponibilit\u00e9 des moyens mat\u00e9riels n\u00e9cessaires pour les activit\u00e9s de la division.<\/p>\n<p><\/p>\n<div id=\"attachment_893\" style=\"width: 460px\" class=\"wp-caption aligncenter\"><img aria-describedby=\"caption-attachment-893\" loading=\"lazy\" class=\"wp-image-893 size-full\" src=\"https:\/\/www.ganil-spiral2.eu\/wp-content\/uploads\/2018\/11\/Source-dions-SPIRAL2_StroppaCNRSCEA.jpg\" alt=\"\" width=\"450\" height=\"300\" srcset=\"https:\/\/www.ganil-spiral2.eu\/wp-content\/uploads\/2018\/11\/Source-dions-SPIRAL2_StroppaCNRSCEA.jpg 450w, https:\/\/www.ganil-spiral2.eu\/wp-content\/uploads\/2018\/11\/Source-dions-SPIRAL2_StroppaCNRSCEA-300x200.jpg 300w\" sizes=\"(max-width: 450px) 100vw, 450px\" \/><p id=\"caption-attachment-893\" class=\"wp-caption-text\">Salle de l&rsquo;une des sources d&rsquo;ions de SPIRAL2<\/p><\/div>\n<h4><strong>La division Soutien technique et administration<\/strong><\/h4>\n<p>La division Soutien Technique et Administration regroupe les services supports \u00e0 la recherche, essentiels au fonctionnement du laboratoire. Ils apportent leur expertise administrative dans les domaines des achats, de la gestion financi\u00e8re et comptable, du juridique et des ressources humaines et relations sociales.<\/p>\n<p>La division comprend des groupes techniques qui interviennent de fa\u00e7on transversale avec l\u2019ensemble des autres groupes du laboratoire. Ils ont en charge la gestion et le d\u00e9veloppement de l\u2019outil informatique et l\u2019architecture r\u00e9seau associ\u00e9e, pour r\u00e9pondre aux exigences li\u00e9es aux activit\u00e9s du site. Un groupe est \u00e9galement en charge du suivi et de la r\u00e9alisation de travaux li\u00e9s aux b\u00e2timents et \u00e0 leur maintenance.<\/p>\n<p>La division regroupe \u00e9galement une \u00e9quipe en charge des th\u00e9matiques S\u00fbret\u00e9, Hygi\u00e8ne et S\u00e9curit\u00e9, Radioprotection et Environnement. Elle apporte son expertise sur ces th\u00e9matiques et veille \u00e0 la bonne application de la r\u00e9glementation en vigueur par les travailleurs internes et ext\u00e9rieurs.<\/p>\n<p>Le service de Sant\u00e9 au Travail s\u2019assure du suivi m\u00e9dical des agents du laboratoire et prend en charge la pr\u00e9vention des risques li\u00e9s \u00e0 la sant\u00e9.<\/p>\n<p><\/p>\n<h4><strong>La Cellule Coordination des Programmes<\/strong><\/h4>\n<p>La cellule Coordination des Programmes a en charge la coordination, la planification et l\u2019articulation des programmes et activit\u00e9s du GANIL en lien avec les chefs de projets, les responsables de division et la direction.<\/p>\n<p>La coordination des projets apporte un soutien m\u00e9thodologique aux chefs de projets, r\u00e9alise le suivi et organise les revues de projets n\u00e9cessaires. La cellule assure \u00e9galement le contr\u00f4le de gestion des projets et tient \u00e0 jour un planning directeur g\u00e9n\u00e9ral.<\/p>\n<p>La Cellule dispose d\u2019un planificateur qui organise les interventions sur l\u2019ensemble des installations du laboratoire. Il g\u00e8re ainsi la co-activit\u00e9 et s\u2019assure de la disponibilit\u00e9 des ressources (mat\u00e9rielles et humaines) pour programmer les travaux.<\/p>\n<p><\/p>\n<h4><strong>La Cellule S\u00fbret\u00e9-Qualit\u00e9 <\/strong><\/h4>\n<p>La cellule S\u00fbret\u00e9-Qualit\u00e9 a en charge le suivi des dossiers en lien avec l\u2019Autorit\u00e9 de S\u00fbret\u00e9 Nucl\u00e9aire (ASN), au titre du classement Installation Nucl\u00e9aire de Base (INB) d\u2019une partie du laboratoire. \u00c0 ce titre, elle assure le suivi des demandes de l\u2019ASN et des engagements pris par le GANIL aupr\u00e8s de l\u2019ASN et elle instruit les questions relatives \u00e0 la s\u00fbret\u00e9, la radioprotection et l\u2019environnement.<\/p>\n<p>La composante Qualit\u00e9 de la cellule assure quant \u00e0 elle la mise en place, le d\u00e9ploiement et l\u2019optimisation du r\u00e9f\u00e9rentiel qualit\u00e9 en vigueur au GANIL et coordonne les correspondants Qualit\u00e9, S\u00e9curit\u00e9, Environnement (QSE) des diff\u00e9rentes divisions.<\/p>\n<p><\/p>\n<div id=\"attachment_894\" style=\"width: 390px\" class=\"wp-caption aligncenter\"><img aria-describedby=\"caption-attachment-894\" loading=\"lazy\" class=\"wp-image-894 size-full\" src=\"https:\/\/www.ganil-spiral2.eu\/wp-content\/uploads\/2018\/11\/AGATA_STP_StroppaCNRSCEA.jpg\" alt=\"\" width=\"380\" height=\"571\" srcset=\"https:\/\/www.ganil-spiral2.eu\/wp-content\/uploads\/2018\/11\/AGATA_STP_StroppaCNRSCEA.jpg 380w, https:\/\/www.ganil-spiral2.eu\/wp-content\/uploads\/2018\/11\/AGATA_STP_StroppaCNRSCEA-200x300.jpg 200w\" sizes=\"(max-width: 380px) 100vw, 380px\" \/><p id=\"caption-attachment-894\" class=\"wp-caption-text\">Le spectrom\u00e8tre AGATA<\/p><\/div>\n<h4><strong>La Cellule Innovation, Valorisation, Partenariats, Communication (IVPC)<\/strong><\/h4>\n<p>La Cellule IVPC assiste la direction dans la recherche et la coordination de projets partenariaux en lien avec des laboratoires et institutions locales, nationales et internationales. A ce titre, elle soutient et accompagne les personnels du GANIL dans l\u2019\u00e9laboration et la soumission de leurs projets pour financement et le suivi pluriannuel des accords.<\/p>\n<p>La Cellule IVPC prend en charge l\u2019identification, le d\u00e9veloppement et la coordination de projets avec des industriels. A ce titre, elle identifie les technologies innovantes et les savoir-faire d\u00e9ploy\u00e9s au GANIL et les valorise aupr\u00e8s du monde industriel. Cette mission de valorisation de la recherche rev\u00eat plusieurs aspects : transfert de savoir-faire vers les partenaires industriels (brevets, licences), collaboration de R&amp;D entre les \u00e9quipes du GANIL et les industriels, prestations de services, formations, vente de faisceaux pour des applications industrielles (R&amp;D, tests, qualification).<\/p>\n<p>La Cellule IVPC a en charge la documentation du GANIL, qui rev\u00eat plusieurs missions : mesure de la publim\u00e9trie, p\u00e9rennit\u00e9 des donn\u00e9es du GANIL, archivage et partage des documents, ouverture des donn\u00e9es vers l\u2019Open Access, sauvegarde du patrimoine technique et scientifique\u2026<\/p>\n<p>Enfin, la Cellule IVPC assure la communication interne et externe du laboratoire, aupr\u00e8s de publics vari\u00e9s : partenaires scientifiques et institutionnels, grand public, scolaires\u2026 Elle d\u00e9veloppe de nouveaux outils de m\u00e9diation et de diffusion de la culture scientifique<\/p>","protected":false},"excerpt":{"rendered":"<p>Les 280 agents du GANIL travaillent au sein des diff\u00e9rentes divisions en charge du fonctionnement et du d\u00e9veloppement scientifique et technique du laboratoire. La division Physique La division Physique du GANIL conduit les activit\u00e9s de recherche et les d\u00e9veloppements en instrumentation associ\u00e9s du laboratoire. Elle se compose d\u2019environ 60 personnes r\u00e9parties en deux groupes :Le [&hellip;]<\/p>\n","protected":false},"author":1,"featured_media":0,"parent":466,"menu_order":3,"comment_status":"closed","ping_status":"closed","template":"","meta":{"_locale":"fr_FR","_original_post":"480"},"tags":[],"_links":{"self":[{"href":"https:\/\/www.ganil-spiral2.eu\/wp-json\/wp\/v2\/pages\/480"}],"collection":[{"href":"https:\/\/www.ganil-spiral2.eu\/wp-json\/wp\/v2\/pages"}],"about":[{"href":"https:\/\/www.ganil-spiral2.eu\/wp-json\/wp\/v2\/types\/page"}],"author":[{"embeddable":true,"href":"https:\/\/www.ganil-spiral2.eu\/wp-json\/wp\/v2\/users\/1"}],"replies":[{"embeddable":true,"href":"https:\/\/www.ganil-spiral2.eu\/wp-json\/wp\/v2\/comments?post=480"}],"version-history":[{"count":35,"href":"https:\/\/www.ganil-spiral2.eu\/wp-json\/wp\/v2\/pages\/480\/revisions"}],"predecessor-version":[{"id":7354,"href":"https:\/\/www.ganil-spiral2.eu\/wp-json\/wp\/v2\/pages\/480\/revisions\/7354"}],"up":[{"embeddable":true,"href":"https:\/\/www.ganil-spiral2.eu\/wp-json\/wp\/v2\/pages\/466"}],"wp:attachment":[{"href":"https:\/\/www.ganil-spiral2.eu\/wp-json\/wp\/v2\/media?parent=480"}],"wp:term":[{"taxonomy":"post_tag","embeddable":true,"href":"https:\/\/www.ganil-spiral2.eu\/wp-json\/wp\/v2\/tags?post=480"}],"curies":[{"name":"wp","href":"https:\/\/api.w.org\/{rel}","templated":true}]}}