{"id":4761,"date":"2023-02-07T11:31:20","date_gmt":"2023-02-07T10:31:20","guid":{"rendered":"https:\/\/www.ganil-spiral2.eu\/?page_id=4761"},"modified":"2023-02-07T11:32:10","modified_gmt":"2023-02-07T10:32:10","slug":"videos-du-ganil","status":"publish","type":"page","link":"https:\/\/www.ganil-spiral2.eu\/fr\/le-ganil\/grand-public\/videos-du-ganil\/","title":{"rendered":"Vid\u00e9os du GANIL"},"content":{"rendered":"\n<p>Retrouvez les vid\u00e9os du GANIL : les secrets de la mati\u00e8re, la force du cot\u00e9 obscur, les m\u00e9tiers de la recherche, &#8230;<\/p>\n<p><a href=\"https:\/\/www.dailymotion.com\/ganil-spiral2\" target=\"_blank\" rel=\"noopener\">GANIL-SPIRAL2 TV<\/a><\/p>\n","protected":false},"excerpt":{"rendered":"<p>Retrouvez les vid\u00e9os du GANIL : les secrets de la mati\u00e8re, la force du cot\u00e9 obscur, les m\u00e9tiers de la recherche, &#8230; GANIL-SPIRAL2 TV<\/p>\n","protected":false},"author":19,"featured_media":0,"parent":4752,"menu_order":10,"comment_status":"closed","ping_status":"closed","template":"","meta":{"_locale":"fr_FR","_original_post":"https:\/\/www.ganil-spiral2.eu\/?page_id=4761"},"tags":[],"_links":{"self":[{"href":"https:\/\/www.ganil-spiral2.eu\/wp-json\/wp\/v2\/pages\/4761"}],"collection":[{"href":"https:\/\/www.ganil-spiral2.eu\/wp-json\/wp\/v2\/pages"}],"about":[{"href":"https:\/\/www.ganil-spiral2.eu\/wp-json\/wp\/v2\/types\/page"}],"author":[{"embeddable":true,"href":"https:\/\/www.ganil-spiral2.eu\/wp-json\/wp\/v2\/users\/19"}],"replies":[{"embeddable":true,"href":"https:\/\/www.ganil-spiral2.eu\/wp-json\/wp\/v2\/comments?post=4761"}],"version-history":[{"count":2,"href":"https:\/\/www.ganil-spiral2.eu\/wp-json\/wp\/v2\/pages\/4761\/revisions"}],"predecessor-version":[{"id":4763,"href":"https:\/\/www.ganil-spiral2.eu\/wp-json\/wp\/v2\/pages\/4761\/revisions\/4763"}],"up":[{"embeddable":true,"href":"https:\/\/www.ganil-spiral2.eu\/wp-json\/wp\/v2\/pages\/4752"}],"wp:attachment":[{"href":"https:\/\/www.ganil-spiral2.eu\/wp-json\/wp\/v2\/media?parent=4761"}],"wp:term":[{"taxonomy":"post_tag","embeddable":true,"href":"https:\/\/www.ganil-spiral2.eu\/wp-json\/wp\/v2\/tags?post=4761"}],"curies":[{"name":"wp","href":"https:\/\/api.w.org\/{rel}","templated":true}]}}