{"id":471,"date":"2018-09-25T14:36:22","date_gmt":"2018-09-25T12:36:22","guid":{"rendered":"https:\/\/www.ganil-spiral2.eu\/?page_id=471"},"modified":"2018-09-25T14:36:22","modified_gmt":"2018-09-25T12:36:22","slug":"tutelles","status":"publish","type":"page","link":"https:\/\/www.ganil-spiral2.eu\/fr\/le-ganil\/organisation\/tutelles\/","title":{"rendered":"Tutelles"},"content":{"rendered":"<header class=\"article-header clearfix\">\n<h2 class=\"article-title\">Les organismes de tutelles du GANIL<\/h2>\n<\/header>\n<section class=\"article-content clearfix\">Le GANIL est organis\u00e9 sous la forme d&rsquo;un Groupement d&rsquo;Int\u00e9r\u00eat Economique.\u00a0Le Groupement d\u2019Int\u00e9r\u00eat Economique (GIE) GANIL a \u00e9t\u00e9 cr\u00e9\u00e9 par le\u00a0<a href=\"http:\/\/www.cea.fr\/\" target=\"_blank\" rel=\"noopener noreferrer\">CEA\u00a0<\/a>(<a href=\"http:\/\/www.cea.fr\/drf\/Pages\/Accueil.aspx\" target=\"_blank\" rel=\"noopener noreferrer\">Direction de la recherche fondamentale<\/a>) et le\u00a0<a href=\"http:\/\/www.cnrs.fr\/\" target=\"_blank\" rel=\"noopener noreferrer\">CNRS<\/a>\u00a0(<a href=\"http:\/\/www.in2p3.fr\/\" target=\"_blank\" rel=\"noopener noreferrer\">Institut national de physique nucl\u00e9aire et de physique des particules<\/a>) en 1976 avec pour objectif de construire un complexe d\u2019acc\u00e9l\u00e9rateurs d\u2019ions lourds \u00e0 Caen. Il a \u00e9t\u00e9 \u00e9tabli pour une dur\u00e9e initiale de 30 ans puis prolong\u00e9 jusqu&rsquo;en 2046.<\/p>\n<p>Aujourd\u2019hui, la mission du GIE GANIL est\u00a0 de mettre en commun les savoir-faire et les moyens techniques de ses membres, en vue de leur permettre de concevoir, r\u00e9aliser et r\u00e9ussir des exp\u00e9riences et projets scientifiques en physique nucl\u00e9aire ainsi que dans des domaines pluridisciplinaires ayant recours aux faisceaux d\u2019ions (radioth\u00e9rapie et hadronth\u00e9rapie, physique des mat\u00e9riaux, de l\u2019atome\u2026). La mutualisation des moyens permet \u00e9galement d\u2019assurer l\u2019exploitation des tr\u00e8s grands \u00e9quipements de recherche int\u00e9gr\u00e9s au laboratoire. Les \u00e9tudes sont men\u00e9es en lien avec la communaut\u00e9 nationale, europ\u00e9enne et internationale, notamment gr\u00e2ce \u00e0 l\u2019accueil d\u2019\u00e9quipes de recherche.<\/p>\n<p>L\u2019Assembl\u00e9e des membres du GIE, CEA et CNRS, r\u00e9unie le 14 d\u00e9cembre 2015, s\u2019est prononc\u00e9e pour le prolonger \u00e0 nouveau pour 30 ans, compte tenu notamment du d\u00e9marrage de la nouvelle installation SPIRAL2 attendu en 2016 et de la dur\u00e9e de vie importante de ce type d\u2019\u00e9quipement, totalement int\u00e9gr\u00e9 au laboratoire.<\/p>\n<p>A l\u2019occasion de cette prolongation, un article incluant la notion de \u00ab\u00a0partenaires scientifiques\u00a0\u00bb permet d\u2019associer au GIE de nouveaux organismes nationaux et internationaux.<\/p>\n<\/section>\n","protected":false},"excerpt":{"rendered":"<p>Les organismes de tutelles du GANIL Le GANIL est organis\u00e9 sous la forme d&rsquo;un Groupement d&rsquo;Int\u00e9r\u00eat Economique.\u00a0Le Groupement d\u2019Int\u00e9r\u00eat Economique (GIE) GANIL a \u00e9t\u00e9 cr\u00e9\u00e9 par le\u00a0CEA\u00a0(Direction de la recherche fondamentale) et le\u00a0CNRS\u00a0(Institut national de physique nucl\u00e9aire et de physique des particules) en 1976 avec pour objectif de construire un complexe d\u2019acc\u00e9l\u00e9rateurs d\u2019ions lourds \u00e0 [&hellip;]<\/p>\n","protected":false},"author":1,"featured_media":0,"parent":466,"menu_order":1,"comment_status":"closed","ping_status":"closed","template":"","meta":{"_locale":"fr_FR","_original_post":"471"},"tags":[],"_links":{"self":[{"href":"https:\/\/www.ganil-spiral2.eu\/wp-json\/wp\/v2\/pages\/471"}],"collection":[{"href":"https:\/\/www.ganil-spiral2.eu\/wp-json\/wp\/v2\/pages"}],"about":[{"href":"https:\/\/www.ganil-spiral2.eu\/wp-json\/wp\/v2\/types\/page"}],"author":[{"embeddable":true,"href":"https:\/\/www.ganil-spiral2.eu\/wp-json\/wp\/v2\/users\/1"}],"replies":[{"embeddable":true,"href":"https:\/\/www.ganil-spiral2.eu\/wp-json\/wp\/v2\/comments?post=471"}],"version-history":[{"count":1,"href":"https:\/\/www.ganil-spiral2.eu\/wp-json\/wp\/v2\/pages\/471\/revisions"}],"predecessor-version":[{"id":472,"href":"https:\/\/www.ganil-spiral2.eu\/wp-json\/wp\/v2\/pages\/471\/revisions\/472"}],"up":[{"embeddable":true,"href":"https:\/\/www.ganil-spiral2.eu\/wp-json\/wp\/v2\/pages\/466"}],"wp:attachment":[{"href":"https:\/\/www.ganil-spiral2.eu\/wp-json\/wp\/v2\/media?parent=471"}],"wp:term":[{"taxonomy":"post_tag","embeddable":true,"href":"https:\/\/www.ganil-spiral2.eu\/wp-json\/wp\/v2\/tags?post=471"}],"curies":[{"name":"wp","href":"https:\/\/api.w.org\/{rel}","templated":true}]}}