{"id":3215,"date":"2020-11-02T09:08:04","date_gmt":"2020-11-02T08:08:04","guid":{"rendered":"https:\/\/www.ganil-spiral2.eu\/?page_id=3215"},"modified":"2022-01-05T17:40:52","modified_gmt":"2022-01-05T16:40:52","slug":"explore","status":"publish","type":"page","link":"https:\/\/www.ganil-spiral2.eu\/fr\/explore\/","title":{"rendered":"Xplore le GANIL \u2013 Escape Game"},"content":{"rendered":"\n\n\n<figure class=\"wp-block-table\"><table><tbody><tr><td><img loading=\"lazy\" width=\"1509\" height=\"1709\" class=\"wp-image-3212\" style=\"width: 300px; height:auto; margin-right:15px;\" src=\"https:\/\/www.ganil-spiral2.eu\/wp-content\/uploads\/2020\/11\/Vue_3D_Pochette.jpg\" alt=\"\" srcset=\"https:\/\/www.ganil-spiral2.eu\/wp-content\/uploads\/2020\/11\/Vue_3D_Pochette.jpg 1509w, https:\/\/www.ganil-spiral2.eu\/wp-content\/uploads\/2020\/11\/Vue_3D_Pochette-265x300.jpg 265w, https:\/\/www.ganil-spiral2.eu\/wp-content\/uploads\/2020\/11\/Vue_3D_Pochette-904x1024.jpg 904w, https:\/\/www.ganil-spiral2.eu\/wp-content\/uploads\/2020\/11\/Vue_3D_Pochette-768x870.jpg 768w, https:\/\/www.ganil-spiral2.eu\/wp-content\/uploads\/2020\/11\/Vue_3D_Pochette-1356x1536.jpg 1356w\" sizes=\"(max-width: 1509px) 100vw, 1509px\" \/>                                  <\/td><td>Xplore le GANIL \u2013 Escape Game<br><br>Vous allez pouvoir d\u00e9couvrir l\u2019environnement du GANIL au travers d\u2019un jeu d\u2019escape game. Vous \u00eates un chercheur qui vient r\u00e9aliser son exp\u00e9rience au laboratoire.<br><br>Arriverez-vous \u00e0 la mener \u00e0 bien dans le temps imparti ?<br><br>Jeu de d\u00e9couverte adapt\u00e9e aux familles propos\u00e9 dans le cadre d\u2019op\u00e9rations de communication : portes ouvertes, f\u00eate de la science, salons\u2026.<br><br>A partir de 10 ans.<\/td><\/tr><\/tbody><\/table><\/figure>\n\n\n\n<h2><strong>Vous avez besoin d\u2019aide ?<\/strong><\/h2>\n\n\n\n<p>Lisez l\u2019indice correspondant \u00e0 la carte d\u00e9sir\u00e9e:<a href=\"https:\/\/www.ganil-spiral2.eu\/wp-content\/uploads\/2020\/11\/indices.pdf\" target=\"_blank\" rel=\"noreferrer noopener\"> cliquez ici pour t\u00e9l\u00e9charger le fichier PDF !<\/a><\/p>\n\n\n\n<h2><strong>Vous voulez la solution ?<\/strong><\/h2>\n\n\n\n<p><a href=\"https:\/\/www.ganil-spiral2.eu\/fr\/explore-solution\/\" data-type=\"page\" data-id=\"3225\">Cliquez ici pour acc\u00e9der \u00e0 la page de solution<\/a> prot\u00e9g\u00e9e par mot de passe qu&rsquo;il faudra r\u00e9soudre avec cette question (\u00ab&nbsp; Que signifie le &lsquo;N&rsquo; de &lsquo;GANIL&rsquo;&nbsp;?&nbsp;\u00bb) (En minuscule!)<\/p>\n\n\n\n<h2>Vous n\u2019avez pas le jeu ?<\/h2>\n\n\n\n<p>T\u00e9l\u00e9chargez la version imprimable du jeu ici : <a href=\"https:\/\/www.ganil-spiral2.eu\/wp-content\/uploads\/2022\/01\/cartes-jeu-ganil.pdf\" data-type=\"URL\" data-id=\"https:\/\/www.ganil-spiral2.eu\/wp-content\/uploads\/2022\/01\/cartes-jeu-ganil.pdf\">cliquez ici pour t\u00e9l\u00e9charger le fichier PDF !<\/a>\u2003<\/p>\n","protected":false},"excerpt":{"rendered":"<p>Xplore le GANIL \u2013 Escape Game Vous allez pouvoir d\u00e9couvrir l\u2019environnement du GANIL au travers d\u2019un jeu d\u2019escape game. Vous \u00eates un chercheur qui vient r\u00e9aliser son exp\u00e9rience au laboratoire. Arriverez-vous \u00e0 la mener \u00e0 bien dans le temps imparti ? Jeu de d\u00e9couverte adapt\u00e9e aux familles propos\u00e9 dans le cadre d\u2019op\u00e9rations de communication : [&hellip;]<\/p>\n","protected":false},"author":1,"featured_media":0,"parent":0,"menu_order":0,"comment_status":"closed","ping_status":"closed","template":"","meta":{"_locale":"fr_FR","_original_post":"https:\/\/www.ganil-spiral2.eu\/?page_id=3167"},"tags":[],"_links":{"self":[{"href":"https:\/\/www.ganil-spiral2.eu\/wp-json\/wp\/v2\/pages\/3215"}],"collection":[{"href":"https:\/\/www.ganil-spiral2.eu\/wp-json\/wp\/v2\/pages"}],"about":[{"href":"https:\/\/www.ganil-spiral2.eu\/wp-json\/wp\/v2\/types\/page"}],"author":[{"embeddable":true,"href":"https:\/\/www.ganil-spiral2.eu\/wp-json\/wp\/v2\/users\/1"}],"replies":[{"embeddable":true,"href":"https:\/\/www.ganil-spiral2.eu\/wp-json\/wp\/v2\/comments?post=3215"}],"version-history":[{"count":16,"href":"https:\/\/www.ganil-spiral2.eu\/wp-json\/wp\/v2\/pages\/3215\/revisions"}],"predecessor-version":[{"id":4103,"href":"https:\/\/www.ganil-spiral2.eu\/wp-json\/wp\/v2\/pages\/3215\/revisions\/4103"}],"wp:attachment":[{"href":"https:\/\/www.ganil-spiral2.eu\/wp-json\/wp\/v2\/media?parent=3215"}],"wp:term":[{"taxonomy":"post_tag","embeddable":true,"href":"https:\/\/www.ganil-spiral2.eu\/wp-json\/wp\/v2\/tags?post=3215"}],"curies":[{"name":"wp","href":"https:\/\/api.w.org\/{rel}","templated":true}]}}