{"id":3040,"date":"2020-06-22T09:57:16","date_gmt":"2020-06-22T07:57:16","guid":{"rendered":"https:\/\/www.ganil-spiral2.eu\/?page_id=3040"},"modified":"2023-02-07T10:37:38","modified_gmt":"2023-02-07T09:37:38","slug":"visite-virtuelle","status":"publish","type":"page","link":"https:\/\/www.ganil-spiral2.eu\/fr\/le-ganil\/grand-public\/visite-virtuelle\/","title":{"rendered":"Visite virtuelle"},"content":{"rendered":"<p>Partez \u00e0 la d\u00e9couvertes des installations du GANIL.<\/p>\n<p><a href=\"https:\/\/u.ganil-spiral2.eu\/virtualvisit_fr\/\" target=\"_blank\" rel=\"noopener\">-&gt; Acc\u00e9der \u00e0 la visite virtuelle<\/a><\/p>\n<p><a href=\"https:\/\/u.ganil-spiral2.eu\/virtualvisit_en\/\" target=\"_blank\" rel=\"noopener\">-&gt; Access to virtual visit<\/a><\/p>\n","protected":false},"excerpt":{"rendered":"<p>Partez \u00e0 la d\u00e9couvertes des installations du GANIL. -&gt; Acc\u00e9der \u00e0 la visite virtuelle -&gt; Access to virtual visit<\/p>\n","protected":false},"author":1,"featured_media":0,"parent":4752,"menu_order":1,"comment_status":"closed","ping_status":"closed","template":"","meta":{"_locale":"fr_FR","_original_post":"https:\/\/www.ganil-spiral2.eu\/?page_id=3037"},"tags":[],"_links":{"self":[{"href":"https:\/\/www.ganil-spiral2.eu\/wp-json\/wp\/v2\/pages\/3040"}],"collection":[{"href":"https:\/\/www.ganil-spiral2.eu\/wp-json\/wp\/v2\/pages"}],"about":[{"href":"https:\/\/www.ganil-spiral2.eu\/wp-json\/wp\/v2\/types\/page"}],"author":[{"embeddable":true,"href":"https:\/\/www.ganil-spiral2.eu\/wp-json\/wp\/v2\/users\/1"}],"replies":[{"embeddable":true,"href":"https:\/\/www.ganil-spiral2.eu\/wp-json\/wp\/v2\/comments?post=3040"}],"version-history":[{"count":6,"href":"https:\/\/www.ganil-spiral2.eu\/wp-json\/wp\/v2\/pages\/3040\/revisions"}],"predecessor-version":[{"id":4760,"href":"https:\/\/www.ganil-spiral2.eu\/wp-json\/wp\/v2\/pages\/3040\/revisions\/4760"}],"up":[{"embeddable":true,"href":"https:\/\/www.ganil-spiral2.eu\/wp-json\/wp\/v2\/pages\/4752"}],"wp:attachment":[{"href":"https:\/\/www.ganil-spiral2.eu\/wp-json\/wp\/v2\/media?parent=3040"}],"wp:term":[{"taxonomy":"post_tag","embeddable":true,"href":"https:\/\/www.ganil-spiral2.eu\/wp-json\/wp\/v2\/tags?post=3040"}],"curies":[{"name":"wp","href":"https:\/\/api.w.org\/{rel}","templated":true}]}}