{"id":2549,"date":"2019-06-19T11:59:39","date_gmt":"2019-06-19T09:59:39","guid":{"rendered":"https:\/\/www.ganil-spiral2.eu\/?page_id=2549"},"modified":"2026-01-27T10:42:58","modified_gmt":"2026-01-27T09:42:58","slug":"post-doctorat","status":"publish","type":"page","link":"https:\/\/www.ganil-spiral2.eu\/fr\/emplois\/doctorat-et-post-docs\/post-doctorat\/","title":{"rendered":"Post-doctorat"},"content":{"rendered":"<h2 style=\"text-align: left;\">Offres de post-doctorat au GANIL<\/h2>\n\n\n<div class=\"wp-block-columns\">\n<div class=\"wp-block-column\" style=\"flex-basis:100%\">\n<p><strong>Chercheur postdoctoral en physique nucl\u00e9aire exp\u00e9rimentale : instrumentation et r\u00e9glage de spectrom\u00e8tres H\/F \u00a0<br \/><\/strong>Lien pour postuler: <a href=\"https:\/\/emploi.cnrs.fr\/Offres\/CDD\/UAR3266-VIRLEF-079\/Default.aspx\">https:\/\/emploi.cnrs.fr\/Offres\/CDD\/UAR3266-VIRLEF-079\/Default.aspx<\/a><\/p>\n\n\n\n<p><strong>CDD chercheur pour le projet de chromatographie par r\u00e9sonance laser sur S3 &#8211; H\/F<\/strong><br>Lien pour postuler : <a href=\"https:\/\/emploi.cnrs.fr\/Offres\/CDD\/UAR3266-VIRLEF-078\/Default.aspx\" data-type=\"URL\" data-id=\"https:\/\/emploi.cnrs.fr\/Offres\/CDD\/UAR3266-VIRLEF-078\/Default.aspx\">https:\/\/emploi.cnrs.fr\/Offres\/CDD\/UAR3266-VIRLEF-078\/Default.aspx<\/a><\/p>\n\n\n\n<p><strong>Chercheur postdoctoral<\/strong> <strong>sur les cibles d&rsquo;actinides pour les exp\u00e9riences de physique H\/F<\/strong><br>Lien pour postuler: <a href=\"https:\/\/www.emploi.cea.fr\/offre-de-emploi\/emploi-chercheur-e-post-doctoral-sur-les-cibles-d-actinides-pour-les-experiences-de-physique-h-f_38989.aspx\" data-type=\"URL\" data-id=\"https:\/\/www.emploi.cea.fr\/offre-de-emploi\/emploi-chercheur-e-post-doctoral-sur-les-cibles-d-actinides-pour-les-experiences-de-physique-h-f_38989.aspx\">https:\/\/www.emploi.cea.fr\/offre-de-emploi\/emploi-chercheur-e-post-doctoral-sur-les-cibles-d-actinides-pour-les-experiences-de-physique-h-f_38989.aspx<\/a><\/p>\n\n\n\n<hr class=\"wp-block-separator\"\/>\n\n\n<\/div>\n<\/div>\n\n\n","protected":false},"excerpt":{"rendered":"<p>Offres de post-doctorat au GANIL CDD chercheur pour le projet de chromatographie par r\u00e9sonance laser sur S3 &#8211; H\/FLien pour postuler : https:\/\/emploi.cnrs.fr\/Offres\/CDD\/UAR3266-VIRLEF-078\/Default.aspx Chercheur postdoctoral sur les cibles d&rsquo;actinides pour les exp\u00e9riences de physique H\/FLien pour postuler: https:\/\/www.emploi.cea.fr\/offre-de-emploi\/emploi-chercheur-e-post-doctoral-sur-les-cibles-d-actinides-pour-les-experiences-de-physique-h-f_38989.aspx<\/p>\n","protected":false},"author":11,"featured_media":0,"parent":2551,"menu_order":2,"comment_status":"closed","ping_status":"closed","template":"","meta":{"_locale":"fr_FR","_original_post":"2549"},"tags":[],"_links":{"self":[{"href":"https:\/\/www.ganil-spiral2.eu\/wp-json\/wp\/v2\/pages\/2549"}],"collection":[{"href":"https:\/\/www.ganil-spiral2.eu\/wp-json\/wp\/v2\/pages"}],"about":[{"href":"https:\/\/www.ganil-spiral2.eu\/wp-json\/wp\/v2\/types\/page"}],"author":[{"embeddable":true,"href":"https:\/\/www.ganil-spiral2.eu\/wp-json\/wp\/v2\/users\/11"}],"replies":[{"embeddable":true,"href":"https:\/\/www.ganil-spiral2.eu\/wp-json\/wp\/v2\/comments?post=2549"}],"version-history":[{"count":80,"href":"https:\/\/www.ganil-spiral2.eu\/wp-json\/wp\/v2\/pages\/2549\/revisions"}],"predecessor-version":[{"id":7367,"href":"https:\/\/www.ganil-spiral2.eu\/wp-json\/wp\/v2\/pages\/2549\/revisions\/7367"}],"up":[{"embeddable":true,"href":"https:\/\/www.ganil-spiral2.eu\/wp-json\/wp\/v2\/pages\/2551"}],"wp:attachment":[{"href":"https:\/\/www.ganil-spiral2.eu\/wp-json\/wp\/v2\/media?parent=2549"}],"wp:term":[{"taxonomy":"post_tag","embeddable":true,"href":"https:\/\/www.ganil-spiral2.eu\/wp-json\/wp\/v2\/tags?post=2549"}],"curies":[{"name":"wp","href":"https:\/\/api.w.org\/{rel}","templated":true}]}}