{"id":2112,"date":"2018-12-18T17:28:49","date_gmt":"2018-12-18T16:28:49","guid":{"rendered":"https:\/\/www.ganil-spiral2.eu\/?page_id=2112"},"modified":"2025-10-16T09:43:39","modified_gmt":"2025-10-16T07:43:39","slug":"master-students-day","status":"publish","type":"page","link":"https:\/\/www.ganil-spiral2.eu\/fr\/emplois\/master-students-day\/","title":{"rendered":"Journ\u00e9e des masters"},"content":{"rendered":"<p style=\"text-align: justify\">Pour les \u00e9tudiants en Master recherche, le GANIL organise chaque ann\u00e9e une journ\u00e9e d\u2019accueil, moment important d\u2019\u00e9changes, afin de faire conna\u00eetre nos activit\u00e9s de recherche, les installations GANIL-SPIRAL2 et <a href=\"https:\/\/www.ganil-spiral2.eu\/fr\/emplois\/doctorat-et-post-docs\/doctorat\/\" target=\"_blank\" rel=\"noopener\">les propositions de th\u00e8se<\/a>.<\/p>\n<p style=\"text-align: justify\">Cette rencontre aura lieu <strong>le samedi 15 novembre 2025 de 9h00 \u00e0 16h00<\/strong>.<br>L&rsquo;inscription est obligatoire et une pi\u00e8ce d&rsquo;identit\u00e9 sera exig\u00e9e.<\/p>\n\n\n<h3>Programme<\/h3>\n\n\n\n<figure class=\"wp-block-table is-style-stripes\"><table><tbody><tr><td>9:00<\/td><td>Accueil des \u00e9tudiants<\/td><\/tr><tr><td>9:15<\/td><td>Pr\u00e9sentation du GANIL<\/td><\/tr><tr><td>10:30<\/td><td>Visite des installations<\/td><\/tr><tr><td>12:30<\/td><td>Repas<\/td><\/tr><tr><td>13:45<\/td><td>En parall\u00e8le : <br>&#8211; foire aux th\u00e8ses<br>&#8211; pr\u00e9sentations d&rsquo;activit\u00e9s de recherche au GANIL<\/td><\/tr><tr><td>16:00<\/td><td>Fin de la journ\u00e9e<\/td><\/tr><\/tbody><\/table><\/figure>\n\n\n\n<h3>Inscription<\/h3>\n\n\n\n<p style=\"text-align: justify\">Il est possible d&rsquo;\u00eatre h\u00e9berg\u00e9 gratuitement sur place si besoin.<\/p>\n<p style=\"text-align: justify\"><strong>Pour s\u2019inscrire<\/strong>, il faut envoyer un message \u00e0 David Boilley (boilley_at_ganil.fr), avant mercredi 5 novembre, avec<\/p>\n<ul>\n<li>vos nom et pr\u00e9nom<\/li>\n<li>votre date de naissance et nationalit\u00e9<\/li>\n<li>master et l&rsquo;universit\u00e9 d&rsquo;origine<\/li>\n<li>la demande d&rsquo;h\u00e9bergement \u00e9ventuel<\/li>\n<li>les dates et heures d&rsquo;arriv\u00e9e et de d\u00e9part<\/li>\n<li>les contraintes alimentaires si besoin (un repas v\u00e9g\u00e9tarien sera servi).<\/li>\n<\/ul>\n<p>Une pi\u00e8ce d&rsquo;identit\u00e9 sera demand\u00e9e \u00e0 l&rsquo;entr\u00e9e.<\/p>\n<h3>Acc\u00e8s<\/h3>\n<p>Les informations pour acc\u00e9der au GANIL sont <a href=\"https:\/\/www.ganil-spiral2.eu\/scientists\/running-an-experiment-in-ganil\/preparing-your-stay\/transportation\/\" target=\"_blank\" rel=\"noopener\">ici<\/a>.<\/p>\n","protected":false},"excerpt":{"rendered":"<p>Pour les \u00e9tudiants en Master recherche, le GANIL organise chaque ann\u00e9e une journ\u00e9e d\u2019accueil, moment important d\u2019\u00e9changes, afin de faire conna\u00eetre nos activit\u00e9s de recherche, les installations GANIL-SPIRAL2 et les propositions de th\u00e8se. Cette rencontre aura lieu le samedi 15 novembre 2025 de 9h00 \u00e0 16h00.L&rsquo;inscription est obligatoire et une pi\u00e8ce d&rsquo;identit\u00e9 sera exig\u00e9e. Programme [&hellip;]<\/p>\n","protected":false},"author":10,"featured_media":0,"parent":269,"menu_order":5,"comment_status":"closed","ping_status":"closed","template":"","meta":{"_locale":"fr_FR","_original_post":"2110"},"tags":[],"_links":{"self":[{"href":"https:\/\/www.ganil-spiral2.eu\/wp-json\/wp\/v2\/pages\/2112"}],"collection":[{"href":"https:\/\/www.ganil-spiral2.eu\/wp-json\/wp\/v2\/pages"}],"about":[{"href":"https:\/\/www.ganil-spiral2.eu\/wp-json\/wp\/v2\/types\/page"}],"author":[{"embeddable":true,"href":"https:\/\/www.ganil-spiral2.eu\/wp-json\/wp\/v2\/users\/10"}],"replies":[{"embeddable":true,"href":"https:\/\/www.ganil-spiral2.eu\/wp-json\/wp\/v2\/comments?post=2112"}],"version-history":[{"count":24,"href":"https:\/\/www.ganil-spiral2.eu\/wp-json\/wp\/v2\/pages\/2112\/revisions"}],"predecessor-version":[{"id":7080,"href":"https:\/\/www.ganil-spiral2.eu\/wp-json\/wp\/v2\/pages\/2112\/revisions\/7080"}],"up":[{"embeddable":true,"href":"https:\/\/www.ganil-spiral2.eu\/wp-json\/wp\/v2\/pages\/269"}],"wp:attachment":[{"href":"https:\/\/www.ganil-spiral2.eu\/wp-json\/wp\/v2\/media?parent=2112"}],"wp:term":[{"taxonomy":"post_tag","embeddable":true,"href":"https:\/\/www.ganil-spiral2.eu\/wp-json\/wp\/v2\/tags?post=2112"}],"curies":[{"name":"wp","href":"https:\/\/api.w.org\/{rel}","templated":true}]}}