{"id":2049,"date":"2018-12-14T16:07:38","date_gmt":"2018-12-14T15:07:38","guid":{"rendered":"https:\/\/www.ganil-spiral2.eu\/?page_id=2049"},"modified":"2026-02-27T16:20:20","modified_gmt":"2026-02-27T15:20:20","slug":"entreprises-exterieures","status":"publish","type":"page","link":"https:\/\/www.ganil-spiral2.eu\/fr\/le-ganil\/entreprises-exterieures\/","title":{"rendered":"Entreprises ext\u00e9rieures"},"content":{"rendered":"<p>Vous \u00eates une entreprise ext\u00e9rieure et vous allez intervenir sur le site du GANIL ? Consultez les informations utiles ci-dessous avant votre arriv\u00e9e.<\/p>\n<h4>Appels d&rsquo;offres<\/h4>\n<p>Le GANIL utilise la plateforme \u00ab\u00a0achatpublic\u00a0\u00bb pour publier les proc\u00e9dures formalis\u00e9es et adapt\u00e9es, ainsi que pour d\u00e9mat\u00e9rialiser l&rsquo;ensemble des \u00e9changes avec les entreprises candidates conform\u00e9ment \u00e0 la r\u00e8glementation applicable depuis le 1er octobre 2018.<\/p>\n<p>La plateforme est disponible \u00e0 l&rsquo;adresse : <a href=\"https:\/\/www.achatpublic.com\/\" target=\"_blank\" rel=\"noopener\">https:\/\/www.achatpublic.com\/<\/a><\/p>\n<h4>Formation obligatoire<\/h4>\n<p>Une formation obligatoire avant toute intervention en zone r\u00e9glement\u00e9e sur le site est dispens\u00e9e par le service S\u00e9curit\u00e9 et Radioprotection du laboratoire. Cette formation, valable 3 ans et uniquement pour les interventions sur le site du GANIL, est organis\u00e9e certains mardis matin de l&rsquo;ann\u00e9e selon le <a href=\"https:\/\/www.ganil-spiral2.eu\/wp-content\/uploads\/2026\/02\/Planning-formations-premier-semestre-2026-web-pro.pdf\">planning suivant<\/a>.<br \/>Pour vous inscrire \u00e0 un cr\u00e9neau de formation, envoyez un mail \u00e0 votre contact GANIL ou \u00e0 <a href=\"mailto:permanence-securite@ganil.fr\">permanence-securite@ganil.fr<\/a><\/p>\n<h4>Plan de pr\u00e9vention<\/h4>\n<p>En cas d&rsquo;intervention sup\u00e9rieure \u00e0 400h ou n\u00e9cessitant des travaux dits dangereux (<a href=\"https:\/\/www.legifrance.gouv.fr\/affichTexte.do?cidTexte=LEGITEXT000006081686\" target=\"_blank\" rel=\"noopener noreferrer\">voir arr\u00eat\u00e9 du 19 mars 1993<\/a>), un plan de pr\u00e9vention sera r\u00e9dig\u00e9 avant le d\u00e9but du chantier avec votre contact GANIL et le service Hygi\u00e8ne et S\u00e9curit\u00e9.<\/p>\n<h4>Consignes d&rsquo;intervention en zone publique et en zone r\u00e9glement\u00e9e<\/h4>\n<p>Pour les consignes d&rsquo;intervention en zone publique : consultez ce <a href=\"https:\/\/www.ganil-spiral2.eu\/wp-content\/uploads\/2026\/02\/GANIL_2141_Consigne_EE_Zone_publiqueV2.pdf\">document<\/a><br \/>Pour les consignes d&rsquo;intervention en zone r\u00e9glement\u00e9e : consultez ce <a href=\"https:\/\/www.ganil-spiral2.eu\/wp-content\/uploads\/2022\/01\/GANIL-01976V1-consignes-EE-ZR.pdf\">document<\/a><\/p>\n\n\n\n","protected":false},"excerpt":{"rendered":"<p>Vous \u00eates une entreprise ext\u00e9rieure et vous allez intervenir sur le site du GANIL ? Consultez les informations utiles ci-dessous avant votre arriv\u00e9e. Appels d&rsquo;offres Le GANIL utilise la plateforme \u00ab\u00a0achatpublic\u00a0\u00bb pour publier les proc\u00e9dures formalis\u00e9es et adapt\u00e9es, ainsi que pour d\u00e9mat\u00e9rialiser l&rsquo;ensemble des \u00e9changes avec les entreprises candidates conform\u00e9ment \u00e0 la r\u00e8glementation applicable depuis [&hellip;]<\/p>\n","protected":false},"author":23,"featured_media":0,"parent":18,"menu_order":8,"comment_status":"closed","ping_status":"closed","template":"","meta":{"_locale":"fr_FR","_original_post":"2049"},"tags":[],"_links":{"self":[{"href":"https:\/\/www.ganil-spiral2.eu\/wp-json\/wp\/v2\/pages\/2049"}],"collection":[{"href":"https:\/\/www.ganil-spiral2.eu\/wp-json\/wp\/v2\/pages"}],"about":[{"href":"https:\/\/www.ganil-spiral2.eu\/wp-json\/wp\/v2\/types\/page"}],"author":[{"embeddable":true,"href":"https:\/\/www.ganil-spiral2.eu\/wp-json\/wp\/v2\/users\/23"}],"replies":[{"embeddable":true,"href":"https:\/\/www.ganil-spiral2.eu\/wp-json\/wp\/v2\/comments?post=2049"}],"version-history":[{"count":45,"href":"https:\/\/www.ganil-spiral2.eu\/wp-json\/wp\/v2\/pages\/2049\/revisions"}],"predecessor-version":[{"id":7444,"href":"https:\/\/www.ganil-spiral2.eu\/wp-json\/wp\/v2\/pages\/2049\/revisions\/7444"}],"up":[{"embeddable":true,"href":"https:\/\/www.ganil-spiral2.eu\/wp-json\/wp\/v2\/pages\/18"}],"wp:attachment":[{"href":"https:\/\/www.ganil-spiral2.eu\/wp-json\/wp\/v2\/media?parent=2049"}],"wp:term":[{"taxonomy":"post_tag","embeddable":true,"href":"https:\/\/www.ganil-spiral2.eu\/wp-json\/wp\/v2\/tags?post=2049"}],"curies":[{"name":"wp","href":"https:\/\/api.w.org\/{rel}","templated":true}]}}