{"id":1944,"date":"2018-12-11T13:05:18","date_gmt":"2018-12-11T12:05:18","guid":{"rendered":"https:\/\/www.ganil-spiral2.eu\/?page_id=1944"},"modified":"2019-10-09T14:47:55","modified_gmt":"2019-10-09T12:47:55","slug":"la-phase-1-de-spiral2","status":"publish","type":"page","link":"https:\/\/www.ganil-spiral2.eu\/fr\/le-ganil\/presentation\/le-projet-spiral-2\/la-phase-1-de-spiral2\/","title":{"rendered":"La phase 1 de SPIRAL2"},"content":{"rendered":"<p>La phase 1 du projet SPIRAL2 comprend deux sources d&rsquo;ions, un acc\u00e9l\u00e9rateur lin\u00e9aire et deux salles d&rsquo;exp\u00e9riences.<\/p>\n<h4><\/h4>\n<h4>L&rsquo;acc\u00e9l\u00e9rateur lin\u00e9aire<\/h4>\n<div id=\"attachment_869\" style=\"width: 410px\" class=\"wp-caption alignleft\"><img aria-describedby=\"caption-attachment-869\" loading=\"lazy\" class=\"wp-image-869\" src=\"https:\/\/www.ganil-spiral2.eu\/wp-content\/uploads\/2018\/11\/LINAC-400x200.png\" alt=\"\" width=\"400\" height=\"200\" \/><p id=\"caption-attachment-869\" class=\"wp-caption-text\">Les cryomodules renferment les cavit\u00e9s acc\u00e9l\u00e9ratrices supraconductrices du LINAC de SPIRAL2<\/p><\/div>\n<p>Le LINAC (LINear ACcelerator) de SPIRAL2 est capable d\u2019acc\u00e9l\u00e9rer des particules plus l\u00e9g\u00e8res (protons, deutons, h\u00e9lium) que les cyclotrons du GANIL, permettant de compl\u00e9ter les recherches men\u00e9es jusqu\u2019ici. Il acc\u00e9l\u00e8re \u00e9galement des ions lourds jusqu\u2019au nickel, \u00e0 des intensit\u00e9s 10 fois plus grandes que celles disponibles aujourd\u2019hui.<\/p>\n<p>&nbsp;<\/p>\n<p>\u200b<\/p>\n<h3><\/h3>\n<h4><\/h4>\n<h4>La salle d&rsquo;exp\u00e9riences Neutrons For Science (NFS)<\/h4>\n<div id=\"attachment_874\" style=\"width: 410px\" class=\"wp-caption alignleft\"><img aria-describedby=\"caption-attachment-874\" loading=\"lazy\" class=\"wp-image-874 size-thumbnail\" src=\"https:\/\/www.ganil-spiral2.eu\/wp-content\/uploads\/2018\/11\/GANIL-Salle-NFS-400x200.jpg\" alt=\"\" width=\"400\" height=\"200\" \/><p id=\"caption-attachment-874\" class=\"wp-caption-text\">Salle du convertisseur de la salle d&rsquo;exp\u00e9riences NFS<\/p><\/div>\n<p>Les protons et les deutons (particules compos\u00e9es d\u2019un proton et un neutron) acc\u00e9l\u00e9r\u00e9s par le LINAC de SPIRAL2 peuvent \u00eatre utilis\u00e9s pour g\u00e9n\u00e9rer des flux de neutrons extr\u00eamement intenses, uniques au monde. Ces faisceaux de neutrons sont exploit\u00e9s dans la salle NFS pour des exp\u00e9riences de physique nucl\u00e9aire et des recherches appliqu\u00e9es (\u00e9nergie, \u00e9lectronique\u2026).<\/p>\n<h3><\/h3>\n<h3><\/h3>\n<h3><\/h3>\n<h4><\/h4>\n<h4>La salle d&rsquo;exp\u00e9riences S<sup>3<\/sup>\u00a0(Super S\u00e9parateur Spectrom\u00e8tre)<\/h4>\n<div id=\"attachment_878\" style=\"width: 410px\" class=\"wp-caption alignleft\"><img aria-describedby=\"caption-attachment-878\" loading=\"lazy\" class=\"wp-image-878 size-thumbnail\" src=\"https:\/\/www.ganil-spiral2.eu\/wp-content\/uploads\/2018\/11\/GANIL-Salle-S3-400x200.png\" alt=\"\" width=\"400\" height=\"200\" \/><p id=\"caption-attachment-878\" class=\"wp-caption-text\">La salle S3 \u00e9quip\u00e9e de sa ligne de faisceau et des spectrom\u00e8tres associ\u00e9s<\/p><\/div>\n<p>Les exp\u00e9riences men\u00e9es dans S<sup>3<\/sup>\u00a0permettront de tester les limites d&rsquo;existence du noyau en cr\u00e9ant des isotopes tr\u00e8s lourds, n&rsquo;existant pas naturellement sur Terre, et d&rsquo;\u00e9tudier les propri\u00e9t\u00e9s de noyaux\u00a0lourds pr\u00e9sentant un fort d\u00e9s\u00e9quilibre entre leur nombre de protons et de neutrons.<\/p>\n<p>Ces noyaux tr\u00e8s exotiques seront produits par fusion des noyaux des ions acc\u00e9l\u00e9r\u00e9s par le LINAC \u00a0avec ceux d\u2019une cible de mati\u00e8re. Les tr\u00e8s nombreux produits de r\u00e9action seront tri\u00e9s en fonction de leur charge \u00e9lectrique, de leur vitesse et de leur masse par le super-s\u00e9parateur-spectrom\u00e8tre qui permettra \u00e9galement de les identifier.<\/p>\n<p>Le projet FISIC men\u00e9 aupr\u00e8s de S<sup>3<\/sup>\u00a0vise quant \u00e0 lui \u00e0 \u00e9tudier la collision entre deux faisceaux d\u2019ions\u00a0: le premier d\u00e9livr\u00e9 par le LINAC, et le second g\u00e9n\u00e9r\u00e9 par une source d\u2019ions tr\u00e8s intense.<\/p>\n","protected":false},"excerpt":{"rendered":"<p>La phase 1 du projet SPIRAL2 comprend deux sources d&rsquo;ions, un acc\u00e9l\u00e9rateur lin\u00e9aire et deux salles d&rsquo;exp\u00e9riences. L&rsquo;acc\u00e9l\u00e9rateur lin\u00e9aire Le LINAC (LINear ACcelerator) de SPIRAL2 est capable d\u2019acc\u00e9l\u00e9rer des particules plus l\u00e9g\u00e8res (protons, deutons, h\u00e9lium) que les cyclotrons du GANIL, permettant de compl\u00e9ter les recherches men\u00e9es jusqu\u2019ici. Il acc\u00e9l\u00e8re \u00e9galement des ions lourds jusqu\u2019au nickel, [&hellip;]<\/p>\n","protected":false},"author":1,"featured_media":0,"parent":451,"menu_order":1,"comment_status":"closed","ping_status":"closed","template":"","meta":{"_locale":"fr_FR","_original_post":"1944"},"tags":[],"_links":{"self":[{"href":"https:\/\/www.ganil-spiral2.eu\/wp-json\/wp\/v2\/pages\/1944"}],"collection":[{"href":"https:\/\/www.ganil-spiral2.eu\/wp-json\/wp\/v2\/pages"}],"about":[{"href":"https:\/\/www.ganil-spiral2.eu\/wp-json\/wp\/v2\/types\/page"}],"author":[{"embeddable":true,"href":"https:\/\/www.ganil-spiral2.eu\/wp-json\/wp\/v2\/users\/1"}],"replies":[{"embeddable":true,"href":"https:\/\/www.ganil-spiral2.eu\/wp-json\/wp\/v2\/comments?post=1944"}],"version-history":[{"count":9,"href":"https:\/\/www.ganil-spiral2.eu\/wp-json\/wp\/v2\/pages\/1944\/revisions"}],"predecessor-version":[{"id":2753,"href":"https:\/\/www.ganil-spiral2.eu\/wp-json\/wp\/v2\/pages\/1944\/revisions\/2753"}],"up":[{"embeddable":true,"href":"https:\/\/www.ganil-spiral2.eu\/wp-json\/wp\/v2\/pages\/451"}],"wp:attachment":[{"href":"https:\/\/www.ganil-spiral2.eu\/wp-json\/wp\/v2\/media?parent=1944"}],"wp:term":[{"taxonomy":"post_tag","embeddable":true,"href":"https:\/\/www.ganil-spiral2.eu\/wp-json\/wp\/v2\/tags?post=1944"}],"curies":[{"name":"wp","href":"https:\/\/api.w.org\/{rel}","templated":true}]}}