{"id":1934,"date":"2018-12-11T11:18:55","date_gmt":"2018-12-11T10:18:55","guid":{"rendered":"https:\/\/www.ganil-spiral2.eu\/?page_id=1934"},"modified":"2018-12-11T13:12:49","modified_gmt":"2018-12-11T12:12:49","slug":"les-phases-de-dev","status":"publish","type":"page","link":"https:\/\/www.ganil-spiral2.eu\/fr\/le-ganil\/presentation\/le-projet-spiral-2\/les-phases-de-dev\/","title":{"rendered":"Les phases de d\u00e9veloppement de SPIRAL2"},"content":{"rendered":"<p>Le\u00a0projet SPIRAL2 pr\u00e9voit des phases de d\u00e9veloppement qui permettront d\u2019accro\u00eetre encore la comp\u00e9titivit\u00e9 du GANIL sur la sc\u00e8ne internationale de la recherche en physique nucl\u00e9aire.<\/p>\n<h4>La phase 1+ : la salle d&rsquo;exp\u00e9riences DESIR<\/h4>\n<p>La salle d&rsquo;exp\u00e9riences DESIR (D\u00e9sint\u00e9gration, Excitation et Stockage d&rsquo;Ions Radioactifs) permettra d\u2019exploiter les faisceaux d&rsquo;ions radioactifs de tr\u00e8s basse \u00e9nergie issus de l&rsquo;installation S<sup>3<\/sup>de SPIRAL2, de l&rsquo;installation SPIRAL1 du GANIL ou du b\u00e2timent de production (phase 2 du projet SPIRAL2).<\/p>\n<p>Les \u00e9tudes men\u00e9es aupr\u00e8s de DESIR porteront sur les propri\u00e9t\u00e9s fondamentales des noyaux (masse, forme, modes de d\u00e9croissance, structure). Les recherches porteront \u00e9galement sur la physique de l&rsquo;interaction faible responsable de la radioactivit\u00e9 b\u00eata.<\/p>\n<h4>La phase 1++ : un nouvel injecteur pour les ions les plus lourds<\/h4>\n<p>La phase 1++ consiste \u00e0 mettre en service une nouvelle source d&rsquo;ions (A\/Q=7) en amont de l&rsquo;acc\u00e9l\u00e9rateur lin\u00e9aire de SPIRAL2. Elle permettra d\u2019augmenter significativement l&rsquo;intensit\u00e9 des faisceaux d\u2019ions les plus lourds acc\u00e9l\u00e9r\u00e9s aujourd\u2019hui, de mani\u00e8re \u00e0 accro\u00eetre le potentiel scientifique des installations S3 et DESIR.<\/p>\n<p><img loading=\"lazy\" class=\"aligncenter wp-image-882 size-full\" src=\"https:\/\/www.ganil-spiral2.eu\/wp-content\/uploads\/2018\/11\/ImageSPIRAL2phasesult_plaquette2017.png\" alt=\"\" width=\"737\" height=\"771\" srcset=\"https:\/\/www.ganil-spiral2.eu\/wp-content\/uploads\/2018\/11\/ImageSPIRAL2phasesult_plaquette2017.png 737w, https:\/\/www.ganil-spiral2.eu\/wp-content\/uploads\/2018\/11\/ImageSPIRAL2phasesult_plaquette2017-287x300.png 287w\" sizes=\"(max-width: 737px) 100vw, 737px\" \/><\/p>\n<h4>La phase 2 : vers la production de faisceaux d&rsquo;ions exotiques parmi les plus intenses au monde<\/h4>\n<p>L\u2019objectif final de SPIRAL2, la phase 2, permettra au moyen d\u2019un b\u00e2timent de production d\u00e9di\u00e9 de produire des faisceaux d\u2019ions exotiques parmi les plus intenses au monde. Ils seront transport\u00e9s dans la salle d\u2019exp\u00e9riences de basse \u00e9nergie DESIR ou post-acc\u00e9l\u00e9r\u00e9s par le Cyclotron pour Ions de Moyenne Energie (CIME) du GANIL avant d\u2019\u00eatre exploit\u00e9s dans les salles d\u2019exp\u00e9riences. Les chercheurs pourront ainsi b\u00e9n\u00e9ficier de toute l\u2019infrastructure existante, avec ses ensembles de d\u00e9tection, d\u2019acquisition et de traitement des donn\u00e9es.<\/p>\n<p>Parall\u00e8lement, une nouvelle g\u00e9n\u00e9ration de d\u00e9tecteurs plus performants est en cours de construction dans le cadre de plusieurs collaborations europ\u00e9ennes. La combinaison de ces nouveaux outils de production et d\u2019\u00e9tude permettra \u00e0 une vaste communaut\u00e9 de chercheurs de sonder les propri\u00e9t\u00e9s de noyaux atomiques tr\u00e8s diff\u00e9rents des noyaux stables dont est constitu\u00e9 notre environnement.<\/p>\n","protected":false},"excerpt":{"rendered":"<p>Le\u00a0projet SPIRAL2 pr\u00e9voit des phases de d\u00e9veloppement qui permettront d\u2019accro\u00eetre encore la comp\u00e9titivit\u00e9 du GANIL sur la sc\u00e8ne internationale de la recherche en physique nucl\u00e9aire. La phase 1+ : la salle d&rsquo;exp\u00e9riences DESIR La salle d&rsquo;exp\u00e9riences DESIR (D\u00e9sint\u00e9gration, Excitation et Stockage d&rsquo;Ions Radioactifs) permettra d\u2019exploiter les faisceaux d&rsquo;ions radioactifs de tr\u00e8s basse \u00e9nergie issus de [&hellip;]<\/p>\n","protected":false},"author":1,"featured_media":0,"parent":451,"menu_order":2,"comment_status":"closed","ping_status":"closed","template":"","meta":{"_locale":"fr_FR","_original_post":"1934"},"tags":[],"_links":{"self":[{"href":"https:\/\/www.ganil-spiral2.eu\/wp-json\/wp\/v2\/pages\/1934"}],"collection":[{"href":"https:\/\/www.ganil-spiral2.eu\/wp-json\/wp\/v2\/pages"}],"about":[{"href":"https:\/\/www.ganil-spiral2.eu\/wp-json\/wp\/v2\/types\/page"}],"author":[{"embeddable":true,"href":"https:\/\/www.ganil-spiral2.eu\/wp-json\/wp\/v2\/users\/1"}],"replies":[{"embeddable":true,"href":"https:\/\/www.ganil-spiral2.eu\/wp-json\/wp\/v2\/comments?post=1934"}],"version-history":[{"count":3,"href":"https:\/\/www.ganil-spiral2.eu\/wp-json\/wp\/v2\/pages\/1934\/revisions"}],"predecessor-version":[{"id":1952,"href":"https:\/\/www.ganil-spiral2.eu\/wp-json\/wp\/v2\/pages\/1934\/revisions\/1952"}],"up":[{"embeddable":true,"href":"https:\/\/www.ganil-spiral2.eu\/wp-json\/wp\/v2\/pages\/451"}],"wp:attachment":[{"href":"https:\/\/www.ganil-spiral2.eu\/wp-json\/wp\/v2\/media?parent=1934"}],"wp:term":[{"taxonomy":"post_tag","embeddable":true,"href":"https:\/\/www.ganil-spiral2.eu\/wp-json\/wp\/v2\/tags?post=1934"}],"curies":[{"name":"wp","href":"https:\/\/api.w.org\/{rel}","templated":true}]}}