{"id":1676,"date":"2018-12-10T15:48:22","date_gmt":"2018-12-10T14:48:22","guid":{"rendered":"https:\/\/www.ganil-spiral2.eu\/?page_id=1676"},"modified":"2025-11-03T11:24:57","modified_gmt":"2025-11-03T10:24:57","slug":"direction","status":"publish","type":"page","link":"https:\/\/www.ganil-spiral2.eu\/fr\/le-ganil\/organisation\/direction\/","title":{"rendered":"Direction"},"content":{"rendered":"<header class=\"article-header clearfix\">\n<h4 class=\"article-title\">Herv\u00e9 Savajols est le directeur du GANIL \u00e0 compter du 01\/11\/2025.<\/h4>\n<\/header>\n<section class=\"article-content clearfix\">Le GANIL dispose d&rsquo;un statut particulier, sous forme d&rsquo;un Groupement d&rsquo;Int\u00e9r\u00eat Economique (GIE) d\u00e9tenu \u00e0 parts \u00e9gales par le CEA (Commissariat \u00e0 l&rsquo;Energie Atomique) et le CNRS (Centre National de la Recherche Scientifique). Ce statut, unique dans le monde de la recherche, fut choisi en 1976 afin de faciliter la construction de l&rsquo;\u00e9quipement et sa gestion ult\u00e9rieure. La Direction du GANIL change tous les 5 ans. Elle est alternativement prise par le CEA et le CNRS, se partageant les postes de Directeur du GANIL et de Directeur Adjoint.<\/section>\n","protected":false},"excerpt":{"rendered":"<p>Herv\u00e9 Savajols est le directeur du GANIL \u00e0 compter du 01\/11\/2025. Le GANIL dispose d&rsquo;un statut particulier, sous forme d&rsquo;un Groupement d&rsquo;Int\u00e9r\u00eat Economique (GIE) d\u00e9tenu \u00e0 parts \u00e9gales par le CEA (Commissariat \u00e0 l&rsquo;Energie Atomique) et le CNRS (Centre National de la Recherche Scientifique). Ce statut, unique dans le monde de la recherche, fut choisi [&hellip;]<\/p>\n","protected":false},"author":23,"featured_media":0,"parent":466,"menu_order":1,"comment_status":"closed","ping_status":"closed","template":"","meta":{"_locale":"fr_FR","_original_post":"1676"},"tags":[],"_links":{"self":[{"href":"https:\/\/www.ganil-spiral2.eu\/wp-json\/wp\/v2\/pages\/1676"}],"collection":[{"href":"https:\/\/www.ganil-spiral2.eu\/wp-json\/wp\/v2\/pages"}],"about":[{"href":"https:\/\/www.ganil-spiral2.eu\/wp-json\/wp\/v2\/types\/page"}],"author":[{"embeddable":true,"href":"https:\/\/www.ganil-spiral2.eu\/wp-json\/wp\/v2\/users\/23"}],"replies":[{"embeddable":true,"href":"https:\/\/www.ganil-spiral2.eu\/wp-json\/wp\/v2\/comments?post=1676"}],"version-history":[{"count":4,"href":"https:\/\/www.ganil-spiral2.eu\/wp-json\/wp\/v2\/pages\/1676\/revisions"}],"predecessor-version":[{"id":7153,"href":"https:\/\/www.ganil-spiral2.eu\/wp-json\/wp\/v2\/pages\/1676\/revisions\/7153"}],"up":[{"embeddable":true,"href":"https:\/\/www.ganil-spiral2.eu\/wp-json\/wp\/v2\/pages\/466"}],"wp:attachment":[{"href":"https:\/\/www.ganil-spiral2.eu\/wp-json\/wp\/v2\/media?parent=1676"}],"wp:term":[{"taxonomy":"post_tag","embeddable":true,"href":"https:\/\/www.ganil-spiral2.eu\/wp-json\/wp\/v2\/tags?post=1676"}],"curies":[{"name":"wp","href":"https:\/\/api.w.org\/{rel}","templated":true}]}}