{"id":1451,"date":"2018-12-10T11:09:57","date_gmt":"2018-12-10T10:09:57","guid":{"rendered":"https:\/\/www.ganil-spiral2.eu\/?page_id=1451"},"modified":"2025-11-25T10:45:27","modified_gmt":"2025-11-25T09:45:27","slug":"master-2-internships-research","status":"publish","type":"page","link":"https:\/\/www.ganil-spiral2.eu\/fr\/emplois\/stages\/master-2-internships-research\/","title":{"rendered":"Stages Master 2 (recherche) pour 2026"},"content":{"rendered":"<p><strong data-rich-text-format-boundary=\"true\">\u2022 Study of the reaction mechanisms for the synthesis of super-heavy nuclei<br \/>\n<\/strong><a href=\"https:\/\/www.ganil-spiral2.eu\/wp-content\/uploads\/2025\/10\/SHEDyn-Master2026e.pdf\" target=\"_blank\" rel=\"noopener\">Internship in theoretical nuclear physics<\/a><\/p>\n<p><strong>\u2022 R\u00e9glage &amp; \u00e9talonnage de l\u2019ensemble du spectrom\u00e8tre FALSTAFF<br \/>\n<\/strong><a href=\"https:\/\/www.ganil-spiral2.eu\/wp-content\/uploads\/2025\/10\/FALSTAFF-Master2026f.pdf\" target=\"_blank\" rel=\"noopener\">Stage en physique nucl\u00e9aire exp\u00e9rimentale<\/a><\/p>\n<p><strong>\u2022 Conceptual Design of a Target Ion Source System for the Development of the 39Ca+ Beam for the MORA Experiment<br \/>\n<\/strong><a href=\"https:\/\/www.ganil-spiral2.eu\/wp-content\/uploads\/2025\/10\/ACCLAIM-MORA-Master2026e.pdf\" target=\"_blank\" rel=\"noopener\">Internship in experimental nuclear physics<\/a><\/p>\n<p><strong>\u2022 New Judicious Experiments for Dark sectors Investigations iThemba LABS Experiment Analysis<\/strong><br \/>\n<a href=\"https:\/\/www.ganil-spiral2.eu\/wp-content\/uploads\/2025\/10\/NewJEDI_iThembaLABS-Master2026e.pdf\" target=\"_blank\" rel=\"noopener\">Internship in experimental nuclear astrophysics<\/a><strong><br \/>\n<\/strong><\/p>\n<p><strong>\u2022 <span style=\"font-size: inherit\">New Judicious Experiments for Dark sectors Investigations <\/span><\/strong><span style=\"font-size: inherit\"><strong>ANDROMEDE Experiment Analysis<\/strong><br \/>\n<a href=\"https:\/\/www.ganil-spiral2.eu\/wp-content\/uploads\/2025\/10\/NewJEDI_ANDROMEDE-Master2026e.pdf\" target=\"_blank\" rel=\"noopener\">Internship in experimental nuclear astrophysics<\/a><br \/>\n<\/span><\/p>\n<p><strong>\u2022 Smart isotope identification with causal state observers at the SPIRAL1 GANIL facility<br data-rich-text-line-break=\"true\" \/><\/strong><a href=\"https:\/\/www.ganil-spiral2.eu\/wp-content\/uploads\/2025\/10\/AI-SPIRAL1-Master2026e.pdf\" target=\"_blank\" rel=\"noopener\">Internship in data science for accelerator physics<\/a><\/p>\n<p>\u2022 <strong>Explainable state observers and interpretable classification of faults in RF superconducting cavities<br \/>\n<\/strong><a href=\"https:\/\/www.ganil-spiral2.eu\/wp-content\/uploads\/2025\/10\/AI-SPIRAL2-Master2026e.pdf\" target=\"_blank\" rel=\"noopener\">Internship in data science for accelerator physics<\/a><strong><br \/>\n<\/strong><\/p>\n<p>\u2022 <strong>R\u00e9glage &amp; Analyse et formalisation d\u2019un nouveau mod\u00e8le de simulation des diagnostics BPM de SPIRAL2<\/strong><br \/>\n<a href=\"https:\/\/www.ganil-spiral2.eu\/wp-content\/uploads\/2025\/11\/BPM-Master2026f.pdf\" target=\"_blank\" rel=\"noopener\">Stage en physique des acc\u00e9l\u00e9rateurs<\/a><\/p>\n","protected":false},"excerpt":{"rendered":"<p>\u2022 Study of the reaction mechanisms for the synthesis of super-heavy nuclei Internship in theoretical nuclear physics \u2022 R\u00e9glage &amp; \u00e9talonnage de l\u2019ensemble du spectrom\u00e8tre FALSTAFF Stage en physique nucl\u00e9aire exp\u00e9rimentale \u2022 Conceptual Design of a Target Ion Source System for the Development of the 39Ca+ Beam for the MORA Experiment Internship in experimental nuclear [&hellip;]<\/p>\n","protected":false},"author":10,"featured_media":0,"parent":654,"menu_order":1,"comment_status":"closed","ping_status":"closed","template":"","meta":{"_locale":"fr_FR","_original_post":"1328"},"tags":[],"_links":{"self":[{"href":"https:\/\/www.ganil-spiral2.eu\/wp-json\/wp\/v2\/pages\/1451"}],"collection":[{"href":"https:\/\/www.ganil-spiral2.eu\/wp-json\/wp\/v2\/pages"}],"about":[{"href":"https:\/\/www.ganil-spiral2.eu\/wp-json\/wp\/v2\/types\/page"}],"author":[{"embeddable":true,"href":"https:\/\/www.ganil-spiral2.eu\/wp-json\/wp\/v2\/users\/10"}],"replies":[{"embeddable":true,"href":"https:\/\/www.ganil-spiral2.eu\/wp-json\/wp\/v2\/comments?post=1451"}],"version-history":[{"count":51,"href":"https:\/\/www.ganil-spiral2.eu\/wp-json\/wp\/v2\/pages\/1451\/revisions"}],"predecessor-version":[{"id":7191,"href":"https:\/\/www.ganil-spiral2.eu\/wp-json\/wp\/v2\/pages\/1451\/revisions\/7191"}],"up":[{"embeddable":true,"href":"https:\/\/www.ganil-spiral2.eu\/wp-json\/wp\/v2\/pages\/654"}],"wp:attachment":[{"href":"https:\/\/www.ganil-spiral2.eu\/wp-json\/wp\/v2\/media?parent=1451"}],"wp:term":[{"taxonomy":"post_tag","embeddable":true,"href":"https:\/\/www.ganil-spiral2.eu\/wp-json\/wp\/v2\/tags?post=1451"}],"curies":[{"name":"wp","href":"https:\/\/api.w.org\/{rel}","templated":true}]}}